{"id":176,"date":"2016-07-27T10:06:27","date_gmt":"2016-07-27T14:06:27","guid":{"rendered":"http:\/\/groupeproexpo.com\/cjaec\/?page_id=176"},"modified":"2022-02-11T11:34:13","modified_gmt":"2022-02-11T16:34:13","slug":"nous-joindre","status":"publish","type":"page","link":"https:\/\/groupeproexpo.com\/cjaec\/nous-joindre\/","title":{"rendered":"Nous joindre"},"content":{"rendered":"<h4 class=\"mh-widget-title mh-footer-widget-title\"><img loading=\"lazy\" decoding=\"async\" class=\"alignnone size-medium wp-image-32\" src=\"http:\/\/groupeproexpo.com\/cjaec\/wp-content\/uploads\/sites\/2\/2016\/07\/logo_cjaec-300x74.jpg\" alt=\"logo_cjaec\" width=\"300\" height=\"74\" srcset=\"https:\/\/groupeproexpo.com\/cjaec\/wp-content\/uploads\/sites\/2\/2016\/07\/logo_cjaec-300x74.jpg 300w, https:\/\/groupeproexpo.com\/cjaec\/wp-content\/uploads\/sites\/2\/2016\/07\/logo_cjaec.jpg 460w\" sizes=\"auto, (max-width: 300px) 100vw, 300px\" \/><\/h4>\n<div class=\"textwidget\">\n<p>121, rue Ferr\u00e9e<br \/>\nBoischatel (Qu\u00e9bec) G0A 1H0<\/p>\n<p>T\u00e9l\u00e9phone : (418) 877-1919<br \/>\nFax : (418) 877-9292<\/p>\n<p><a href=\"mailto:info@groupeproexpo.com\">info@groupeproexpo.com<\/a><\/p>\n<\/div>\n","protected":false},"excerpt":{"rendered":"<div class=\"mh-excerpt\"><p>121, rue Ferr\u00e9e Boischatel (Qu\u00e9bec) G0A 1H0 T\u00e9l\u00e9phone : (418) 877-1919 Fax : (418) 877-9292 info@groupeproexpo.com<\/p>\n<\/div>","protected":false},"author":1,"featured_media":0,"parent":0,"menu_order":0,"comment_status":"closed","ping_status":"closed","template":"template-contact.php","meta":{"ngg_post_thumbnail":0,"footnotes":""},"class_list":["post-176","page","type-page","status-publish","hentry"],"yoast_head":"<!-- This site is optimized with the Yoast SEO plugin v24.4 - https:\/\/yoast.com\/wordpress\/plugins\/seo\/ -->\n<title>Nous joindre - Concours des jeunes agriculteurs d&#039;\u00e9lite du Canada<\/title>\n<meta name=\"robots\" content=\"index, follow, max-snippet:-1, max-image-preview:large, max-video-preview:-1\" \/>\n<link rel=\"canonical\" href=\"https:\/\/groupeproexpo.com\/cjaec\/nous-joindre\/\" \/>\n<meta property=\"og:locale\" content=\"fr_FR\" \/>\n<meta property=\"og:type\" content=\"article\" \/>\n<meta property=\"og:title\" content=\"Nous joindre - Concours des jeunes agriculteurs d&#039;\u00e9lite du Canada\" \/>\n<meta property=\"og:description\" content=\"121, rue Ferr\u00e9e Boischatel (Qu\u00e9bec) G0A 1H0 T\u00e9l\u00e9phone : (418) 877-1919 Fax : (418) 877-9292 info@groupeproexpo.com\" \/>\n<meta property=\"og:url\" content=\"https:\/\/groupeproexpo.com\/cjaec\/nous-joindre\/\" \/>\n<meta property=\"og:site_name\" content=\"Concours des jeunes agriculteurs d&#039;\u00e9lite du Canada\" \/>\n<meta property=\"article:modified_time\" content=\"2022-02-11T16:34:13+00:00\" \/>\n<meta property=\"og:image\" content=\"https:\/\/groupeproexpo.com\/cjaec\/wp-content\/uploads\/sites\/2\/2016\/07\/logo_cjaec.jpg\" \/>\n\t<meta property=\"og:image:width\" content=\"460\" \/>\n\t<meta property=\"og:image:height\" content=\"114\" \/>\n\t<meta property=\"og:image:type\" content=\"image\/jpeg\" \/>\n<meta name=\"twitter:card\" content=\"summary_large_image\" \/>\n<script type=\"application\/ld+json\" class=\"yoast-schema-graph\">{\"@context\":\"https:\/\/schema.org\",\"@graph\":[{\"@type\":\"WebPage\",\"@id\":\"https:\/\/groupeproexpo.com\/cjaec\/nous-joindre\/\",\"url\":\"https:\/\/groupeproexpo.com\/cjaec\/nous-joindre\/\",\"name\":\"Nous joindre - Concours des jeunes agriculteurs d&#039;\u00e9lite du Canada\",\"isPartOf\":{\"@id\":\"https:\/\/groupeproexpo.com\/cjaec\/#website\"},\"primaryImageOfPage\":{\"@id\":\"https:\/\/groupeproexpo.com\/cjaec\/nous-joindre\/#primaryimage\"},\"image\":{\"@id\":\"https:\/\/groupeproexpo.com\/cjaec\/nous-joindre\/#primaryimage\"},\"thumbnailUrl\":\"http:\/\/groupeproexpo.com\/cjaec\/wp-content\/uploads\/sites\/2\/2016\/07\/logo_cjaec-300x74.jpg\",\"datePublished\":\"2016-07-27T14:06:27+00:00\",\"dateModified\":\"2022-02-11T16:34:13+00:00\",\"breadcrumb\":{\"@id\":\"https:\/\/groupeproexpo.com\/cjaec\/nous-joindre\/#breadcrumb\"},\"inLanguage\":\"fr-FR\",\"potentialAction\":[{\"@type\":\"ReadAction\",\"target\":[\"https:\/\/groupeproexpo.com\/cjaec\/nous-joindre\/\"]}]},{\"@type\":\"ImageObject\",\"inLanguage\":\"fr-FR\",\"@id\":\"https:\/\/groupeproexpo.com\/cjaec\/nous-joindre\/#primaryimage\",\"url\":\"http:\/\/groupeproexpo.com\/cjaec\/wp-content\/uploads\/sites\/2\/2016\/07\/logo_cjaec-300x74.jpg\",\"contentUrl\":\"http:\/\/groupeproexpo.com\/cjaec\/wp-content\/uploads\/sites\/2\/2016\/07\/logo_cjaec-300x74.jpg\"},{\"@type\":\"BreadcrumbList\",\"@id\":\"https:\/\/groupeproexpo.com\/cjaec\/nous-joindre\/#breadcrumb\",\"itemListElement\":[{\"@type\":\"ListItem\",\"position\":1,\"name\":\"Accueil\",\"item\":\"https:\/\/groupeproexpo.com\/cjaec\/\"},{\"@type\":\"ListItem\",\"position\":2,\"name\":\"Nous joindre\"}]},{\"@type\":\"WebSite\",\"@id\":\"https:\/\/groupeproexpo.com\/cjaec\/#website\",\"url\":\"https:\/\/groupeproexpo.com\/cjaec\/\",\"name\":\"Concours des jeunes agriculteurs d&#039;\u00e9lite du Canada\",\"description\":\"Section Qu\u00e9bec\",\"potentialAction\":[{\"@type\":\"SearchAction\",\"target\":{\"@type\":\"EntryPoint\",\"urlTemplate\":\"https:\/\/groupeproexpo.com\/cjaec\/?s={search_term_string}\"},\"query-input\":{\"@type\":\"PropertyValueSpecification\",\"valueRequired\":true,\"valueName\":\"search_term_string\"}}],\"inLanguage\":\"fr-FR\"}]}<\/script>\n<!-- \/ Yoast SEO plugin. -->","yoast_head_json":{"title":"Nous joindre - Concours des jeunes agriculteurs d&#039;\u00e9lite du Canada","robots":{"index":"index","follow":"follow","max-snippet":"max-snippet:-1","max-image-preview":"max-image-preview:large","max-video-preview":"max-video-preview:-1"},"canonical":"https:\/\/groupeproexpo.com\/cjaec\/nous-joindre\/","og_locale":"fr_FR","og_type":"article","og_title":"Nous joindre - Concours des jeunes agriculteurs d&#039;\u00e9lite du Canada","og_description":"121, rue Ferr\u00e9e Boischatel (Qu\u00e9bec) G0A 1H0 T\u00e9l\u00e9phone : (418) 877-1919 Fax : (418) 877-9292 info@groupeproexpo.com","og_url":"https:\/\/groupeproexpo.com\/cjaec\/nous-joindre\/","og_site_name":"Concours des jeunes agriculteurs d&#039;\u00e9lite du Canada","article_modified_time":"2022-02-11T16:34:13+00:00","og_image":[{"width":460,"height":114,"url":"https:\/\/groupeproexpo.com\/cjaec\/wp-content\/uploads\/sites\/2\/2016\/07\/logo_cjaec.jpg","type":"image\/jpeg"}],"twitter_card":"summary_large_image","schema":{"@context":"https:\/\/schema.org","@graph":[{"@type":"WebPage","@id":"https:\/\/groupeproexpo.com\/cjaec\/nous-joindre\/","url":"https:\/\/groupeproexpo.com\/cjaec\/nous-joindre\/","name":"Nous joindre - Concours des jeunes agriculteurs d&#039;\u00e9lite du Canada","isPartOf":{"@id":"https:\/\/groupeproexpo.com\/cjaec\/#website"},"primaryImageOfPage":{"@id":"https:\/\/groupeproexpo.com\/cjaec\/nous-joindre\/#primaryimage"},"image":{"@id":"https:\/\/groupeproexpo.com\/cjaec\/nous-joindre\/#primaryimage"},"thumbnailUrl":"http:\/\/groupeproexpo.com\/cjaec\/wp-content\/uploads\/sites\/2\/2016\/07\/logo_cjaec-300x74.jpg","datePublished":"2016-07-27T14:06:27+00:00","dateModified":"2022-02-11T16:34:13+00:00","breadcrumb":{"@id":"https:\/\/groupeproexpo.com\/cjaec\/nous-joindre\/#breadcrumb"},"inLanguage":"fr-FR","potentialAction":[{"@type":"ReadAction","target":["https:\/\/groupeproexpo.com\/cjaec\/nous-joindre\/"]}]},{"@type":"ImageObject","inLanguage":"fr-FR","@id":"https:\/\/groupeproexpo.com\/cjaec\/nous-joindre\/#primaryimage","url":"http:\/\/groupeproexpo.com\/cjaec\/wp-content\/uploads\/sites\/2\/2016\/07\/logo_cjaec-300x74.jpg","contentUrl":"http:\/\/groupeproexpo.com\/cjaec\/wp-content\/uploads\/sites\/2\/2016\/07\/logo_cjaec-300x74.jpg"},{"@type":"BreadcrumbList","@id":"https:\/\/groupeproexpo.com\/cjaec\/nous-joindre\/#breadcrumb","itemListElement":[{"@type":"ListItem","position":1,"name":"Accueil","item":"https:\/\/groupeproexpo.com\/cjaec\/"},{"@type":"ListItem","position":2,"name":"Nous joindre"}]},{"@type":"WebSite","@id":"https:\/\/groupeproexpo.com\/cjaec\/#website","url":"https:\/\/groupeproexpo.com\/cjaec\/","name":"Concours des jeunes agriculteurs d&#039;\u00e9lite du Canada","description":"Section Qu\u00e9bec","potentialAction":[{"@type":"SearchAction","target":{"@type":"EntryPoint","urlTemplate":"https:\/\/groupeproexpo.com\/cjaec\/?s={search_term_string}"},"query-input":{"@type":"PropertyValueSpecification","valueRequired":true,"valueName":"search_term_string"}}],"inLanguage":"fr-FR"}]}},"_links":{"self":[{"href":"https:\/\/groupeproexpo.com\/cjaec\/wp-json\/wp\/v2\/pages\/176","targetHints":{"allow":["GET"]}}],"collection":[{"href":"https:\/\/groupeproexpo.com\/cjaec\/wp-json\/wp\/v2\/pages"}],"about":[{"href":"https:\/\/groupeproexpo.com\/cjaec\/wp-json\/wp\/v2\/types\/page"}],"author":[{"embeddable":true,"href":"https:\/\/groupeproexpo.com\/cjaec\/wp-json\/wp\/v2\/users\/1"}],"replies":[{"embeddable":true,"href":"https:\/\/groupeproexpo.com\/cjaec\/wp-json\/wp\/v2\/comments?post=176"}],"version-history":[{"count":8,"href":"https:\/\/groupeproexpo.com\/cjaec\/wp-json\/wp\/v2\/pages\/176\/revisions"}],"predecessor-version":[{"id":285,"href":"https:\/\/groupeproexpo.com\/cjaec\/wp-json\/wp\/v2\/pages\/176\/revisions\/285"}],"wp:attachment":[{"href":"https:\/\/groupeproexpo.com\/cjaec\/wp-json\/wp\/v2\/media?parent=176"}],"curies":[{"name":"wp","href":"https:\/\/api.w.org\/{rel}","templated":true}]}}