{"id":5,"date":"2016-07-26T17:44:44","date_gmt":"2016-07-26T15:44:44","guid":{"rendered":"http:\/\/groupeproexpo.com\/cjaec\/?page_id=5"},"modified":"2016-07-26T13:38:07","modified_gmt":"2016-07-26T17:38:07","slug":"historique-du-concours","status":"publish","type":"page","link":"https:\/\/groupeproexpo.com\/cjaec\/historique-du-concours\/","title":{"rendered":"Historique du concours"},"content":{"rendered":"<p>Le concours canadien des Jeunes Agriculteurs d&rsquo;\u00c9lite a \u00e9t\u00e9 lanc\u00e9 en 1979 par les Jaycees du Canada dans le but d&rsquo;honorer les jeunes agriculteurs et agricultrices qui obtenaient des r\u00e9sultats remarquables apr\u00e8s la p\u00e9riode d&rsquo;\u00e9tablissement.<\/p>\n<p>Dans chacune des sept r\u00e9gions\/provinces qui composent le Canada, un agriculteur ou une agricultrice qui s&rsquo;est le plus distingu\u00e9(e) dans sa r\u00e9gion\/province est choisi(e) pour la repr\u00e9senter. Chaque ann\u00e9e, les juges choisissent, parmi sept finalistes deux personnes (ou couple) qui sont nomm\u00e9s \u00a0\u00bb Jeune Agriculteur d&rsquo;\u00c9lite du Canada \u00ab\u00a0. Au Qu\u00e9bec, un comit\u00e9 form\u00e9 de Laur\u00e9ats provinciaux est en charge de ce concours.<\/p>\n\n<table id=\"tablepress-1\" class=\"tablepress tablepress-id-1\">\n<thead>\n<tr class=\"row-1\">\n\t<th colspan=\"2\" class=\"column-1\">Pour la structure du concours, le Canada se divise en 7 r\u00e9gion<\/th>\n<\/tr>\n<\/thead>\n<tbody class=\"row-striping\">\n<tr class=\"row-2\">\n\t<td class=\"column-1\">Pacifique<\/td><td class=\"column-2\">la Colombie Britanique et le Yukon<\/td>\n<\/tr>\n<tr class=\"row-3\">\n\t<td class=\"column-1\">Nord-Ouest<\/td><td class=\"column-2\">l'Alberta et les Territoires du Nord-Ouest<\/td>\n<\/tr>\n<tr class=\"row-4\">\n\t<td class=\"column-1\">Prairies<\/td><td class=\"column-2\">la Saskatchewan<\/td>\n<\/tr>\n<tr class=\"row-5\">\n\t<td class=\"column-1\">Centre du Canada<\/td><td class=\"column-2\">le Manitoba<\/td>\n<\/tr>\n<tr class=\"row-6\">\n\t<td class=\"column-1\">Qu\u00e9bec<\/td><td class=\"column-2\">le Qu\u00e9bec<\/td>\n<\/tr>\n<tr class=\"row-7\">\n\t<td class=\"column-1\">Atlantique<\/td><td class=\"column-2\">les Provinces Maritimes<\/td>\n<\/tr>\n<tr class=\"row-8\">\n\t<td class=\"column-1\">Ontario<\/td><td class=\"column-2\">l'Ontario<\/td>\n<\/tr>\n<\/tbody>\n<\/table>\n<!-- #tablepress-1 from cache -->\n","protected":false},"excerpt":{"rendered":"<div class=\"mh-excerpt\"><p>Le concours canadien des Jeunes Agriculteurs d&rsquo;\u00c9lite a \u00e9t\u00e9 lanc\u00e9 en 1979 par les Jaycees du Canada dans le but d&rsquo;honorer les jeunes agriculteurs et agricultrices qui obtenaient des r\u00e9sultats remarquables apr\u00e8s la p\u00e9riode d&rsquo;\u00e9tablissement. <a class=\"mh-excerpt-more\" href=\"https:\/\/groupeproexpo.com\/cjaec\/historique-du-concours\/\" title=\"Historique du concours\">[&#8230;]<\/a><\/p>\n<\/div>","protected":false},"author":1,"featured_media":0,"parent":0,"menu_order":0,"comment_status":"closed","ping_status":"closed","template":"","meta":{"ngg_post_thumbnail":0,"footnotes":""},"class_list":["post-5","page","type-page","status-publish","hentry"],"yoast_head":"<!-- This site is optimized with the Yoast SEO plugin v24.4 - https:\/\/yoast.com\/wordpress\/plugins\/seo\/ -->\n<title>Historique du concours - Concours des jeunes agriculteurs d&#039;\u00e9lite du Canada<\/title>\n<meta name=\"robots\" content=\"index, follow, max-snippet:-1, max-image-preview:large, max-video-preview:-1\" \/>\n<link rel=\"canonical\" href=\"https:\/\/groupeproexpo.com\/cjaec\/historique-du-concours\/\" \/>\n<meta property=\"og:locale\" content=\"fr_FR\" \/>\n<meta property=\"og:type\" content=\"article\" \/>\n<meta property=\"og:title\" content=\"Historique du concours - Concours des jeunes agriculteurs d&#039;\u00e9lite du Canada\" \/>\n<meta property=\"og:description\" content=\"Le concours canadien des Jeunes Agriculteurs d&rsquo;\u00c9lite a \u00e9t\u00e9 lanc\u00e9 en 1979 par les Jaycees du Canada dans le but d&rsquo;honorer les jeunes agriculteurs et agricultrices qui obtenaient des r\u00e9sultats remarquables apr\u00e8s la p\u00e9riode d&rsquo;\u00e9tablissement. [...]\" \/>\n<meta property=\"og:url\" content=\"https:\/\/groupeproexpo.com\/cjaec\/historique-du-concours\/\" \/>\n<meta property=\"og:site_name\" content=\"Concours des jeunes agriculteurs d&#039;\u00e9lite du Canada\" \/>\n<meta property=\"article:modified_time\" content=\"2016-07-26T17:38:07+00:00\" \/>\n<meta name=\"twitter:card\" content=\"summary_large_image\" \/>\n<meta name=\"twitter:label1\" content=\"Dur\u00e9e de lecture estim\u00e9e\" \/>\n\t<meta name=\"twitter:data1\" content=\"1 minute\" \/>\n<script type=\"application\/ld+json\" class=\"yoast-schema-graph\">{\"@context\":\"https:\/\/schema.org\",\"@graph\":[{\"@type\":\"WebPage\",\"@id\":\"https:\/\/groupeproexpo.com\/cjaec\/historique-du-concours\/\",\"url\":\"https:\/\/groupeproexpo.com\/cjaec\/historique-du-concours\/\",\"name\":\"Historique du concours - Concours des jeunes agriculteurs d&#039;\u00e9lite du Canada\",\"isPartOf\":{\"@id\":\"https:\/\/groupeproexpo.com\/cjaec\/#website\"},\"datePublished\":\"2016-07-26T15:44:44+00:00\",\"dateModified\":\"2016-07-26T17:38:07+00:00\",\"breadcrumb\":{\"@id\":\"https:\/\/groupeproexpo.com\/cjaec\/historique-du-concours\/#breadcrumb\"},\"inLanguage\":\"fr-FR\",\"potentialAction\":[{\"@type\":\"ReadAction\",\"target\":[\"https:\/\/groupeproexpo.com\/cjaec\/historique-du-concours\/\"]}]},{\"@type\":\"BreadcrumbList\",\"@id\":\"https:\/\/groupeproexpo.com\/cjaec\/historique-du-concours\/#breadcrumb\",\"itemListElement\":[{\"@type\":\"ListItem\",\"position\":1,\"name\":\"Accueil\",\"item\":\"https:\/\/groupeproexpo.com\/cjaec\/\"},{\"@type\":\"ListItem\",\"position\":2,\"name\":\"Historique du concours\"}]},{\"@type\":\"WebSite\",\"@id\":\"https:\/\/groupeproexpo.com\/cjaec\/#website\",\"url\":\"https:\/\/groupeproexpo.com\/cjaec\/\",\"name\":\"Concours des jeunes agriculteurs d&#039;\u00e9lite du Canada\",\"description\":\"Section Qu\u00e9bec\",\"potentialAction\":[{\"@type\":\"SearchAction\",\"target\":{\"@type\":\"EntryPoint\",\"urlTemplate\":\"https:\/\/groupeproexpo.com\/cjaec\/?s={search_term_string}\"},\"query-input\":{\"@type\":\"PropertyValueSpecification\",\"valueRequired\":true,\"valueName\":\"search_term_string\"}}],\"inLanguage\":\"fr-FR\"}]}<\/script>\n<!-- \/ Yoast SEO plugin. -->","yoast_head_json":{"title":"Historique du concours - Concours des jeunes agriculteurs d&#039;\u00e9lite du Canada","robots":{"index":"index","follow":"follow","max-snippet":"max-snippet:-1","max-image-preview":"max-image-preview:large","max-video-preview":"max-video-preview:-1"},"canonical":"https:\/\/groupeproexpo.com\/cjaec\/historique-du-concours\/","og_locale":"fr_FR","og_type":"article","og_title":"Historique du concours - Concours des jeunes agriculteurs d&#039;\u00e9lite du Canada","og_description":"Le concours canadien des Jeunes Agriculteurs d&rsquo;\u00c9lite a \u00e9t\u00e9 lanc\u00e9 en 1979 par les Jaycees du Canada dans le but d&rsquo;honorer les jeunes agriculteurs et agricultrices qui obtenaient des r\u00e9sultats remarquables apr\u00e8s la p\u00e9riode d&rsquo;\u00e9tablissement. [...]","og_url":"https:\/\/groupeproexpo.com\/cjaec\/historique-du-concours\/","og_site_name":"Concours des jeunes agriculteurs d&#039;\u00e9lite du Canada","article_modified_time":"2016-07-26T17:38:07+00:00","twitter_card":"summary_large_image","twitter_misc":{"Dur\u00e9e de lecture estim\u00e9e":"1 minute"},"schema":{"@context":"https:\/\/schema.org","@graph":[{"@type":"WebPage","@id":"https:\/\/groupeproexpo.com\/cjaec\/historique-du-concours\/","url":"https:\/\/groupeproexpo.com\/cjaec\/historique-du-concours\/","name":"Historique du concours - Concours des jeunes agriculteurs d&#039;\u00e9lite du Canada","isPartOf":{"@id":"https:\/\/groupeproexpo.com\/cjaec\/#website"},"datePublished":"2016-07-26T15:44:44+00:00","dateModified":"2016-07-26T17:38:07+00:00","breadcrumb":{"@id":"https:\/\/groupeproexpo.com\/cjaec\/historique-du-concours\/#breadcrumb"},"inLanguage":"fr-FR","potentialAction":[{"@type":"ReadAction","target":["https:\/\/groupeproexpo.com\/cjaec\/historique-du-concours\/"]}]},{"@type":"BreadcrumbList","@id":"https:\/\/groupeproexpo.com\/cjaec\/historique-du-concours\/#breadcrumb","itemListElement":[{"@type":"ListItem","position":1,"name":"Accueil","item":"https:\/\/groupeproexpo.com\/cjaec\/"},{"@type":"ListItem","position":2,"name":"Historique du concours"}]},{"@type":"WebSite","@id":"https:\/\/groupeproexpo.com\/cjaec\/#website","url":"https:\/\/groupeproexpo.com\/cjaec\/","name":"Concours des jeunes agriculteurs d&#039;\u00e9lite du Canada","description":"Section Qu\u00e9bec","potentialAction":[{"@type":"SearchAction","target":{"@type":"EntryPoint","urlTemplate":"https:\/\/groupeproexpo.com\/cjaec\/?s={search_term_string}"},"query-input":{"@type":"PropertyValueSpecification","valueRequired":true,"valueName":"search_term_string"}}],"inLanguage":"fr-FR"}]}},"_links":{"self":[{"href":"https:\/\/groupeproexpo.com\/cjaec\/wp-json\/wp\/v2\/pages\/5","targetHints":{"allow":["GET"]}}],"collection":[{"href":"https:\/\/groupeproexpo.com\/cjaec\/wp-json\/wp\/v2\/pages"}],"about":[{"href":"https:\/\/groupeproexpo.com\/cjaec\/wp-json\/wp\/v2\/types\/page"}],"author":[{"embeddable":true,"href":"https:\/\/groupeproexpo.com\/cjaec\/wp-json\/wp\/v2\/users\/1"}],"replies":[{"embeddable":true,"href":"https:\/\/groupeproexpo.com\/cjaec\/wp-json\/wp\/v2\/comments?post=5"}],"version-history":[{"count":2,"href":"https:\/\/groupeproexpo.com\/cjaec\/wp-json\/wp\/v2\/pages\/5\/revisions"}],"predecessor-version":[{"id":6,"href":"https:\/\/groupeproexpo.com\/cjaec\/wp-json\/wp\/v2\/pages\/5\/revisions\/6"}],"wp:attachment":[{"href":"https:\/\/groupeproexpo.com\/cjaec\/wp-json\/wp\/v2\/media?parent=5"}],"curies":[{"name":"wp","href":"https:\/\/api.w.org\/{rel}","templated":true}]}}