{"id":7,"date":"2016-07-26T17:46:32","date_gmt":"2016-07-26T15:46:32","guid":{"rendered":"http:\/\/groupeproexpo.com\/cjaec\/?page_id=7"},"modified":"2016-07-26T14:22:07","modified_gmt":"2016-07-26T18:22:07","slug":"buts-du-concours","status":"publish","type":"page","link":"https:\/\/groupeproexpo.com\/cjaec\/buts-du-concours\/","title":{"rendered":"Buts du concours"},"content":{"rendered":"<p>L&rsquo;objectif du concours est de reconna\u00eetre le succ\u00e8s d&rsquo;agriculteurs et d&rsquo;agricultrices dans chacune des r\u00e9gions, pour leurs performances exceptionnelles. Ces producteurs agricoles (de moins de 40 ans) ont su par leur gestion, assurer \u00e0 leur entreprise un d\u00e9part sain, un d\u00e9veloppement progressif et une vitesse de croisi\u00e8re enviable. Leur entreprise est fond\u00e9e sur des bases solides, elle procure un revenu satisfaisant et sa situation financi\u00e8re assure une bonne stabilit\u00e9.<\/p>\n<p>Le concours vise \u00e9galement \u00e0 faire conna\u00eetre les Jeunes Agriculteurs et Agricultrices d&rsquo;\u00c9lite et \u00e0 promouvoir de meilleures relations urbaines-rurales par la compr\u00e9hension de situations v\u00e9cues des agriculteurs et des agricultrices; ainsi que par la reconnaissance de leurs r\u00e9alisations.<\/p>\n<p>Le concours suscite l&rsquo;attention du public sur les jeunes hommes et jeunes femmes qui, gr\u00e2ce \u00e0 leurs propres ressources, sont parvenus au succ\u00e8s et \u00e0 une position dominante dans l&rsquo;industrie agricole.<\/p>\n<p>Un autre but du concours est de faire prendre de plus en plus conscience \u00e0 des agriculteurs et agricultrices de leur importance et de leur incidence sur l&rsquo;\u00e9conomie canadienne. Le concours, dont le point culminant est le choix de deux jeunes agriculteurs ou agricultrices d&rsquo;\u00c9lite, fait conna\u00eetre \u00e0 l&rsquo;\u00e9chelle nationale cette importante interaction entre la ville et la ferme.<\/p>\n<h2>\u00c9tapes du concours<\/h2>\n<p>Le concours des Jeunes Agriculteurs d&rsquo;\u00c9lite du Canada d\u00e9bute chaque ann\u00e9e par la mise en candidature d&rsquo;agriculteurs et d&rsquo;agricultrices \u00e0 l&rsquo;\u00e9chelle provinciale. Tout personne ou organisme peut pr\u00e9senter la candidature d&rsquo;un agriculteur ou d&rsquo;une agricultrice pourvu que celui-ci ou celle-ci remplisse les conditions relatives \u00e0 l&rsquo;\u00e2ge et \u00e0 la proportion de son revenu tir\u00e9 de l&rsquo;exploitation agricole.<\/p>\n<p>Pour pouvoir concourir \u00e0 l&rsquo;\u00e9chelle provinciale, chaque candidat et candidate doit remplir le formulaire d&rsquo;inscription n\u00e9cessaire fournissant tous les renseignements servant \u00e0 l&rsquo;\u00e9volution du candidat et de la candidate. Les juges provinciaux choisissent ensuite un ou une finaliste provinciale dont le nom sera annonc\u00e9 \u00e0 l&rsquo;occasion d&rsquo;une soir\u00e9e Gala organis\u00e9e par l&rsquo;Association des Jeunes Agriculteurs d&rsquo;\u00c9lite du Canada, section Qu\u00e9bec. Le gagnant ou la gagnante provinciale ira repr\u00e9senter le Qu\u00e9bec au niveau national \u00e0 l&rsquo;automne prochain.<\/p>\n<h2>Admissibilit\u00e9<\/h2>\n<p>Pour \u00eatre admissible au concours des Jeunes Agriculteurs d&rsquo;\u00c9lite du Canada, les candidats et candidates doivent remplir les conditions suivantes :<\/p>\n<ul>\n<li>Avoir entre 18 et 39 ans.<\/li>\n<li>\u00catre exploitant agricole et tirer au moins deux tiers de ses revenus de son exploitation agricole.<\/li>\n<\/ul>\n<p><strong>Crit\u00e8re de s\u00e9lection<\/strong><br \/>\nEn vertu du concours des Jeunes Agriculteurs d&rsquo;\u00c9lite du Canada, la d\u00e9cision des juges portera sur les crit\u00e8res suivants :<\/p>\n<ul>\n<li>Le progr\u00e8s accompli dans la carri\u00e8re agricole.<\/li>\n<li>La conservation du sol, de l&rsquo;eau et de l&rsquo;\u00e9nergie.<\/li>\n<li>L&rsquo;historique de la production.<\/li>\n<li>Les apports \u00e0 la communaut\u00e9.<\/li>\n<li>La tenue des registres financiers.<\/li>\n<li>L&rsquo;entrevue devant jury.<\/li>\n<\/ul>\n","protected":false},"excerpt":{"rendered":"<div class=\"mh-excerpt\"><p>L&rsquo;objectif du concours est de reconna\u00eetre le succ\u00e8s d&rsquo;agriculteurs et d&rsquo;agricultrices dans chacune des r\u00e9gions, pour leurs performances exceptionnelles. Ces producteurs agricoles (de moins de 40 ans) ont su par leur gestion, assurer \u00e0 leur <a class=\"mh-excerpt-more\" href=\"https:\/\/groupeproexpo.com\/cjaec\/buts-du-concours\/\" title=\"Buts du concours\">[&#8230;]<\/a><\/p>\n<\/div>","protected":false},"author":1,"featured_media":0,"parent":0,"menu_order":0,"comment_status":"closed","ping_status":"closed","template":"","meta":{"ngg_post_thumbnail":0,"footnotes":""},"class_list":["post-7","page","type-page","status-publish","hentry"],"yoast_head":"<!-- This site is optimized with the Yoast SEO plugin v24.4 - https:\/\/yoast.com\/wordpress\/plugins\/seo\/ -->\n<title>Buts du concours - Concours des jeunes agriculteurs d&#039;\u00e9lite du Canada<\/title>\n<meta name=\"robots\" content=\"index, follow, max-snippet:-1, max-image-preview:large, max-video-preview:-1\" \/>\n<link rel=\"canonical\" href=\"https:\/\/groupeproexpo.com\/cjaec\/buts-du-concours\/\" \/>\n<meta property=\"og:locale\" content=\"fr_FR\" \/>\n<meta property=\"og:type\" content=\"article\" \/>\n<meta property=\"og:title\" content=\"Buts du concours - Concours des jeunes agriculteurs d&#039;\u00e9lite du Canada\" \/>\n<meta property=\"og:description\" content=\"L&rsquo;objectif du concours est de reconna\u00eetre le succ\u00e8s d&rsquo;agriculteurs et d&rsquo;agricultrices dans chacune des r\u00e9gions, pour leurs performances exceptionnelles. Ces producteurs agricoles (de moins de 40 ans) ont su par leur gestion, assurer \u00e0 leur [...]\" \/>\n<meta property=\"og:url\" content=\"https:\/\/groupeproexpo.com\/cjaec\/buts-du-concours\/\" \/>\n<meta property=\"og:site_name\" content=\"Concours des jeunes agriculteurs d&#039;\u00e9lite du Canada\" \/>\n<meta property=\"article:modified_time\" content=\"2016-07-26T18:22:07+00:00\" \/>\n<meta name=\"twitter:card\" content=\"summary_large_image\" \/>\n<meta name=\"twitter:label1\" content=\"Dur\u00e9e de lecture estim\u00e9e\" \/>\n\t<meta name=\"twitter:data1\" content=\"2 minutes\" \/>\n<script type=\"application\/ld+json\" class=\"yoast-schema-graph\">{\"@context\":\"https:\/\/schema.org\",\"@graph\":[{\"@type\":\"WebPage\",\"@id\":\"https:\/\/groupeproexpo.com\/cjaec\/buts-du-concours\/\",\"url\":\"https:\/\/groupeproexpo.com\/cjaec\/buts-du-concours\/\",\"name\":\"Buts du concours - Concours des jeunes agriculteurs d&#039;\u00e9lite du Canada\",\"isPartOf\":{\"@id\":\"https:\/\/groupeproexpo.com\/cjaec\/#website\"},\"datePublished\":\"2016-07-26T15:46:32+00:00\",\"dateModified\":\"2016-07-26T18:22:07+00:00\",\"breadcrumb\":{\"@id\":\"https:\/\/groupeproexpo.com\/cjaec\/buts-du-concours\/#breadcrumb\"},\"inLanguage\":\"fr-FR\",\"potentialAction\":[{\"@type\":\"ReadAction\",\"target\":[\"https:\/\/groupeproexpo.com\/cjaec\/buts-du-concours\/\"]}]},{\"@type\":\"BreadcrumbList\",\"@id\":\"https:\/\/groupeproexpo.com\/cjaec\/buts-du-concours\/#breadcrumb\",\"itemListElement\":[{\"@type\":\"ListItem\",\"position\":1,\"name\":\"Accueil\",\"item\":\"https:\/\/groupeproexpo.com\/cjaec\/\"},{\"@type\":\"ListItem\",\"position\":2,\"name\":\"Buts du concours\"}]},{\"@type\":\"WebSite\",\"@id\":\"https:\/\/groupeproexpo.com\/cjaec\/#website\",\"url\":\"https:\/\/groupeproexpo.com\/cjaec\/\",\"name\":\"Concours des jeunes agriculteurs d&#039;\u00e9lite du Canada\",\"description\":\"Section Qu\u00e9bec\",\"potentialAction\":[{\"@type\":\"SearchAction\",\"target\":{\"@type\":\"EntryPoint\",\"urlTemplate\":\"https:\/\/groupeproexpo.com\/cjaec\/?s={search_term_string}\"},\"query-input\":{\"@type\":\"PropertyValueSpecification\",\"valueRequired\":true,\"valueName\":\"search_term_string\"}}],\"inLanguage\":\"fr-FR\"}]}<\/script>\n<!-- \/ Yoast SEO plugin. -->","yoast_head_json":{"title":"Buts du concours - Concours des jeunes agriculteurs d&#039;\u00e9lite du Canada","robots":{"index":"index","follow":"follow","max-snippet":"max-snippet:-1","max-image-preview":"max-image-preview:large","max-video-preview":"max-video-preview:-1"},"canonical":"https:\/\/groupeproexpo.com\/cjaec\/buts-du-concours\/","og_locale":"fr_FR","og_type":"article","og_title":"Buts du concours - Concours des jeunes agriculteurs d&#039;\u00e9lite du Canada","og_description":"L&rsquo;objectif du concours est de reconna\u00eetre le succ\u00e8s d&rsquo;agriculteurs et d&rsquo;agricultrices dans chacune des r\u00e9gions, pour leurs performances exceptionnelles. Ces producteurs agricoles (de moins de 40 ans) ont su par leur gestion, assurer \u00e0 leur [...]","og_url":"https:\/\/groupeproexpo.com\/cjaec\/buts-du-concours\/","og_site_name":"Concours des jeunes agriculteurs d&#039;\u00e9lite du Canada","article_modified_time":"2016-07-26T18:22:07+00:00","twitter_card":"summary_large_image","twitter_misc":{"Dur\u00e9e de lecture estim\u00e9e":"2 minutes"},"schema":{"@context":"https:\/\/schema.org","@graph":[{"@type":"WebPage","@id":"https:\/\/groupeproexpo.com\/cjaec\/buts-du-concours\/","url":"https:\/\/groupeproexpo.com\/cjaec\/buts-du-concours\/","name":"Buts du concours - Concours des jeunes agriculteurs d&#039;\u00e9lite du Canada","isPartOf":{"@id":"https:\/\/groupeproexpo.com\/cjaec\/#website"},"datePublished":"2016-07-26T15:46:32+00:00","dateModified":"2016-07-26T18:22:07+00:00","breadcrumb":{"@id":"https:\/\/groupeproexpo.com\/cjaec\/buts-du-concours\/#breadcrumb"},"inLanguage":"fr-FR","potentialAction":[{"@type":"ReadAction","target":["https:\/\/groupeproexpo.com\/cjaec\/buts-du-concours\/"]}]},{"@type":"BreadcrumbList","@id":"https:\/\/groupeproexpo.com\/cjaec\/buts-du-concours\/#breadcrumb","itemListElement":[{"@type":"ListItem","position":1,"name":"Accueil","item":"https:\/\/groupeproexpo.com\/cjaec\/"},{"@type":"ListItem","position":2,"name":"Buts du concours"}]},{"@type":"WebSite","@id":"https:\/\/groupeproexpo.com\/cjaec\/#website","url":"https:\/\/groupeproexpo.com\/cjaec\/","name":"Concours des jeunes agriculteurs d&#039;\u00e9lite du Canada","description":"Section Qu\u00e9bec","potentialAction":[{"@type":"SearchAction","target":{"@type":"EntryPoint","urlTemplate":"https:\/\/groupeproexpo.com\/cjaec\/?s={search_term_string}"},"query-input":{"@type":"PropertyValueSpecification","valueRequired":true,"valueName":"search_term_string"}}],"inLanguage":"fr-FR"}]}},"_links":{"self":[{"href":"https:\/\/groupeproexpo.com\/cjaec\/wp-json\/wp\/v2\/pages\/7","targetHints":{"allow":["GET"]}}],"collection":[{"href":"https:\/\/groupeproexpo.com\/cjaec\/wp-json\/wp\/v2\/pages"}],"about":[{"href":"https:\/\/groupeproexpo.com\/cjaec\/wp-json\/wp\/v2\/types\/page"}],"author":[{"embeddable":true,"href":"https:\/\/groupeproexpo.com\/cjaec\/wp-json\/wp\/v2\/users\/1"}],"replies":[{"embeddable":true,"href":"https:\/\/groupeproexpo.com\/cjaec\/wp-json\/wp\/v2\/comments?post=7"}],"version-history":[{"count":4,"href":"https:\/\/groupeproexpo.com\/cjaec\/wp-json\/wp\/v2\/pages\/7\/revisions"}],"predecessor-version":[{"id":8,"href":"https:\/\/groupeproexpo.com\/cjaec\/wp-json\/wp\/v2\/pages\/7\/revisions\/8"}],"wp:attachment":[{"href":"https:\/\/groupeproexpo.com\/cjaec\/wp-json\/wp\/v2\/media?parent=7"}],"curies":[{"name":"wp","href":"https:\/\/api.w.org\/{rel}","templated":true}]}}