{"id":104,"date":"2016-08-29T19:13:30","date_gmt":"2016-08-29T23:13:30","guid":{"rendered":"http:\/\/groupeproexpo.com\/mariee\/?page_id=104"},"modified":"2024-11-25T22:48:14","modified_gmt":"2024-11-26T03:48:14","slug":"defile-de-mode","status":"publish","type":"page","link":"https:\/\/groupeproexpo.com\/maries\/defile-de-mode\/","title":{"rendered":"D\u00e9fil\u00e9 de mode"},"content":{"rendered":"<p>Au <em>Salon des Mari\u00e9s de Qu\u00e9bec<\/em>, assistez \u00e0 nos deux d\u00e9fil\u00e9s par jour ! Ces prestigieux d\u00e9fil\u00e9s de mode, organis\u00e9s par Mode \u00e9 Arto en collaboration avec les exposants, sont un incontournable de l\u2019\u00e9v\u00e9nement, pour d\u00e9couvrir le dernier cri en mati\u00e8re de robes de mari\u00e9e pour mesdames, d\u2019habits pour messieurs ainsi que des plus beaux ensembles pour les enfants. Car quoi de mieux qu\u2019un d\u00e9fil\u00e9 de mode pour visualiser le style parfait pour votre robe de mari\u00e9e, pour l\u2019habit du mari\u00e9 et les v\u00eatements des membres du cort\u00e8ge !<\/p>\n<h2>Horaire<\/h2>\n<ul>\n<li><strong>Samedi<\/strong> : 11h30 et 15h00<\/li>\n<li><strong>Dimanche<\/strong> :&nbsp;11h30 et 15h00<\/li>\n<\/ul>\n<p><img loading=\"lazy\" decoding=\"async\" class=\"wp-image-3874 size-full\" src=\"http:\/\/groupeproexpo.com\/maries\/wp-content\/uploads\/sites\/3\/2019\/10\/DEMI-2-Grille-pour-montage-photos-mari\u00e9s-FINAL.jpg\" alt=\"\" width=\"2550\" height=\"1460\" srcset=\"https:\/\/groupeproexpo.com\/maries\/wp-content\/uploads\/sites\/3\/2019\/10\/DEMI-2-Grille-pour-montage-photos-mari\u00e9s-FINAL.jpg 2550w, https:\/\/groupeproexpo.com\/maries\/wp-content\/uploads\/sites\/3\/2019\/10\/DEMI-2-Grille-pour-montage-photos-mari\u00e9s-FINAL-300x172.jpg 300w, https:\/\/groupeproexpo.com\/maries\/wp-content\/uploads\/sites\/3\/2019\/10\/DEMI-2-Grille-pour-montage-photos-mari\u00e9s-FINAL-768x440.jpg 768w, https:\/\/groupeproexpo.com\/maries\/wp-content\/uploads\/sites\/3\/2019\/10\/DEMI-2-Grille-pour-montage-photos-mari\u00e9s-FINAL-1024x586.jpg 1024w\" sizes=\"auto, (max-width: 2550px) 100vw, 2550px\" \/><\/p>\n<p>&nbsp;<\/p>\n<p>&nbsp;<\/p>\n","protected":false},"excerpt":{"rendered":"<div class=\"mh-excerpt\"><p>Au Salon des Mari\u00e9s de Qu\u00e9bec, assistez \u00e0 nos deux d\u00e9fil\u00e9s par jour ! Ces prestigieux d\u00e9fil\u00e9s de mode, organis\u00e9s par Mode \u00e9 Arto en collaboration avec les exposants, sont un incontournable de l\u2019\u00e9v\u00e9nement, pour <a class=\"mh-excerpt-more\" href=\"https:\/\/groupeproexpo.com\/maries\/defile-de-mode\/\" title=\"D\u00e9fil\u00e9 de mode\">[&#8230;]<\/a><\/p>\n<\/div>","protected":false},"author":1,"featured_media":0,"parent":0,"menu_order":0,"comment_status":"closed","ping_status":"closed","template":"","meta":{"ngg_post_thumbnail":0,"footnotes":""},"class_list":["post-104","page","type-page","status-publish","hentry"],"yoast_head":"<!-- This site is optimized with the Yoast SEO plugin v24.4 - https:\/\/yoast.com\/wordpress\/plugins\/seo\/ -->\n<title>D\u00e9fil\u00e9 de mode - Salon des Mari\u00e9s de Qu\u00e9bec<\/title>\n<meta name=\"robots\" content=\"index, follow, max-snippet:-1, max-image-preview:large, max-video-preview:-1\" \/>\n<link rel=\"canonical\" href=\"https:\/\/groupeproexpo.com\/maries\/defile-de-mode\/\" \/>\n<meta property=\"og:locale\" content=\"fr_FR\" \/>\n<meta property=\"og:type\" content=\"article\" \/>\n<meta property=\"og:title\" content=\"D\u00e9fil\u00e9 de mode - Salon des Mari\u00e9s de Qu\u00e9bec\" \/>\n<meta property=\"og:description\" content=\"Au Salon des Mari\u00e9s de Qu\u00e9bec, assistez \u00e0 nos deux d\u00e9fil\u00e9s par jour ! Ces prestigieux d\u00e9fil\u00e9s de mode, organis\u00e9s par Mode \u00e9 Arto en collaboration avec les exposants, sont un incontournable de l\u2019\u00e9v\u00e9nement, pour [...]\" \/>\n<meta property=\"og:url\" content=\"https:\/\/groupeproexpo.com\/maries\/defile-de-mode\/\" \/>\n<meta property=\"og:site_name\" content=\"Salon des Mari\u00e9s de Qu\u00e9bec\" \/>\n<meta property=\"article:publisher\" content=\"https:\/\/www.facebook.com\/salondelamarieequebec\/\" \/>\n<meta property=\"article:modified_time\" content=\"2024-11-26T03:48:14+00:00\" \/>\n<meta name=\"twitter:card\" content=\"summary_large_image\" \/>\n<meta name=\"twitter:label1\" content=\"Dur\u00e9e de lecture estim\u00e9e\" \/>\n\t<meta name=\"twitter:data1\" content=\"1 minute\" \/>\n<script type=\"application\/ld+json\" class=\"yoast-schema-graph\">{\"@context\":\"https:\/\/schema.org\",\"@graph\":[{\"@type\":\"WebPage\",\"@id\":\"https:\/\/groupeproexpo.com\/maries\/defile-de-mode\/\",\"url\":\"https:\/\/groupeproexpo.com\/maries\/defile-de-mode\/\",\"name\":\"D\u00e9fil\u00e9 de mode - Salon des Mari\u00e9s de Qu\u00e9bec\",\"isPartOf\":{\"@id\":\"https:\/\/groupeproexpo.com\/maries\/#website\"},\"datePublished\":\"2016-08-29T23:13:30+00:00\",\"dateModified\":\"2024-11-26T03:48:14+00:00\",\"breadcrumb\":{\"@id\":\"https:\/\/groupeproexpo.com\/maries\/defile-de-mode\/#breadcrumb\"},\"inLanguage\":\"fr-FR\",\"potentialAction\":[{\"@type\":\"ReadAction\",\"target\":[\"https:\/\/groupeproexpo.com\/maries\/defile-de-mode\/\"]}]},{\"@type\":\"BreadcrumbList\",\"@id\":\"https:\/\/groupeproexpo.com\/maries\/defile-de-mode\/#breadcrumb\",\"itemListElement\":[{\"@type\":\"ListItem\",\"position\":1,\"name\":\"Accueil\",\"item\":\"https:\/\/groupeproexpo.com\/maries\/\"},{\"@type\":\"ListItem\",\"position\":2,\"name\":\"D\u00e9fil\u00e9 de mode\"}]},{\"@type\":\"WebSite\",\"@id\":\"https:\/\/groupeproexpo.com\/maries\/#website\",\"url\":\"https:\/\/groupeproexpo.com\/maries\/\",\"name\":\"Salon des Mari\u00e9s de Qu\u00e9bec\",\"description\":\"17-18 janvier 2026 \u2013 Expocit\u00e9\",\"potentialAction\":[{\"@type\":\"SearchAction\",\"target\":{\"@type\":\"EntryPoint\",\"urlTemplate\":\"https:\/\/groupeproexpo.com\/maries\/?s={search_term_string}\"},\"query-input\":{\"@type\":\"PropertyValueSpecification\",\"valueRequired\":true,\"valueName\":\"search_term_string\"}}],\"inLanguage\":\"fr-FR\"}]}<\/script>\n<!-- \/ Yoast SEO plugin. -->","yoast_head_json":{"title":"D\u00e9fil\u00e9 de mode - Salon des Mari\u00e9s de Qu\u00e9bec","robots":{"index":"index","follow":"follow","max-snippet":"max-snippet:-1","max-image-preview":"max-image-preview:large","max-video-preview":"max-video-preview:-1"},"canonical":"https:\/\/groupeproexpo.com\/maries\/defile-de-mode\/","og_locale":"fr_FR","og_type":"article","og_title":"D\u00e9fil\u00e9 de mode - Salon des Mari\u00e9s de Qu\u00e9bec","og_description":"Au Salon des Mari\u00e9s de Qu\u00e9bec, assistez \u00e0 nos deux d\u00e9fil\u00e9s par jour ! Ces prestigieux d\u00e9fil\u00e9s de mode, organis\u00e9s par Mode \u00e9 Arto en collaboration avec les exposants, sont un incontournable de l\u2019\u00e9v\u00e9nement, pour [...]","og_url":"https:\/\/groupeproexpo.com\/maries\/defile-de-mode\/","og_site_name":"Salon des Mari\u00e9s de Qu\u00e9bec","article_publisher":"https:\/\/www.facebook.com\/salondelamarieequebec\/","article_modified_time":"2024-11-26T03:48:14+00:00","twitter_card":"summary_large_image","twitter_misc":{"Dur\u00e9e de lecture estim\u00e9e":"1 minute"},"schema":{"@context":"https:\/\/schema.org","@graph":[{"@type":"WebPage","@id":"https:\/\/groupeproexpo.com\/maries\/defile-de-mode\/","url":"https:\/\/groupeproexpo.com\/maries\/defile-de-mode\/","name":"D\u00e9fil\u00e9 de mode - Salon des Mari\u00e9s de Qu\u00e9bec","isPartOf":{"@id":"https:\/\/groupeproexpo.com\/maries\/#website"},"datePublished":"2016-08-29T23:13:30+00:00","dateModified":"2024-11-26T03:48:14+00:00","breadcrumb":{"@id":"https:\/\/groupeproexpo.com\/maries\/defile-de-mode\/#breadcrumb"},"inLanguage":"fr-FR","potentialAction":[{"@type":"ReadAction","target":["https:\/\/groupeproexpo.com\/maries\/defile-de-mode\/"]}]},{"@type":"BreadcrumbList","@id":"https:\/\/groupeproexpo.com\/maries\/defile-de-mode\/#breadcrumb","itemListElement":[{"@type":"ListItem","position":1,"name":"Accueil","item":"https:\/\/groupeproexpo.com\/maries\/"},{"@type":"ListItem","position":2,"name":"D\u00e9fil\u00e9 de mode"}]},{"@type":"WebSite","@id":"https:\/\/groupeproexpo.com\/maries\/#website","url":"https:\/\/groupeproexpo.com\/maries\/","name":"Salon des Mari\u00e9s de Qu\u00e9bec","description":"17-18 janvier 2026 \u2013 Expocit\u00e9","potentialAction":[{"@type":"SearchAction","target":{"@type":"EntryPoint","urlTemplate":"https:\/\/groupeproexpo.com\/maries\/?s={search_term_string}"},"query-input":{"@type":"PropertyValueSpecification","valueRequired":true,"valueName":"search_term_string"}}],"inLanguage":"fr-FR"}]}},"_links":{"self":[{"href":"https:\/\/groupeproexpo.com\/maries\/wp-json\/wp\/v2\/pages\/104","targetHints":{"allow":["GET"]}}],"collection":[{"href":"https:\/\/groupeproexpo.com\/maries\/wp-json\/wp\/v2\/pages"}],"about":[{"href":"https:\/\/groupeproexpo.com\/maries\/wp-json\/wp\/v2\/types\/page"}],"author":[{"embeddable":true,"href":"https:\/\/groupeproexpo.com\/maries\/wp-json\/wp\/v2\/users\/1"}],"replies":[{"embeddable":true,"href":"https:\/\/groupeproexpo.com\/maries\/wp-json\/wp\/v2\/comments?post=104"}],"version-history":[{"count":57,"href":"https:\/\/groupeproexpo.com\/maries\/wp-json\/wp\/v2\/pages\/104\/revisions"}],"predecessor-version":[{"id":2953,"href":"https:\/\/groupeproexpo.com\/maries\/wp-json\/wp\/v2\/pages\/104\/revisions\/2953"}],"wp:attachment":[{"href":"https:\/\/groupeproexpo.com\/maries\/wp-json\/wp\/v2\/media?parent=104"}],"curies":[{"name":"wp","href":"https:\/\/api.w.org\/{rel}","templated":true}]}}