{"id":164,"date":"2016-09-15T08:04:45","date_gmt":"2016-09-15T12:04:45","guid":{"rendered":"http:\/\/groupeproexpo.com\/mariee\/?page_id=164"},"modified":"2026-01-07T09:25:57","modified_gmt":"2026-01-07T14:25:57","slug":"liste-dexposants","status":"publish","type":"page","link":"https:\/\/groupeproexpo.com\/maries\/liste-dexposants\/","title":{"rendered":"Liste des exposants 2026"},"content":{"rendered":"\n<table id=\"tablepress-5\" class=\"tablepress tablepress-id-5\">\n<thead>\n<tr class=\"row-1\">\n\t<th class=\"column-1\">Kiosque<\/th><th class=\"column-2\">Exposant<\/th>\n<\/tr>\n<\/thead>\n<tbody class=\"row-striping row-hover\">\n<tr class=\"row-2\">\n\t<td class=\"column-1\">100<\/td><td class=\"column-2\">H\u00d4TEL LE BONNE ENTENTE<\/td>\n<\/tr>\n<tr class=\"row-3\">\n\t<td class=\"column-1\">101<\/td><td class=\"column-2\">JESSICA HAWEY - ARTISTE DE POLE FITNESS ET CERCEAU<\/td>\n<\/tr>\n<tr class=\"row-4\">\n\t<td class=\"column-1\">102<\/td><td class=\"column-2\">MAMZELLE POP<\/td>\n<\/tr>\n<tr class=\"row-5\">\n\t<td class=\"column-1\">104<\/td><td class=\"column-2\">AUBERGE DE LA POINTE<\/td>\n<\/tr>\n<tr class=\"row-6\">\n\t<td class=\"column-1\">106<\/td><td class=\"column-2\">C\u00d4TES \u00c0 C\u00d4TES TRAITEUR 2.0<\/td>\n<\/tr>\n<tr class=\"row-7\">\n\t<td class=\"column-1\">107<\/td><td class=\"column-2\">JARDINS VITRUM HORTIS<\/td>\n<\/tr>\n<tr class=\"row-8\">\n\t<td class=\"column-1\">108-610<\/td><td class=\"column-2\">CELINE AURA<\/td>\n<\/tr>\n<tr class=\"row-9\">\n\t<td class=\"column-1\">109<\/td><td class=\"column-2\">GERMAIN HOTELS &amp; LE BISTANGO<\/td>\n<\/tr>\n<tr class=\"row-10\">\n\t<td class=\"column-1\">110<\/td><td class=\"column-2\">BOUTIQUE LYNA<\/td>\n<\/tr>\n<tr class=\"row-11\">\n\t<td class=\"column-1\">111<\/td><td class=\"column-2\">T\u00c9LUS<\/td>\n<\/tr>\n<tr class=\"row-12\">\n\t<td class=\"column-1\">112<\/td><td class=\"column-2\">H\u00d4TEL MUS\u00c9E PREMI\u00c8RES NATIONS<\/td>\n<\/tr>\n<tr class=\"row-13\">\n\t<td class=\"column-1\">113<\/td><td class=\"column-2\">LES CHALETS NATURE<\/td>\n<\/tr>\n<tr class=\"row-14\">\n\t<td class=\"column-1\">114<\/td><td class=\"column-2\">MARIE-EDITH BUREAU PHOTOGRAPHE<\/td>\n<\/tr>\n<tr class=\"row-15\">\n\t<td class=\"column-1\">116<\/td><td class=\"column-2\">VALIN CONFECTION<\/td>\n<\/tr>\n<tr class=\"row-16\">\n\t<td class=\"column-1\">117<\/td><td class=\"column-2\">BLANCHE PAR CHEZ RIOUX &amp; PETTIGREW <\/td>\n<\/tr>\n<tr class=\"row-17\">\n\t<td class=\"column-1\">118<\/td><td class=\"column-2\">LE CAPITOLE H\u00d4TEL<\/td>\n<\/tr>\n<tr class=\"row-18\">\n\t<td class=\"column-1\">119<\/td><td class=\"column-2\">AGRIGAR<\/td>\n<\/tr>\n<tr class=\"row-19\">\n\t<td class=\"column-1\">120<\/td><td class=\"column-2\">DOMAINE DU CLOS DE L'ISLE<\/td>\n<\/tr>\n<tr class=\"row-20\">\n\t<td class=\"column-1\">121<\/td><td class=\"column-2\">LEFRAN\u00c7OIS CR\u00c9ATIONS<\/td>\n<\/tr>\n<tr class=\"row-21\">\n\t<td class=\"column-1\">122<\/td><td class=\"column-2\">DCLIK GESTION &amp; CR\u00c9ATION<\/td>\n<\/tr>\n<tr class=\"row-22\">\n\t<td class=\"column-1\">123-125<\/td><td class=\"column-2\">UNIQUE EVENTS<\/td>\n<\/tr>\n<tr class=\"row-23\">\n\t<td class=\"column-1\">124-126<\/td><td class=\"column-2\">CABINET \u00c9LITE RESTROOM<\/td>\n<\/tr>\n<tr class=\"row-24\">\n\t<td class=\"column-1\">130<\/td><td class=\"column-2\">VANILLE &amp; CONFETTIS<\/td>\n<\/tr>\n<tr class=\"row-25\">\n\t<td class=\"column-1\">132<\/td><td class=\"column-2\">C\u00c9CILE &amp; RAMONE<\/td>\n<\/tr>\n<tr class=\"row-26\">\n\t<td class=\"column-1\">201<\/td><td class=\"column-2\">EXP\u00c9DIA CROISI\u00c8RES DE QU\u00c9BEC<\/td>\n<\/tr>\n<tr class=\"row-27\">\n\t<td class=\"column-1\">206<\/td><td class=\"column-2\">COURTYARD QU\u00c9BEC<\/td>\n<\/tr>\n<tr class=\"row-28\">\n\t<td class=\"column-1\">207<\/td><td class=\"column-2\">SURMESUR<\/td>\n<\/tr>\n<tr class=\"row-29\">\n\t<td class=\"column-1\">208<\/td><td class=\"column-2\">CONCEPT LV <\/td>\n<\/tr>\n<tr class=\"row-30\">\n\t<td class=\"column-1\">209<\/td><td class=\"column-2\">EXP\u00c9RIENCE COCKTAIL<\/td>\n<\/tr>\n<tr class=\"row-31\">\n\t<td class=\"column-1\">210-212<\/td><td class=\"column-2\">BIJOUTERIE SUISSE<\/td>\n<\/tr>\n<tr class=\"row-32\">\n\t<td class=\"column-1\">211<\/td><td class=\"column-2\">MELLOS' TRAITEUR DESSERT<\/td>\n<\/tr>\n<tr class=\"row-33\">\n\t<td class=\"column-1\">213<\/td><td class=\"column-2\">CHALETS VILLAGE MONT-SAINTE-ANNE<\/td>\n<\/tr>\n<tr class=\"row-34\">\n\t<td class=\"column-1\">216<\/td><td class=\"column-2\">SERVICE ALIMENTAIRE PSP<\/td>\n<\/tr>\n<tr class=\"row-35\">\n\t<td class=\"column-1\">217<\/td><td class=\"column-2\">ENDORPHINE DESIGN<\/td>\n<\/tr>\n<tr class=\"row-36\">\n\t<td class=\"column-1\">218<\/td><td class=\"column-2\">ESPACE SOPHIA<\/td>\n<\/tr>\n<tr class=\"row-37\">\n\t<td class=\"column-1\">219-221<\/td><td class=\"column-2\">MOORES V\u00caTEMENTS POUR HOMMES<\/td>\n<\/tr>\n<tr class=\"row-38\">\n\t<td class=\"column-1\">220<\/td><td class=\"column-2\">THE EVER AFTER FILMS<\/td>\n<\/tr>\n<tr class=\"row-39\">\n\t<td class=\"column-1\">222<\/td><td class=\"column-2\">LA CACHE DU GOLF<\/td>\n<\/tr>\n<tr class=\"row-40\">\n\t<td class=\"column-1\">223<\/td><td class=\"column-2\">BM SERVICE DE TRAITEUR<\/td>\n<\/tr>\n<tr class=\"row-41\">\n\t<td class=\"column-1\">224<\/td><td class=\"column-2\">WISHBONE CR\u00c9ATION DE MOMENTS<\/td>\n<\/tr>\n<tr class=\"row-42\">\n\t<td class=\"column-1\">225<\/td><td class=\"column-2\">LA ZONE ROSE<\/td>\n<\/tr>\n<tr class=\"row-43\">\n\t<td class=\"column-1\">228<\/td><td class=\"column-2\">TUPPERWARE JEAN-PHILIPPE JACQUES<\/td>\n<\/tr>\n<tr class=\"row-44\">\n\t<td class=\"column-1\">230<\/td><td class=\"column-2\">SIGN\u00c9 AR <\/td>\n<\/tr>\n<tr class=\"row-45\">\n\t<td class=\"column-1\">300<\/td><td class=\"column-2\">WR SAVARD JOAILLIER<\/td>\n<\/tr>\n<tr class=\"row-46\">\n\t<td class=\"column-1\">301<\/td><td class=\"column-2\">DOMAINE JOLY DE LOTBINI\u00c8RE<\/td>\n<\/tr>\n<tr class=\"row-47\">\n\t<td class=\"column-1\">302<\/td><td class=\"column-2\">DIANE LAFLAMME CARICATURISTE<\/td>\n<\/tr>\n<tr class=\"row-48\">\n\t<td class=\"column-1\">303<\/td><td class=\"column-2\">LES \u00c9V\u00c9NEMENTS CIEL<\/td>\n<\/tr>\n<tr class=\"row-49\">\n\t<td class=\"column-1\">306<\/td><td class=\"column-2\">HU\u00ceTRES EN MOUVEMENT<\/td>\n<\/tr>\n<tr class=\"row-50\">\n\t<td class=\"column-1\">307<\/td><td class=\"column-2\">ZORA L'HUPP\u00c9E<\/td>\n<\/tr>\n<tr class=\"row-51\">\n\t<td class=\"column-1\">308<\/td><td class=\"column-2\">ST\u00c9PHANIE BOISVERT PHOTOGRAPHE<\/td>\n<\/tr>\n<tr class=\"row-52\">\n\t<td class=\"column-1\">309<\/td><td class=\"column-2\">COSMITTY CANADA<\/td>\n<\/tr>\n<tr class=\"row-53\">\n\t<td class=\"column-1\">310<\/td><td class=\"column-2\">DISCOMOBILES AUDIOPLUS<\/td>\n<\/tr>\n<tr class=\"row-54\">\n\t<td class=\"column-1\">311<\/td><td class=\"column-2\">TUXEDO DESIGN - D\u00c9CORS D'\u00c9V\u00c9NEMENTS<\/td>\n<\/tr>\n<tr class=\"row-55\">\n\t<td class=\"column-1\">312<\/td><td class=\"column-2\">BOUTIQUE CORBIN DESIGNER<\/td>\n<\/tr>\n<tr class=\"row-56\">\n\t<td class=\"column-1\">313<\/td><td class=\"column-2\">DISTRIBUTION CNK<\/td>\n<\/tr>\n<tr class=\"row-57\">\n\t<td class=\"column-1\">316<\/td><td class=\"column-2\">AUBERGE GODEFROY ET H\u00d4TEL MONTFORT<\/td>\n<\/tr>\n<tr class=\"row-58\">\n\t<td class=\"column-1\">317<\/td><td class=\"column-2\">MADAME ALICE FLEURISTE<\/td>\n<\/tr>\n<tr class=\"row-59\">\n\t<td class=\"column-1\">318<\/td><td class=\"column-2\">MON MARIAGE AU SOLEIL<\/td>\n<\/tr>\n<tr class=\"row-60\">\n\t<td class=\"column-1\">319<\/td><td class=\"column-2\">\u00c9MOTIONS G\u00c2TEAUX<\/td>\n<\/tr>\n<tr class=\"row-61\">\n\t<td class=\"column-1\">320<\/td><td class=\"column-2\">FRANCE POISSON ARTISTE MAQUILLEUSE<\/td>\n<\/tr>\n<tr class=\"row-62\">\n\t<td class=\"column-1\">321<\/td><td class=\"column-2\">\u00c9VOLUTION TI INC<\/td>\n<\/tr>\n<tr class=\"row-63\">\n\t<td class=\"column-1\">322<\/td><td class=\"column-2\">MARIAGES ET \u00c9V\u00c9NEMENTS ME<\/td>\n<\/tr>\n<tr class=\"row-64\">\n\t<td class=\"column-1\">323<\/td><td class=\"column-2\">LES H\u00d4TELS JARO<\/td>\n<\/tr>\n<tr class=\"row-65\">\n\t<td class=\"column-1\">324<\/td><td class=\"column-2\">ASD GROUPE \u00c9V\u00c9NEMENTIEL<\/td>\n<\/tr>\n<tr class=\"row-66\">\n\t<td class=\"column-1\">325<\/td><td class=\"column-2\">D\u00c9CORA \u00c9V\u00c8NEMENTS<\/td>\n<\/tr>\n<tr class=\"row-67\">\n\t<td class=\"column-1\">326<\/td><td class=\"column-2\">TRAITEUR GASTRONOMIE &amp; CIE<\/td>\n<\/tr>\n<tr class=\"row-68\">\n\t<td class=\"column-1\">328<\/td><td class=\"column-2\">JE T'AIME MARIAGE<\/td>\n<\/tr>\n<tr class=\"row-69\">\n\t<td class=\"column-1\">330<\/td><td class=\"column-2\">SOMMET BISTRO PUB<\/td>\n<\/tr>\n<tr class=\"row-70\">\n\t<td class=\"column-1\">400-401<\/td><td class=\"column-2\">MONTEGO RESTO CLUB <\/td>\n<\/tr>\n<tr class=\"row-71\">\n\t<td class=\"column-1\">402<\/td><td class=\"column-2\">AGENCE JM EXP\u00c9RIENCE<\/td>\n<\/tr>\n<tr class=\"row-72\">\n\t<td class=\"column-1\">403<\/td><td class=\"column-2\">DOUBLETREE BY HILTON QUEBEC RESORT<\/td>\n<\/tr>\n<tr class=\"row-73\">\n\t<td class=\"column-1\">406<\/td><td class=\"column-2\">CR\u00c9ATIONC\u00c9<\/td>\n<\/tr>\n<tr class=\"row-74\">\n\t<td class=\"column-1\">407<\/td><td class=\"column-2\">INDUSTRIELLE ALLIANCE <\/td>\n<\/tr>\n<tr class=\"row-75\">\n\t<td class=\"column-1\">408<\/td><td class=\"column-2\">CORALIA ACCESSOIRES<\/td>\n<\/tr>\n<tr class=\"row-76\">\n\t<td class=\"column-1\">408<\/td><td class=\"column-2\">JUSTINE HAINES<\/td>\n<\/tr>\n<tr class=\"row-77\">\n\t<td class=\"column-1\">409<\/td><td class=\"column-2\">LES MARIAGES D'\u00c9MILIE<\/td>\n<\/tr>\n<tr class=\"row-78\">\n\t<td class=\"column-1\">410<\/td><td class=\"column-2\">BASE DE PLEIN AIR DE SAINTE-FOY<\/td>\n<\/tr>\n<tr class=\"row-79\">\n\t<td class=\"column-1\">411<\/td><td class=\"column-2\">ALIMENTATION MON QUARTIER<\/td>\n<\/tr>\n<tr class=\"row-80\">\n\t<td class=\"column-1\">412<\/td><td class=\"column-2\">STATION TOURISTIQUE STONEHAM \/ MONT-SAINTE-ANNE<\/td>\n<\/tr>\n<tr class=\"row-81\">\n\t<td class=\"column-1\">413<\/td><td class=\"column-2\">PRODUCTIONS DOMINIC PERREAULT<\/td>\n<\/tr>\n<tr class=\"row-82\">\n\t<td class=\"column-1\">416<\/td><td class=\"column-2\">\u00c9QUILIBRE TRAITEUR<\/td>\n<\/tr>\n<tr class=\"row-83\">\n\t<td class=\"column-1\">418<\/td><td class=\"column-2\">COVER 2.0<\/td>\n<\/tr>\n<tr class=\"row-84\">\n\t<td class=\"column-1\">419<\/td><td class=\"column-2\">LES PRODUCTIONS A <\/td>\n<\/tr>\n<tr class=\"row-85\">\n\t<td class=\"column-1\">420<\/td><td class=\"column-2\">BOUTIQUE MAKSYM <\/td>\n<\/tr>\n<tr class=\"row-86\">\n\t<td class=\"column-1\">421<\/td><td class=\"column-2\">HILTON QU\u00c9BEC<\/td>\n<\/tr>\n<tr class=\"row-87\">\n\t<td class=\"column-1\">422<\/td><td class=\"column-2\">GENCO TRAITEUR<\/td>\n<\/tr>\n<tr class=\"row-88\">\n\t<td class=\"column-1\">424<\/td><td class=\"column-2\">IRONBODYFIT<\/td>\n<\/tr>\n<tr class=\"row-89\">\n\t<td class=\"column-1\">426<\/td><td class=\"column-2\">BOUTIQUE MODE ST-L\u00c9ON<\/td>\n<\/tr>\n<tr class=\"row-90\">\n\t<td class=\"column-1\">500 - 607<\/td><td class=\"column-2\">LIMOUSINE ATMOSPH\u00c8RE<\/td>\n<\/tr>\n<tr class=\"row-91\">\n\t<td class=\"column-1\">506<\/td><td class=\"column-2\">LE BALUCHON \u00c9CO-VILL\u00c9GIATURE<\/td>\n<\/tr>\n<tr class=\"row-92\">\n\t<td class=\"column-1\">507<\/td><td class=\"column-2\">MARIAGE MIRON ET CO<\/td>\n<\/tr>\n<tr class=\"row-93\">\n\t<td class=\"column-1\">508<\/td><td class=\"column-2\">MARIAGE SUD<\/td>\n<\/tr>\n<tr class=\"row-94\">\n\t<td class=\"column-1\">509<\/td><td class=\"column-2\">CAVIARA<\/td>\n<\/tr>\n<tr class=\"row-95\">\n\t<td class=\"column-1\">510<\/td><td class=\"column-2\">PASCAL.PARTY<\/td>\n<\/tr>\n<tr class=\"row-96\">\n\t<td class=\"column-1\">511<\/td><td class=\"column-2\">DRAE COLLECTION<\/td>\n<\/tr>\n<tr class=\"row-97\">\n\t<td class=\"column-1\">512<\/td><td class=\"column-2\">SUSHI \u00c0 LA MAISON<\/td>\n<\/tr>\n<tr class=\"row-98\">\n\t<td class=\"column-1\">513<\/td><td class=\"column-2\">PHOTOMARC PHOTOGRAPHY<\/td>\n<\/tr>\n<tr class=\"row-99\">\n\t<td class=\"column-1\">516<\/td><td class=\"column-2\">MONSIEUR JEAN L'H\u00d4TEL PARTICULIER<\/td>\n<\/tr>\n<tr class=\"row-100\">\n\t<td class=\"column-1\">517<\/td><td class=\"column-2\">PRODUCTIONS RAYN L'ART DU RYTHME<\/td>\n<\/tr>\n<tr class=\"row-101\">\n\t<td class=\"column-1\">520<\/td><td class=\"column-2\">MAISON CHARLOTTE HOULE<\/td>\n<\/tr>\n<tr class=\"row-102\">\n\t<td class=\"column-1\">521-620<\/td><td class=\"column-2\">TIP TOP <\/td>\n<\/tr>\n<tr class=\"row-103\">\n\t<td class=\"column-1\">606<\/td><td class=\"column-2\">TOTAL EKLIPSE<\/td>\n<\/tr>\n<tr class=\"row-104\">\n\t<td class=\"column-1\">607<\/td><td class=\"column-2\">LIMOUSINE ATMOSPH\u00c8RE<\/td>\n<\/tr>\n<tr class=\"row-105\">\n\t<td class=\"column-1\">612<\/td><td class=\"column-2\">ESPACE SAINT-GR\u00c9GOIRE<\/td>\n<\/tr>\n<tr class=\"row-106\">\n\t<td class=\"column-1\">615<\/td><td class=\"column-2\">\u00c9V\u00c8NEMENTS GLAMOUR<\/td>\n<\/tr>\n<tr class=\"row-107\">\n\t<td class=\"column-1\">616<\/td><td class=\"column-2\">ANNIE SIMARD PHOTO <\/td>\n<\/tr>\n<tr class=\"row-108\">\n\t<td class=\"column-1\">617-619<\/td><td class=\"column-2\">FOUR POINTS BY SHERATON L\u00c9VIS, CENTRE DES CONGR\u00c8S<\/td>\n<\/tr>\n<\/tbody>\n<\/table>\n<!-- #tablepress-5 from cache -->\n<p>&nbsp;<\/p>\n","protected":false},"excerpt":{"rendered":"<div class=\"mh-excerpt\"><p>&nbsp;<\/p>\n<\/div>","protected":false},"author":1,"featured_media":0,"parent":0,"menu_order":0,"comment_status":"closed","ping_status":"closed","template":"","meta":{"ngg_post_thumbnail":0,"footnotes":""},"class_list":["post-164","page","type-page","status-publish","hentry"],"yoast_head":"<!-- This site is optimized with the Yoast SEO plugin v24.4 - https:\/\/yoast.com\/wordpress\/plugins\/seo\/ -->\n<title>Liste des exposants 2026 - Salon des Mari\u00e9s de Qu\u00e9bec<\/title>\n<meta name=\"robots\" content=\"index, follow, max-snippet:-1, max-image-preview:large, max-video-preview:-1\" \/>\n<link rel=\"canonical\" href=\"https:\/\/groupeproexpo.com\/maries\/liste-dexposants\/\" \/>\n<meta property=\"og:locale\" content=\"fr_FR\" \/>\n<meta property=\"og:type\" content=\"article\" \/>\n<meta property=\"og:title\" content=\"Liste des exposants 2026 - Salon des Mari\u00e9s de Qu\u00e9bec\" \/>\n<meta property=\"og:description\" content=\"&nbsp;\" \/>\n<meta property=\"og:url\" content=\"https:\/\/groupeproexpo.com\/maries\/liste-dexposants\/\" \/>\n<meta property=\"og:site_name\" content=\"Salon des Mari\u00e9s de Qu\u00e9bec\" \/>\n<meta property=\"article:publisher\" content=\"https:\/\/www.facebook.com\/salondelamarieequebec\/\" \/>\n<meta property=\"article:modified_time\" content=\"2026-01-07T14:25:57+00:00\" \/>\n<meta name=\"twitter:card\" content=\"summary_large_image\" \/>\n<meta name=\"twitter:label1\" content=\"Dur\u00e9e de lecture estim\u00e9e\" \/>\n\t<meta name=\"twitter:data1\" content=\"1 minute\" \/>\n<script type=\"application\/ld+json\" class=\"yoast-schema-graph\">{\"@context\":\"https:\/\/schema.org\",\"@graph\":[{\"@type\":\"WebPage\",\"@id\":\"https:\/\/groupeproexpo.com\/maries\/liste-dexposants\/\",\"url\":\"https:\/\/groupeproexpo.com\/maries\/liste-dexposants\/\",\"name\":\"Liste des exposants 2026 - Salon des Mari\u00e9s de Qu\u00e9bec\",\"isPartOf\":{\"@id\":\"https:\/\/groupeproexpo.com\/maries\/#website\"},\"datePublished\":\"2016-09-15T12:04:45+00:00\",\"dateModified\":\"2026-01-07T14:25:57+00:00\",\"breadcrumb\":{\"@id\":\"https:\/\/groupeproexpo.com\/maries\/liste-dexposants\/#breadcrumb\"},\"inLanguage\":\"fr-FR\",\"potentialAction\":[{\"@type\":\"ReadAction\",\"target\":[\"https:\/\/groupeproexpo.com\/maries\/liste-dexposants\/\"]}]},{\"@type\":\"BreadcrumbList\",\"@id\":\"https:\/\/groupeproexpo.com\/maries\/liste-dexposants\/#breadcrumb\",\"itemListElement\":[{\"@type\":\"ListItem\",\"position\":1,\"name\":\"Accueil\",\"item\":\"https:\/\/groupeproexpo.com\/maries\/\"},{\"@type\":\"ListItem\",\"position\":2,\"name\":\"Liste des exposants 2026\"}]},{\"@type\":\"WebSite\",\"@id\":\"https:\/\/groupeproexpo.com\/maries\/#website\",\"url\":\"https:\/\/groupeproexpo.com\/maries\/\",\"name\":\"Salon des Mari\u00e9s de Qu\u00e9bec\",\"description\":\"17-18 janvier 2026 \u2013 Expocit\u00e9\",\"potentialAction\":[{\"@type\":\"SearchAction\",\"target\":{\"@type\":\"EntryPoint\",\"urlTemplate\":\"https:\/\/groupeproexpo.com\/maries\/?s={search_term_string}\"},\"query-input\":{\"@type\":\"PropertyValueSpecification\",\"valueRequired\":true,\"valueName\":\"search_term_string\"}}],\"inLanguage\":\"fr-FR\"}]}<\/script>\n<!-- \/ Yoast SEO plugin. -->","yoast_head_json":{"title":"Liste des exposants 2026 - Salon des Mari\u00e9s de Qu\u00e9bec","robots":{"index":"index","follow":"follow","max-snippet":"max-snippet:-1","max-image-preview":"max-image-preview:large","max-video-preview":"max-video-preview:-1"},"canonical":"https:\/\/groupeproexpo.com\/maries\/liste-dexposants\/","og_locale":"fr_FR","og_type":"article","og_title":"Liste des exposants 2026 - Salon des Mari\u00e9s de Qu\u00e9bec","og_description":"&nbsp;","og_url":"https:\/\/groupeproexpo.com\/maries\/liste-dexposants\/","og_site_name":"Salon des Mari\u00e9s de Qu\u00e9bec","article_publisher":"https:\/\/www.facebook.com\/salondelamarieequebec\/","article_modified_time":"2026-01-07T14:25:57+00:00","twitter_card":"summary_large_image","twitter_misc":{"Dur\u00e9e de lecture estim\u00e9e":"1 minute"},"schema":{"@context":"https:\/\/schema.org","@graph":[{"@type":"WebPage","@id":"https:\/\/groupeproexpo.com\/maries\/liste-dexposants\/","url":"https:\/\/groupeproexpo.com\/maries\/liste-dexposants\/","name":"Liste des exposants 2026 - Salon des Mari\u00e9s de Qu\u00e9bec","isPartOf":{"@id":"https:\/\/groupeproexpo.com\/maries\/#website"},"datePublished":"2016-09-15T12:04:45+00:00","dateModified":"2026-01-07T14:25:57+00:00","breadcrumb":{"@id":"https:\/\/groupeproexpo.com\/maries\/liste-dexposants\/#breadcrumb"},"inLanguage":"fr-FR","potentialAction":[{"@type":"ReadAction","target":["https:\/\/groupeproexpo.com\/maries\/liste-dexposants\/"]}]},{"@type":"BreadcrumbList","@id":"https:\/\/groupeproexpo.com\/maries\/liste-dexposants\/#breadcrumb","itemListElement":[{"@type":"ListItem","position":1,"name":"Accueil","item":"https:\/\/groupeproexpo.com\/maries\/"},{"@type":"ListItem","position":2,"name":"Liste des exposants 2026"}]},{"@type":"WebSite","@id":"https:\/\/groupeproexpo.com\/maries\/#website","url":"https:\/\/groupeproexpo.com\/maries\/","name":"Salon des Mari\u00e9s de Qu\u00e9bec","description":"17-18 janvier 2026 \u2013 Expocit\u00e9","potentialAction":[{"@type":"SearchAction","target":{"@type":"EntryPoint","urlTemplate":"https:\/\/groupeproexpo.com\/maries\/?s={search_term_string}"},"query-input":{"@type":"PropertyValueSpecification","valueRequired":true,"valueName":"search_term_string"}}],"inLanguage":"fr-FR"}]}},"_links":{"self":[{"href":"https:\/\/groupeproexpo.com\/maries\/wp-json\/wp\/v2\/pages\/164","targetHints":{"allow":["GET"]}}],"collection":[{"href":"https:\/\/groupeproexpo.com\/maries\/wp-json\/wp\/v2\/pages"}],"about":[{"href":"https:\/\/groupeproexpo.com\/maries\/wp-json\/wp\/v2\/types\/page"}],"author":[{"embeddable":true,"href":"https:\/\/groupeproexpo.com\/maries\/wp-json\/wp\/v2\/users\/1"}],"replies":[{"embeddable":true,"href":"https:\/\/groupeproexpo.com\/maries\/wp-json\/wp\/v2\/comments?post=164"}],"version-history":[{"count":323,"href":"https:\/\/groupeproexpo.com\/maries\/wp-json\/wp\/v2\/pages\/164\/revisions"}],"predecessor-version":[{"id":4392,"href":"https:\/\/groupeproexpo.com\/maries\/wp-json\/wp\/v2\/pages\/164\/revisions\/4392"}],"wp:attachment":[{"href":"https:\/\/groupeproexpo.com\/maries\/wp-json\/wp\/v2\/media?parent=164"}],"curies":[{"name":"wp","href":"https:\/\/api.w.org\/{rel}","templated":true}]}}