{"id":2099,"date":"2018-05-14T14:05:05","date_gmt":"2018-05-14T18:05:05","guid":{"rendered":"http:\/\/groupeproexpo.com\/maries\/?page_id=2099"},"modified":"2019-10-22T13:12:36","modified_gmt":"2019-10-22T17:12:36","slug":"pourquoi-visiter-le-salon-des-maries-de-quebec","status":"publish","type":"page","link":"https:\/\/groupeproexpo.com\/maries\/pourquoi-visiter-le-salon-des-maries-de-quebec\/","title":{"rendered":"Pourquoi visiter le Salon des mari\u00e9s de Qu\u00e9bec ?"},"content":{"rendered":"<p>Si vous planifiez votre mariage ou une c\u00e9l\u00e9bration, visiter le <em>Salon des mari\u00e9s de Qu\u00e9bec<\/em> peut s\u2019av\u00e9rer l&rsquo;utilisation la plus efficace et la plus rentable de votre temps !<\/p>\n<figure id=\"attachment_3704\" aria-describedby=\"caption-attachment-3704\" style=\"width: 1561px\" class=\"wp-caption aligncenter\"><img loading=\"lazy\" decoding=\"async\" class=\"size-full wp-image-3704\" src=\"http:\/\/groupeproexpo.com\/maries\/wp-content\/uploads\/sites\/3\/2019\/09\/web-Freepick-609675-PNBXZ3-472.jpg\" alt=\"\" width=\"1561\" height=\"1070\" srcset=\"https:\/\/groupeproexpo.com\/maries\/wp-content\/uploads\/sites\/3\/2019\/09\/web-Freepick-609675-PNBXZ3-472.jpg 1561w, https:\/\/groupeproexpo.com\/maries\/wp-content\/uploads\/sites\/3\/2019\/09\/web-Freepick-609675-PNBXZ3-472-300x206.jpg 300w, https:\/\/groupeproexpo.com\/maries\/wp-content\/uploads\/sites\/3\/2019\/09\/web-Freepick-609675-PNBXZ3-472-768x526.jpg 768w, https:\/\/groupeproexpo.com\/maries\/wp-content\/uploads\/sites\/3\/2019\/09\/web-Freepick-609675-PNBXZ3-472-1024x702.jpg 1024w\" sizes=\"auto, (max-width: 1561px) 100vw, 1561px\" \/><figcaption id=\"caption-attachment-3704\" class=\"wp-caption-text\">Freepik<\/figcaption><\/figure>\n<p><strong><span style=\"color: #de1f8b\">Pour rencontrer des fournisseurs<\/span> &#8211;&nbsp;<\/strong>Dans le confort de votre foyer, vous trouverez facilement sur Internet une grande quantit\u00e9 de blogues au sujet du mariage et des occasions sp\u00e9ciales, de m\u00eame qu\u2019un nombre toujours grandissant d\u2019images inspirantes sur Instagram ou Pinterest. Cependant, rien de tout cela ne peut se comparer \u00e0 une rencontre en personne avec un fournisseur. N\u2019est-ce pas frustrant d\u2019attendre une r\u00e9ponse apr\u00e8s avoir soumis une demande d\u2019information en ligne, ou laiss\u00e9 des messages t\u00e9l\u00e9phoniques ? En visitant le <em>Salon des mari\u00e9s de Qu\u00e9bec<\/em>, vous avec l&rsquo;occasion de rencontrer directement, en personne, les fournisseurs potentiels pour votre \u00e9v\u00e9nement. Vous pouvez ainsi juger rapidement si vous aimez leur travail et s\u2019ils seront des personnes avec qui vous aimerez travailler.<\/p>\n<p><strong><span style=\"color: #de1f8b\">Pour obtenir des conseils et partager des id\u00e9es<\/span> &#8211;&nbsp;<\/strong>Les exposants du <em>Salon des mari\u00e9s de Qu\u00e9bec<\/em> sont des professionnels exp\u00e9riment\u00e9s qui sont sur place pour partager avec vous des conseils dans leur domaine d&rsquo;expertise. En visitant le salon, vous pouvez d\u00e9couvrir des aspects auxquels vous n\u2019aviez pas pens\u00e9 et qui pourraient s&rsquo;ajouter \u00e0 votre mariage ou votre c\u00e9l\u00e9bration. Tous les domaines relatifs au mariage et aux c\u00e9l\u00e9brations sont couverts au <em>Salon des mari\u00e9s de Qu\u00e9bec<\/em>, y compris les tendances en constante \u00e9volution dans cette industrie.<\/p>\n<p><strong><span style=\"color: #de1f8b\">Pour \u00e9conomiser<\/span> &#8211;&nbsp;<\/strong>Plusieurs des fournisseurs au <em>Salon des mari\u00e9s de Qu\u00e9bec<\/em> offrent des \u00abremises de salon\u00bb. Profitez-en pour \u00e9conomiser de l&rsquo;argent !<\/p>\n<p><strong><span style=\"color: #de1f8b\">Pour gagner des prix<\/span> &#8211;&nbsp;<\/strong>Plusieurs des fournisseurs au <em>Salon des mari\u00e9s de Qu\u00e9bec<\/em> offrent aux couples la chance de gagner toutes sortes de prix lorsqu&rsquo;ils visitent leurs kiosques. Il faut bien s\u00fbre \u00eatre pr\u00e9sent au salon pour les d\u00e9couvrir et \u00eatre \u00e9ligible !<\/p>\n<p><span style=\"color: #de1f8b\"><strong>Et beaucoup plus !&nbsp;<\/strong><\/span>Alors, on vous attend au <em>Salon des mari\u00e9s de Qu\u00e9bec, LA R\u00c9F\u00c9RENCE&nbsp; en mariage au Qu\u00e9bec !<\/em><\/p>\n","protected":false},"excerpt":{"rendered":"<div class=\"mh-excerpt\"><p>Si vous planifiez votre mariage ou une c\u00e9l\u00e9bration, visiter le Salon des mari\u00e9s de Qu\u00e9bec peut s\u2019av\u00e9rer l&rsquo;utilisation la plus efficace et la plus rentable de votre temps ! Pour rencontrer des fournisseurs &#8211;&nbsp;Dans le <a class=\"mh-excerpt-more\" href=\"https:\/\/groupeproexpo.com\/maries\/pourquoi-visiter-le-salon-des-maries-de-quebec\/\" title=\"Pourquoi visiter le Salon des mari\u00e9s de Qu\u00e9bec ?\">[&#8230;]<\/a><\/p>\n<\/div>","protected":false},"author":4,"featured_media":0,"parent":0,"menu_order":0,"comment_status":"closed","ping_status":"closed","template":"","meta":{"ngg_post_thumbnail":0,"footnotes":""},"class_list":["post-2099","page","type-page","status-publish","hentry"],"yoast_head":"<!-- This site is optimized with the Yoast SEO plugin v24.4 - https:\/\/yoast.com\/wordpress\/plugins\/seo\/ -->\n<title>Pourquoi visiter le Salon des mari\u00e9s de Qu\u00e9bec ? - Salon des Mari\u00e9s de Qu\u00e9bec<\/title>\n<meta name=\"robots\" content=\"index, follow, max-snippet:-1, max-image-preview:large, max-video-preview:-1\" \/>\n<link rel=\"canonical\" href=\"https:\/\/groupeproexpo.com\/maries\/pourquoi-visiter-le-salon-des-maries-de-quebec\/\" \/>\n<meta property=\"og:locale\" content=\"fr_FR\" \/>\n<meta property=\"og:type\" content=\"article\" \/>\n<meta property=\"og:title\" content=\"Pourquoi visiter le Salon des mari\u00e9s de Qu\u00e9bec ? - Salon des Mari\u00e9s de Qu\u00e9bec\" \/>\n<meta property=\"og:description\" content=\"Si vous planifiez votre mariage ou une c\u00e9l\u00e9bration, visiter le Salon des mari\u00e9s de Qu\u00e9bec peut s\u2019av\u00e9rer l&rsquo;utilisation la plus efficace et la plus rentable de votre temps ! Pour rencontrer des fournisseurs &#8211;&nbsp;Dans le [...]\" \/>\n<meta property=\"og:url\" content=\"https:\/\/groupeproexpo.com\/maries\/pourquoi-visiter-le-salon-des-maries-de-quebec\/\" \/>\n<meta property=\"og:site_name\" content=\"Salon des Mari\u00e9s de Qu\u00e9bec\" \/>\n<meta property=\"article:publisher\" content=\"https:\/\/www.facebook.com\/salondelamarieequebec\/\" \/>\n<meta property=\"article:modified_time\" content=\"2019-10-22T17:12:36+00:00\" \/>\n<meta property=\"og:image\" content=\"https:\/\/groupeproexpo.com\/maries\/wp-content\/uploads\/sites\/3\/2019\/09\/web-Freepick-609675-PNBXZ3-472.jpg\" \/>\n\t<meta property=\"og:image:width\" content=\"1561\" \/>\n\t<meta property=\"og:image:height\" content=\"1070\" \/>\n\t<meta property=\"og:image:type\" content=\"image\/jpeg\" \/>\n<meta name=\"twitter:card\" content=\"summary_large_image\" \/>\n<meta name=\"twitter:label1\" content=\"Dur\u00e9e de lecture estim\u00e9e\" \/>\n\t<meta name=\"twitter:data1\" content=\"2 minutes\" \/>\n<script type=\"application\/ld+json\" class=\"yoast-schema-graph\">{\"@context\":\"https:\/\/schema.org\",\"@graph\":[{\"@type\":\"WebPage\",\"@id\":\"https:\/\/groupeproexpo.com\/maries\/pourquoi-visiter-le-salon-des-maries-de-quebec\/\",\"url\":\"https:\/\/groupeproexpo.com\/maries\/pourquoi-visiter-le-salon-des-maries-de-quebec\/\",\"name\":\"Pourquoi visiter le Salon des mari\u00e9s de Qu\u00e9bec ? - Salon des Mari\u00e9s de Qu\u00e9bec\",\"isPartOf\":{\"@id\":\"https:\/\/groupeproexpo.com\/maries\/#website\"},\"primaryImageOfPage\":{\"@id\":\"https:\/\/groupeproexpo.com\/maries\/pourquoi-visiter-le-salon-des-maries-de-quebec\/#primaryimage\"},\"image\":{\"@id\":\"https:\/\/groupeproexpo.com\/maries\/pourquoi-visiter-le-salon-des-maries-de-quebec\/#primaryimage\"},\"thumbnailUrl\":\"http:\/\/groupeproexpo.com\/maries\/wp-content\/uploads\/sites\/3\/2019\/09\/web-Freepick-609675-PNBXZ3-472.jpg\",\"datePublished\":\"2018-05-14T18:05:05+00:00\",\"dateModified\":\"2019-10-22T17:12:36+00:00\",\"breadcrumb\":{\"@id\":\"https:\/\/groupeproexpo.com\/maries\/pourquoi-visiter-le-salon-des-maries-de-quebec\/#breadcrumb\"},\"inLanguage\":\"fr-FR\",\"potentialAction\":[{\"@type\":\"ReadAction\",\"target\":[\"https:\/\/groupeproexpo.com\/maries\/pourquoi-visiter-le-salon-des-maries-de-quebec\/\"]}]},{\"@type\":\"ImageObject\",\"inLanguage\":\"fr-FR\",\"@id\":\"https:\/\/groupeproexpo.com\/maries\/pourquoi-visiter-le-salon-des-maries-de-quebec\/#primaryimage\",\"url\":\"http:\/\/groupeproexpo.com\/maries\/wp-content\/uploads\/sites\/3\/2019\/09\/web-Freepick-609675-PNBXZ3-472.jpg\",\"contentUrl\":\"http:\/\/groupeproexpo.com\/maries\/wp-content\/uploads\/sites\/3\/2019\/09\/web-Freepick-609675-PNBXZ3-472.jpg\"},{\"@type\":\"BreadcrumbList\",\"@id\":\"https:\/\/groupeproexpo.com\/maries\/pourquoi-visiter-le-salon-des-maries-de-quebec\/#breadcrumb\",\"itemListElement\":[{\"@type\":\"ListItem\",\"position\":1,\"name\":\"Accueil\",\"item\":\"https:\/\/groupeproexpo.com\/maries\/\"},{\"@type\":\"ListItem\",\"position\":2,\"name\":\"Pourquoi visiter le Salon des mari\u00e9s de Qu\u00e9bec ?\"}]},{\"@type\":\"WebSite\",\"@id\":\"https:\/\/groupeproexpo.com\/maries\/#website\",\"url\":\"https:\/\/groupeproexpo.com\/maries\/\",\"name\":\"Salon des Mari\u00e9s de Qu\u00e9bec\",\"description\":\"17-18 janvier 2026 \u2013 Expocit\u00e9\",\"potentialAction\":[{\"@type\":\"SearchAction\",\"target\":{\"@type\":\"EntryPoint\",\"urlTemplate\":\"https:\/\/groupeproexpo.com\/maries\/?s={search_term_string}\"},\"query-input\":{\"@type\":\"PropertyValueSpecification\",\"valueRequired\":true,\"valueName\":\"search_term_string\"}}],\"inLanguage\":\"fr-FR\"}]}<\/script>\n<!-- \/ Yoast SEO plugin. -->","yoast_head_json":{"title":"Pourquoi visiter le Salon des mari\u00e9s de Qu\u00e9bec ? - Salon des Mari\u00e9s de Qu\u00e9bec","robots":{"index":"index","follow":"follow","max-snippet":"max-snippet:-1","max-image-preview":"max-image-preview:large","max-video-preview":"max-video-preview:-1"},"canonical":"https:\/\/groupeproexpo.com\/maries\/pourquoi-visiter-le-salon-des-maries-de-quebec\/","og_locale":"fr_FR","og_type":"article","og_title":"Pourquoi visiter le Salon des mari\u00e9s de Qu\u00e9bec ? - Salon des Mari\u00e9s de Qu\u00e9bec","og_description":"Si vous planifiez votre mariage ou une c\u00e9l\u00e9bration, visiter le Salon des mari\u00e9s de Qu\u00e9bec peut s\u2019av\u00e9rer l&rsquo;utilisation la plus efficace et la plus rentable de votre temps ! Pour rencontrer des fournisseurs &#8211;&nbsp;Dans le [...]","og_url":"https:\/\/groupeproexpo.com\/maries\/pourquoi-visiter-le-salon-des-maries-de-quebec\/","og_site_name":"Salon des Mari\u00e9s de Qu\u00e9bec","article_publisher":"https:\/\/www.facebook.com\/salondelamarieequebec\/","article_modified_time":"2019-10-22T17:12:36+00:00","og_image":[{"width":1561,"height":1070,"url":"https:\/\/groupeproexpo.com\/maries\/wp-content\/uploads\/sites\/3\/2019\/09\/web-Freepick-609675-PNBXZ3-472.jpg","type":"image\/jpeg"}],"twitter_card":"summary_large_image","twitter_misc":{"Dur\u00e9e de lecture estim\u00e9e":"2 minutes"},"schema":{"@context":"https:\/\/schema.org","@graph":[{"@type":"WebPage","@id":"https:\/\/groupeproexpo.com\/maries\/pourquoi-visiter-le-salon-des-maries-de-quebec\/","url":"https:\/\/groupeproexpo.com\/maries\/pourquoi-visiter-le-salon-des-maries-de-quebec\/","name":"Pourquoi visiter le Salon des mari\u00e9s de Qu\u00e9bec ? - Salon des Mari\u00e9s de Qu\u00e9bec","isPartOf":{"@id":"https:\/\/groupeproexpo.com\/maries\/#website"},"primaryImageOfPage":{"@id":"https:\/\/groupeproexpo.com\/maries\/pourquoi-visiter-le-salon-des-maries-de-quebec\/#primaryimage"},"image":{"@id":"https:\/\/groupeproexpo.com\/maries\/pourquoi-visiter-le-salon-des-maries-de-quebec\/#primaryimage"},"thumbnailUrl":"http:\/\/groupeproexpo.com\/maries\/wp-content\/uploads\/sites\/3\/2019\/09\/web-Freepick-609675-PNBXZ3-472.jpg","datePublished":"2018-05-14T18:05:05+00:00","dateModified":"2019-10-22T17:12:36+00:00","breadcrumb":{"@id":"https:\/\/groupeproexpo.com\/maries\/pourquoi-visiter-le-salon-des-maries-de-quebec\/#breadcrumb"},"inLanguage":"fr-FR","potentialAction":[{"@type":"ReadAction","target":["https:\/\/groupeproexpo.com\/maries\/pourquoi-visiter-le-salon-des-maries-de-quebec\/"]}]},{"@type":"ImageObject","inLanguage":"fr-FR","@id":"https:\/\/groupeproexpo.com\/maries\/pourquoi-visiter-le-salon-des-maries-de-quebec\/#primaryimage","url":"http:\/\/groupeproexpo.com\/maries\/wp-content\/uploads\/sites\/3\/2019\/09\/web-Freepick-609675-PNBXZ3-472.jpg","contentUrl":"http:\/\/groupeproexpo.com\/maries\/wp-content\/uploads\/sites\/3\/2019\/09\/web-Freepick-609675-PNBXZ3-472.jpg"},{"@type":"BreadcrumbList","@id":"https:\/\/groupeproexpo.com\/maries\/pourquoi-visiter-le-salon-des-maries-de-quebec\/#breadcrumb","itemListElement":[{"@type":"ListItem","position":1,"name":"Accueil","item":"https:\/\/groupeproexpo.com\/maries\/"},{"@type":"ListItem","position":2,"name":"Pourquoi visiter le Salon des mari\u00e9s de Qu\u00e9bec ?"}]},{"@type":"WebSite","@id":"https:\/\/groupeproexpo.com\/maries\/#website","url":"https:\/\/groupeproexpo.com\/maries\/","name":"Salon des Mari\u00e9s de Qu\u00e9bec","description":"17-18 janvier 2026 \u2013 Expocit\u00e9","potentialAction":[{"@type":"SearchAction","target":{"@type":"EntryPoint","urlTemplate":"https:\/\/groupeproexpo.com\/maries\/?s={search_term_string}"},"query-input":{"@type":"PropertyValueSpecification","valueRequired":true,"valueName":"search_term_string"}}],"inLanguage":"fr-FR"}]}},"_links":{"self":[{"href":"https:\/\/groupeproexpo.com\/maries\/wp-json\/wp\/v2\/pages\/2099","targetHints":{"allow":["GET"]}}],"collection":[{"href":"https:\/\/groupeproexpo.com\/maries\/wp-json\/wp\/v2\/pages"}],"about":[{"href":"https:\/\/groupeproexpo.com\/maries\/wp-json\/wp\/v2\/types\/page"}],"author":[{"embeddable":true,"href":"https:\/\/groupeproexpo.com\/maries\/wp-json\/wp\/v2\/users\/4"}],"replies":[{"embeddable":true,"href":"https:\/\/groupeproexpo.com\/maries\/wp-json\/wp\/v2\/comments?post=2099"}],"version-history":[{"count":20,"href":"https:\/\/groupeproexpo.com\/maries\/wp-json\/wp\/v2\/pages\/2099\/revisions"}],"predecessor-version":[{"id":3933,"href":"https:\/\/groupeproexpo.com\/maries\/wp-json\/wp\/v2\/pages\/2099\/revisions\/3933"}],"wp:attachment":[{"href":"https:\/\/groupeproexpo.com\/maries\/wp-json\/wp\/v2\/media?parent=2099"}],"curies":[{"name":"wp","href":"https:\/\/api.w.org\/{rel}","templated":true}]}}