{"id":26,"date":"2016-08-29T15:16:55","date_gmt":"2016-08-29T19:16:55","guid":{"rendered":"http:\/\/groupeproexpo.com\/mariee\/?page_id=26"},"modified":"2022-06-09T15:55:42","modified_gmt":"2022-06-09T19:55:42","slug":"campagne-publicitaire","status":"publish","type":"page","link":"https:\/\/groupeproexpo.com\/maries\/campagne-publicitaire\/","title":{"rendered":"Campagne publicitaire"},"content":{"rendered":"<p>Le <strong>Salon des Mari\u00e9s de Qu\u00e9bec<\/strong> b\u00e9n\u00e9ficiera d&rsquo;une couverture d&rsquo;impact majeur. En effet, une vaste campagne de publicit\u00e9 et de relations publiques a \u00e9t\u00e9 \u00e9labor\u00e9e afin d&rsquo;obtenir un maximum de visiteurs.<\/p>\n<figure id=\"attachment_3944\" aria-describedby=\"caption-attachment-3944\" style=\"width: 1500px\" class=\"wp-caption aligncenter\"><img loading=\"lazy\" decoding=\"async\" class=\"size-full wp-image-3944\" src=\"http:\/\/groupeproexpo.com\/maries\/wp-content\/uploads\/sites\/3\/2019\/10\/ROSE-Freepik-freepic_diller9488.jpg\" alt=\"\" width=\"1500\" height=\"1000\" srcset=\"https:\/\/groupeproexpo.com\/maries\/wp-content\/uploads\/sites\/3\/2019\/10\/ROSE-Freepik-freepic_diller9488.jpg 1500w, https:\/\/groupeproexpo.com\/maries\/wp-content\/uploads\/sites\/3\/2019\/10\/ROSE-Freepik-freepic_diller9488-300x200.jpg 300w, https:\/\/groupeproexpo.com\/maries\/wp-content\/uploads\/sites\/3\/2019\/10\/ROSE-Freepik-freepic_diller9488-768x512.jpg 768w, https:\/\/groupeproexpo.com\/maries\/wp-content\/uploads\/sites\/3\/2019\/10\/ROSE-Freepik-freepic_diller9488-1024x683.jpg 1024w\" sizes=\"auto, (max-width: 1500px) 100vw, 1500px\" \/><figcaption id=\"caption-attachment-3944\" class=\"wp-caption-text\">Freepik freepic_diller<\/figcaption><\/figure>\n<p><b>La campagne comportera:<\/b><\/p>\n<ul>\n<li>Messages publicitaires \u00e0 la radio et \u00e0 la t\u00e9l\u00e9vision<\/li>\n<li>Annonces publicitaires :\n<ul>\n<li>Journaux<\/li>\n<li>Certains hebdos locaux<\/li>\n<\/ul>\n<\/li>\n<li>Pr\u00e9sence active sur les r\u00e9seaux sociaux<\/li>\n<li>Communiqu\u00e9s de presse<\/li>\n<li>Billets de faveur<\/li>\n<li>Site Internet<\/li>\n<\/ul>\n<p>Bref, rien ne sera n\u00e9glig\u00e9 afin d&rsquo;attirer le plus de visiteurs possible puisque l&rsquo;une de nos pr\u00e9occupations est votre satisfaction.<\/p>\n","protected":false},"excerpt":{"rendered":"<div class=\"mh-excerpt\"><p>Le Salon des Mari\u00e9s de Qu\u00e9bec b\u00e9n\u00e9ficiera d&rsquo;une couverture d&rsquo;impact majeur. En effet, une vaste campagne de publicit\u00e9 et de relations publiques a \u00e9t\u00e9 \u00e9labor\u00e9e afin d&rsquo;obtenir un maximum de visiteurs. La campagne comportera: Messages <a class=\"mh-excerpt-more\" href=\"https:\/\/groupeproexpo.com\/maries\/campagne-publicitaire\/\" title=\"Campagne publicitaire\">[&#8230;]<\/a><\/p>\n<\/div>","protected":false},"author":1,"featured_media":0,"parent":0,"menu_order":0,"comment_status":"closed","ping_status":"closed","template":"","meta":{"ngg_post_thumbnail":0,"footnotes":""},"class_list":["post-26","page","type-page","status-publish","hentry"],"yoast_head":"<!-- This site is optimized with the Yoast SEO plugin v24.4 - https:\/\/yoast.com\/wordpress\/plugins\/seo\/ -->\n<title>Campagne publicitaire - Salon des Mari\u00e9s de Qu\u00e9bec<\/title>\n<meta name=\"robots\" content=\"index, follow, max-snippet:-1, max-image-preview:large, max-video-preview:-1\" \/>\n<link rel=\"canonical\" href=\"https:\/\/groupeproexpo.com\/maries\/campagne-publicitaire\/\" \/>\n<meta property=\"og:locale\" content=\"fr_FR\" \/>\n<meta property=\"og:type\" content=\"article\" \/>\n<meta property=\"og:title\" content=\"Campagne publicitaire - Salon des Mari\u00e9s de Qu\u00e9bec\" \/>\n<meta property=\"og:description\" content=\"Le Salon des Mari\u00e9s de Qu\u00e9bec b\u00e9n\u00e9ficiera d&rsquo;une couverture d&rsquo;impact majeur. En effet, une vaste campagne de publicit\u00e9 et de relations publiques a \u00e9t\u00e9 \u00e9labor\u00e9e afin d&rsquo;obtenir un maximum de visiteurs. La campagne comportera: Messages [...]\" \/>\n<meta property=\"og:url\" content=\"https:\/\/groupeproexpo.com\/maries\/campagne-publicitaire\/\" \/>\n<meta property=\"og:site_name\" content=\"Salon des Mari\u00e9s de Qu\u00e9bec\" \/>\n<meta property=\"article:publisher\" content=\"https:\/\/www.facebook.com\/salondelamarieequebec\/\" \/>\n<meta property=\"article:modified_time\" content=\"2022-06-09T19:55:42+00:00\" \/>\n<meta property=\"og:image\" content=\"https:\/\/groupeproexpo.com\/maries\/wp-content\/uploads\/sites\/3\/2019\/10\/ROSE-Freepik-freepic_diller9488.jpg\" \/>\n\t<meta property=\"og:image:width\" content=\"1500\" \/>\n\t<meta property=\"og:image:height\" content=\"1000\" \/>\n\t<meta property=\"og:image:type\" content=\"image\/jpeg\" \/>\n<meta name=\"twitter:card\" content=\"summary_large_image\" \/>\n<meta name=\"twitter:label1\" content=\"Dur\u00e9e de lecture estim\u00e9e\" \/>\n\t<meta name=\"twitter:data1\" content=\"1 minute\" \/>\n<script type=\"application\/ld+json\" class=\"yoast-schema-graph\">{\"@context\":\"https:\/\/schema.org\",\"@graph\":[{\"@type\":\"WebPage\",\"@id\":\"https:\/\/groupeproexpo.com\/maries\/campagne-publicitaire\/\",\"url\":\"https:\/\/groupeproexpo.com\/maries\/campagne-publicitaire\/\",\"name\":\"Campagne publicitaire - Salon des Mari\u00e9s de Qu\u00e9bec\",\"isPartOf\":{\"@id\":\"https:\/\/groupeproexpo.com\/maries\/#website\"},\"primaryImageOfPage\":{\"@id\":\"https:\/\/groupeproexpo.com\/maries\/campagne-publicitaire\/#primaryimage\"},\"image\":{\"@id\":\"https:\/\/groupeproexpo.com\/maries\/campagne-publicitaire\/#primaryimage\"},\"thumbnailUrl\":\"http:\/\/groupeproexpo.com\/maries\/wp-content\/uploads\/sites\/3\/2019\/10\/ROSE-Freepik-freepic_diller9488.jpg\",\"datePublished\":\"2016-08-29T19:16:55+00:00\",\"dateModified\":\"2022-06-09T19:55:42+00:00\",\"breadcrumb\":{\"@id\":\"https:\/\/groupeproexpo.com\/maries\/campagne-publicitaire\/#breadcrumb\"},\"inLanguage\":\"fr-FR\",\"potentialAction\":[{\"@type\":\"ReadAction\",\"target\":[\"https:\/\/groupeproexpo.com\/maries\/campagne-publicitaire\/\"]}]},{\"@type\":\"ImageObject\",\"inLanguage\":\"fr-FR\",\"@id\":\"https:\/\/groupeproexpo.com\/maries\/campagne-publicitaire\/#primaryimage\",\"url\":\"http:\/\/groupeproexpo.com\/maries\/wp-content\/uploads\/sites\/3\/2019\/10\/ROSE-Freepik-freepic_diller9488.jpg\",\"contentUrl\":\"http:\/\/groupeproexpo.com\/maries\/wp-content\/uploads\/sites\/3\/2019\/10\/ROSE-Freepik-freepic_diller9488.jpg\"},{\"@type\":\"BreadcrumbList\",\"@id\":\"https:\/\/groupeproexpo.com\/maries\/campagne-publicitaire\/#breadcrumb\",\"itemListElement\":[{\"@type\":\"ListItem\",\"position\":1,\"name\":\"Accueil\",\"item\":\"https:\/\/groupeproexpo.com\/maries\/\"},{\"@type\":\"ListItem\",\"position\":2,\"name\":\"Campagne publicitaire\"}]},{\"@type\":\"WebSite\",\"@id\":\"https:\/\/groupeproexpo.com\/maries\/#website\",\"url\":\"https:\/\/groupeproexpo.com\/maries\/\",\"name\":\"Salon des Mari\u00e9s de Qu\u00e9bec\",\"description\":\"17-18 janvier 2026 \u2013 Expocit\u00e9\",\"potentialAction\":[{\"@type\":\"SearchAction\",\"target\":{\"@type\":\"EntryPoint\",\"urlTemplate\":\"https:\/\/groupeproexpo.com\/maries\/?s={search_term_string}\"},\"query-input\":{\"@type\":\"PropertyValueSpecification\",\"valueRequired\":true,\"valueName\":\"search_term_string\"}}],\"inLanguage\":\"fr-FR\"}]}<\/script>\n<!-- \/ Yoast SEO plugin. -->","yoast_head_json":{"title":"Campagne publicitaire - Salon des Mari\u00e9s de Qu\u00e9bec","robots":{"index":"index","follow":"follow","max-snippet":"max-snippet:-1","max-image-preview":"max-image-preview:large","max-video-preview":"max-video-preview:-1"},"canonical":"https:\/\/groupeproexpo.com\/maries\/campagne-publicitaire\/","og_locale":"fr_FR","og_type":"article","og_title":"Campagne publicitaire - Salon des Mari\u00e9s de Qu\u00e9bec","og_description":"Le Salon des Mari\u00e9s de Qu\u00e9bec b\u00e9n\u00e9ficiera d&rsquo;une couverture d&rsquo;impact majeur. En effet, une vaste campagne de publicit\u00e9 et de relations publiques a \u00e9t\u00e9 \u00e9labor\u00e9e afin d&rsquo;obtenir un maximum de visiteurs. La campagne comportera: Messages [...]","og_url":"https:\/\/groupeproexpo.com\/maries\/campagne-publicitaire\/","og_site_name":"Salon des Mari\u00e9s de Qu\u00e9bec","article_publisher":"https:\/\/www.facebook.com\/salondelamarieequebec\/","article_modified_time":"2022-06-09T19:55:42+00:00","og_image":[{"width":1500,"height":1000,"url":"https:\/\/groupeproexpo.com\/maries\/wp-content\/uploads\/sites\/3\/2019\/10\/ROSE-Freepik-freepic_diller9488.jpg","type":"image\/jpeg"}],"twitter_card":"summary_large_image","twitter_misc":{"Dur\u00e9e de lecture estim\u00e9e":"1 minute"},"schema":{"@context":"https:\/\/schema.org","@graph":[{"@type":"WebPage","@id":"https:\/\/groupeproexpo.com\/maries\/campagne-publicitaire\/","url":"https:\/\/groupeproexpo.com\/maries\/campagne-publicitaire\/","name":"Campagne publicitaire - Salon des Mari\u00e9s de Qu\u00e9bec","isPartOf":{"@id":"https:\/\/groupeproexpo.com\/maries\/#website"},"primaryImageOfPage":{"@id":"https:\/\/groupeproexpo.com\/maries\/campagne-publicitaire\/#primaryimage"},"image":{"@id":"https:\/\/groupeproexpo.com\/maries\/campagne-publicitaire\/#primaryimage"},"thumbnailUrl":"http:\/\/groupeproexpo.com\/maries\/wp-content\/uploads\/sites\/3\/2019\/10\/ROSE-Freepik-freepic_diller9488.jpg","datePublished":"2016-08-29T19:16:55+00:00","dateModified":"2022-06-09T19:55:42+00:00","breadcrumb":{"@id":"https:\/\/groupeproexpo.com\/maries\/campagne-publicitaire\/#breadcrumb"},"inLanguage":"fr-FR","potentialAction":[{"@type":"ReadAction","target":["https:\/\/groupeproexpo.com\/maries\/campagne-publicitaire\/"]}]},{"@type":"ImageObject","inLanguage":"fr-FR","@id":"https:\/\/groupeproexpo.com\/maries\/campagne-publicitaire\/#primaryimage","url":"http:\/\/groupeproexpo.com\/maries\/wp-content\/uploads\/sites\/3\/2019\/10\/ROSE-Freepik-freepic_diller9488.jpg","contentUrl":"http:\/\/groupeproexpo.com\/maries\/wp-content\/uploads\/sites\/3\/2019\/10\/ROSE-Freepik-freepic_diller9488.jpg"},{"@type":"BreadcrumbList","@id":"https:\/\/groupeproexpo.com\/maries\/campagne-publicitaire\/#breadcrumb","itemListElement":[{"@type":"ListItem","position":1,"name":"Accueil","item":"https:\/\/groupeproexpo.com\/maries\/"},{"@type":"ListItem","position":2,"name":"Campagne publicitaire"}]},{"@type":"WebSite","@id":"https:\/\/groupeproexpo.com\/maries\/#website","url":"https:\/\/groupeproexpo.com\/maries\/","name":"Salon des Mari\u00e9s de Qu\u00e9bec","description":"17-18 janvier 2026 \u2013 Expocit\u00e9","potentialAction":[{"@type":"SearchAction","target":{"@type":"EntryPoint","urlTemplate":"https:\/\/groupeproexpo.com\/maries\/?s={search_term_string}"},"query-input":{"@type":"PropertyValueSpecification","valueRequired":true,"valueName":"search_term_string"}}],"inLanguage":"fr-FR"}]}},"_links":{"self":[{"href":"https:\/\/groupeproexpo.com\/maries\/wp-json\/wp\/v2\/pages\/26","targetHints":{"allow":["GET"]}}],"collection":[{"href":"https:\/\/groupeproexpo.com\/maries\/wp-json\/wp\/v2\/pages"}],"about":[{"href":"https:\/\/groupeproexpo.com\/maries\/wp-json\/wp\/v2\/types\/page"}],"author":[{"embeddable":true,"href":"https:\/\/groupeproexpo.com\/maries\/wp-json\/wp\/v2\/users\/1"}],"replies":[{"embeddable":true,"href":"https:\/\/groupeproexpo.com\/maries\/wp-json\/wp\/v2\/comments?post=26"}],"version-history":[{"count":23,"href":"https:\/\/groupeproexpo.com\/maries\/wp-json\/wp\/v2\/pages\/26\/revisions"}],"predecessor-version":[{"id":4087,"href":"https:\/\/groupeproexpo.com\/maries\/wp-json\/wp\/v2\/pages\/26\/revisions\/4087"}],"wp:attachment":[{"href":"https:\/\/groupeproexpo.com\/maries\/wp-json\/wp\/v2\/media?parent=26"}],"curies":[{"name":"wp","href":"https:\/\/api.w.org\/{rel}","templated":true}]}}