{"id":3180,"date":"2018-12-03T15:26:03","date_gmt":"2018-12-03T20:26:03","guid":{"rendered":"http:\/\/groupeproexpo.com\/maries\/?page_id=3180"},"modified":"2019-10-22T13:14:28","modified_gmt":"2019-10-22T17:14:28","slug":"pourquoi-exposer-au-salon-des-maries-de-quebec","status":"publish","type":"page","link":"https:\/\/groupeproexpo.com\/maries\/pourquoi-exposer-au-salon-des-maries-de-quebec\/","title":{"rendered":"Pourquoi exposer au Salon des mari\u00e9s de Qu\u00e9bec ?"},"content":{"rendered":"<p>Avec plus de trois d\u00e9cennies d\u2019activit\u00e9, le Salon des mari\u00e9s de Qu\u00e9bec est devenu une valeur s\u00fbre pour toutes les entreprises \u0153uvrant dans l\u2019industrie du mariage, de m\u00eame qu\u2019un rendez-vous incontournable pour les futurs mari\u00e9s de la r\u00e9gion.<\/p>\n<figure id=\"attachment_3704\" aria-describedby=\"caption-attachment-3704\" style=\"width: 1561px\" class=\"wp-caption aligncenter\"><img loading=\"lazy\" decoding=\"async\" class=\"size-full wp-image-3704\" src=\"http:\/\/groupeproexpo.com\/maries\/wp-content\/uploads\/sites\/3\/2019\/09\/web-Freepick-609675-PNBXZ3-472.jpg\" alt=\"\" width=\"1561\" height=\"1070\" srcset=\"https:\/\/groupeproexpo.com\/maries\/wp-content\/uploads\/sites\/3\/2019\/09\/web-Freepick-609675-PNBXZ3-472.jpg 1561w, https:\/\/groupeproexpo.com\/maries\/wp-content\/uploads\/sites\/3\/2019\/09\/web-Freepick-609675-PNBXZ3-472-300x206.jpg 300w, https:\/\/groupeproexpo.com\/maries\/wp-content\/uploads\/sites\/3\/2019\/09\/web-Freepick-609675-PNBXZ3-472-768x526.jpg 768w, https:\/\/groupeproexpo.com\/maries\/wp-content\/uploads\/sites\/3\/2019\/09\/web-Freepick-609675-PNBXZ3-472-1024x702.jpg 1024w\" sizes=\"auto, (max-width: 1561px) 100vw, 1561px\" \/><figcaption id=\"caption-attachment-3704\" class=\"wp-caption-text\">Freepik<\/figcaption><\/figure>\n<p>Le Salon des mari\u00e9s de Qu\u00e9bec vous offre de nombreux avantages :<br \/>\n\u2022 Les dates de l\u2019\u00e9v\u00e9nement s\u2019av\u00e8rent le moment id\u00e9al pour les futurs mari\u00e9s<br \/>\n\u2022 La grande vari\u00e9t\u00e9 des exposants couvre tous les aspects du mariage<br \/>\n\u2022 Le cachet unique du d\u00e9fil\u00e9 de mode est un attractif majeur<br \/>\n\u2022 Le promoteur de l\u2019\u00e9v\u00e9nement cumule plus de 25 ans d&rsquo;exp\u00e9rience<\/p>\n<p><span style=\"color: #de1f9b\"><strong>UNE CLIENT\u00c8LE FID\u00c8LE&nbsp;<\/strong><\/span>&#8211; Malgr\u00e9 les nombreuses variations du nombre de mariages depuis les ann\u00e9es 1980, le Salon des mari\u00e9s de Qu\u00e9bec re\u00e7oit chaque ann\u00e9e environ 3000 futurs mari\u00e9s \u00e0 la recherche de produits et services pour c\u00e9l\u00e9brer leur amour. Une p\u00e9rennit\u00e9 qui en dit long sur la pertinence de notre \u00e9v\u00e9nement !<\/p>\n<p><strong><span style=\"color: #de1f9b\">DES PARTENAIRES STRAT\u00c9GIQUES ET TENDANCES&nbsp;<\/span><\/strong>&#8211; Toujours sous le signe de l\u2019\u00e9l\u00e9gance, du raffinement et du romantisme, le Salon des mari\u00e9s de Qu\u00e9bec a \u00e0 c\u0153ur de rester \u00e0 l\u2019affut des tendances, tout en valorisant ses acquis. Ainsi, pour chacune de ses \u00e9ditions, le Salon des mari\u00e9s de Qu\u00e9bec peut compter sur des partenaires de choix dont : la Maison Victoria, le magazine Mariage Qu\u00e9bec, l\u2019Agence EVA, et Apparat! Coiffure et cie.<\/p>\n<p><strong><span style=\"color: #de1f9b\">UNE PROMOTION ENTHOUSIASTE&nbsp;<\/span><\/strong>&#8211; Notre solide campagne promotionnelle (r\u00e9alis\u00e9e par une firme sp\u00e9cialis\u00e9e) pr\u00e9voie une campagne promotionnelle cibl\u00e9e sur Facebook et Instagram, compl\u00e9tant l\u2019impact de nos messages publicitaires \u00e0 la radio et \u00e0 la t\u00e9l\u00e9vision, nos annonces publicitaires dans le magazine Mariage Qu\u00e9bec et certains journaux locaux, nos communiqu\u00e9s de presse et notre site Internet.<\/p>\n<p>Devenir exposant au&nbsp;<em>Salon des mari\u00e9s de Qu\u00e9bec<\/em>&nbsp;demeure le m\u00e9dia promotionnel le plus efficace, car vous avez la possibilit\u00e9 d\u2019ajuster votre message selon les besoins de votre client qui est devant vous et de cr\u00e9er un lien de confiance instantan\u00e9. La participation \u00e0 un salon est un excellent moyen de cultiver votre image et d\u2019am\u00e9liorer votre notori\u00e9t\u00e9, de g\u00e9n\u00e9rer un maximum de contacts \u00e0 court terme, et bien plus encore.&nbsp;Ne ratez pas cette occasion exceptionnelle d\u2019atteindre vos publics cibles et d\u2019augmenter votre chiffre d\u2019affaires !<\/p>\n","protected":false},"excerpt":{"rendered":"<div class=\"mh-excerpt\"><p>Avec plus de trois d\u00e9cennies d\u2019activit\u00e9, le Salon des mari\u00e9s de Qu\u00e9bec est devenu une valeur s\u00fbre pour toutes les entreprises \u0153uvrant dans l\u2019industrie du mariage, de m\u00eame qu\u2019un rendez-vous incontournable pour les futurs mari\u00e9s <a class=\"mh-excerpt-more\" href=\"https:\/\/groupeproexpo.com\/maries\/pourquoi-exposer-au-salon-des-maries-de-quebec\/\" title=\"Pourquoi exposer au Salon des mari\u00e9s de Qu\u00e9bec ?\">[&#8230;]<\/a><\/p>\n<\/div>","protected":false},"author":4,"featured_media":0,"parent":0,"menu_order":0,"comment_status":"closed","ping_status":"closed","template":"","meta":{"ngg_post_thumbnail":0,"footnotes":""},"class_list":["post-3180","page","type-page","status-publish","hentry"],"yoast_head":"<!-- This site is optimized with the Yoast SEO plugin v24.4 - https:\/\/yoast.com\/wordpress\/plugins\/seo\/ -->\n<title>Pourquoi exposer au Salon des mari\u00e9s de Qu\u00e9bec ? - Salon des Mari\u00e9s de Qu\u00e9bec<\/title>\n<meta name=\"robots\" content=\"index, follow, max-snippet:-1, max-image-preview:large, max-video-preview:-1\" \/>\n<link rel=\"canonical\" href=\"https:\/\/groupeproexpo.com\/maries\/pourquoi-exposer-au-salon-des-maries-de-quebec\/\" \/>\n<meta property=\"og:locale\" content=\"fr_FR\" \/>\n<meta property=\"og:type\" content=\"article\" \/>\n<meta property=\"og:title\" content=\"Pourquoi exposer au Salon des mari\u00e9s de Qu\u00e9bec ? - Salon des Mari\u00e9s de Qu\u00e9bec\" \/>\n<meta property=\"og:description\" content=\"Avec plus de trois d\u00e9cennies d\u2019activit\u00e9, le Salon des mari\u00e9s de Qu\u00e9bec est devenu une valeur s\u00fbre pour toutes les entreprises \u0153uvrant dans l\u2019industrie du mariage, de m\u00eame qu\u2019un rendez-vous incontournable pour les futurs mari\u00e9s [...]\" \/>\n<meta property=\"og:url\" content=\"https:\/\/groupeproexpo.com\/maries\/pourquoi-exposer-au-salon-des-maries-de-quebec\/\" \/>\n<meta property=\"og:site_name\" content=\"Salon des Mari\u00e9s de Qu\u00e9bec\" \/>\n<meta property=\"article:publisher\" content=\"https:\/\/www.facebook.com\/salondelamarieequebec\/\" \/>\n<meta property=\"article:modified_time\" content=\"2019-10-22T17:14:28+00:00\" \/>\n<meta property=\"og:image\" content=\"https:\/\/groupeproexpo.com\/maries\/wp-content\/uploads\/sites\/3\/2019\/09\/web-Freepick-609675-PNBXZ3-472.jpg\" \/>\n\t<meta property=\"og:image:width\" content=\"1561\" \/>\n\t<meta property=\"og:image:height\" content=\"1070\" \/>\n\t<meta property=\"og:image:type\" content=\"image\/jpeg\" \/>\n<meta name=\"twitter:card\" content=\"summary_large_image\" \/>\n<meta name=\"twitter:label1\" content=\"Dur\u00e9e de lecture estim\u00e9e\" \/>\n\t<meta name=\"twitter:data1\" content=\"2 minutes\" \/>\n<script type=\"application\/ld+json\" class=\"yoast-schema-graph\">{\"@context\":\"https:\/\/schema.org\",\"@graph\":[{\"@type\":\"WebPage\",\"@id\":\"https:\/\/groupeproexpo.com\/maries\/pourquoi-exposer-au-salon-des-maries-de-quebec\/\",\"url\":\"https:\/\/groupeproexpo.com\/maries\/pourquoi-exposer-au-salon-des-maries-de-quebec\/\",\"name\":\"Pourquoi exposer au Salon des mari\u00e9s de Qu\u00e9bec ? - Salon des Mari\u00e9s de Qu\u00e9bec\",\"isPartOf\":{\"@id\":\"https:\/\/groupeproexpo.com\/maries\/#website\"},\"primaryImageOfPage\":{\"@id\":\"https:\/\/groupeproexpo.com\/maries\/pourquoi-exposer-au-salon-des-maries-de-quebec\/#primaryimage\"},\"image\":{\"@id\":\"https:\/\/groupeproexpo.com\/maries\/pourquoi-exposer-au-salon-des-maries-de-quebec\/#primaryimage\"},\"thumbnailUrl\":\"http:\/\/groupeproexpo.com\/maries\/wp-content\/uploads\/sites\/3\/2019\/09\/web-Freepick-609675-PNBXZ3-472.jpg\",\"datePublished\":\"2018-12-03T20:26:03+00:00\",\"dateModified\":\"2019-10-22T17:14:28+00:00\",\"breadcrumb\":{\"@id\":\"https:\/\/groupeproexpo.com\/maries\/pourquoi-exposer-au-salon-des-maries-de-quebec\/#breadcrumb\"},\"inLanguage\":\"fr-FR\",\"potentialAction\":[{\"@type\":\"ReadAction\",\"target\":[\"https:\/\/groupeproexpo.com\/maries\/pourquoi-exposer-au-salon-des-maries-de-quebec\/\"]}]},{\"@type\":\"ImageObject\",\"inLanguage\":\"fr-FR\",\"@id\":\"https:\/\/groupeproexpo.com\/maries\/pourquoi-exposer-au-salon-des-maries-de-quebec\/#primaryimage\",\"url\":\"http:\/\/groupeproexpo.com\/maries\/wp-content\/uploads\/sites\/3\/2019\/09\/web-Freepick-609675-PNBXZ3-472.jpg\",\"contentUrl\":\"http:\/\/groupeproexpo.com\/maries\/wp-content\/uploads\/sites\/3\/2019\/09\/web-Freepick-609675-PNBXZ3-472.jpg\"},{\"@type\":\"BreadcrumbList\",\"@id\":\"https:\/\/groupeproexpo.com\/maries\/pourquoi-exposer-au-salon-des-maries-de-quebec\/#breadcrumb\",\"itemListElement\":[{\"@type\":\"ListItem\",\"position\":1,\"name\":\"Accueil\",\"item\":\"https:\/\/groupeproexpo.com\/maries\/\"},{\"@type\":\"ListItem\",\"position\":2,\"name\":\"Pourquoi exposer au Salon des mari\u00e9s de Qu\u00e9bec ?\"}]},{\"@type\":\"WebSite\",\"@id\":\"https:\/\/groupeproexpo.com\/maries\/#website\",\"url\":\"https:\/\/groupeproexpo.com\/maries\/\",\"name\":\"Salon des Mari\u00e9s de Qu\u00e9bec\",\"description\":\"17-18 janvier 2026 \u2013 Expocit\u00e9\",\"potentialAction\":[{\"@type\":\"SearchAction\",\"target\":{\"@type\":\"EntryPoint\",\"urlTemplate\":\"https:\/\/groupeproexpo.com\/maries\/?s={search_term_string}\"},\"query-input\":{\"@type\":\"PropertyValueSpecification\",\"valueRequired\":true,\"valueName\":\"search_term_string\"}}],\"inLanguage\":\"fr-FR\"}]}<\/script>\n<!-- \/ Yoast SEO plugin. -->","yoast_head_json":{"title":"Pourquoi exposer au Salon des mari\u00e9s de Qu\u00e9bec ? - Salon des Mari\u00e9s de Qu\u00e9bec","robots":{"index":"index","follow":"follow","max-snippet":"max-snippet:-1","max-image-preview":"max-image-preview:large","max-video-preview":"max-video-preview:-1"},"canonical":"https:\/\/groupeproexpo.com\/maries\/pourquoi-exposer-au-salon-des-maries-de-quebec\/","og_locale":"fr_FR","og_type":"article","og_title":"Pourquoi exposer au Salon des mari\u00e9s de Qu\u00e9bec ? - Salon des Mari\u00e9s de Qu\u00e9bec","og_description":"Avec plus de trois d\u00e9cennies d\u2019activit\u00e9, le Salon des mari\u00e9s de Qu\u00e9bec est devenu une valeur s\u00fbre pour toutes les entreprises \u0153uvrant dans l\u2019industrie du mariage, de m\u00eame qu\u2019un rendez-vous incontournable pour les futurs mari\u00e9s [...]","og_url":"https:\/\/groupeproexpo.com\/maries\/pourquoi-exposer-au-salon-des-maries-de-quebec\/","og_site_name":"Salon des Mari\u00e9s de Qu\u00e9bec","article_publisher":"https:\/\/www.facebook.com\/salondelamarieequebec\/","article_modified_time":"2019-10-22T17:14:28+00:00","og_image":[{"width":1561,"height":1070,"url":"https:\/\/groupeproexpo.com\/maries\/wp-content\/uploads\/sites\/3\/2019\/09\/web-Freepick-609675-PNBXZ3-472.jpg","type":"image\/jpeg"}],"twitter_card":"summary_large_image","twitter_misc":{"Dur\u00e9e de lecture estim\u00e9e":"2 minutes"},"schema":{"@context":"https:\/\/schema.org","@graph":[{"@type":"WebPage","@id":"https:\/\/groupeproexpo.com\/maries\/pourquoi-exposer-au-salon-des-maries-de-quebec\/","url":"https:\/\/groupeproexpo.com\/maries\/pourquoi-exposer-au-salon-des-maries-de-quebec\/","name":"Pourquoi exposer au Salon des mari\u00e9s de Qu\u00e9bec ? - Salon des Mari\u00e9s de Qu\u00e9bec","isPartOf":{"@id":"https:\/\/groupeproexpo.com\/maries\/#website"},"primaryImageOfPage":{"@id":"https:\/\/groupeproexpo.com\/maries\/pourquoi-exposer-au-salon-des-maries-de-quebec\/#primaryimage"},"image":{"@id":"https:\/\/groupeproexpo.com\/maries\/pourquoi-exposer-au-salon-des-maries-de-quebec\/#primaryimage"},"thumbnailUrl":"http:\/\/groupeproexpo.com\/maries\/wp-content\/uploads\/sites\/3\/2019\/09\/web-Freepick-609675-PNBXZ3-472.jpg","datePublished":"2018-12-03T20:26:03+00:00","dateModified":"2019-10-22T17:14:28+00:00","breadcrumb":{"@id":"https:\/\/groupeproexpo.com\/maries\/pourquoi-exposer-au-salon-des-maries-de-quebec\/#breadcrumb"},"inLanguage":"fr-FR","potentialAction":[{"@type":"ReadAction","target":["https:\/\/groupeproexpo.com\/maries\/pourquoi-exposer-au-salon-des-maries-de-quebec\/"]}]},{"@type":"ImageObject","inLanguage":"fr-FR","@id":"https:\/\/groupeproexpo.com\/maries\/pourquoi-exposer-au-salon-des-maries-de-quebec\/#primaryimage","url":"http:\/\/groupeproexpo.com\/maries\/wp-content\/uploads\/sites\/3\/2019\/09\/web-Freepick-609675-PNBXZ3-472.jpg","contentUrl":"http:\/\/groupeproexpo.com\/maries\/wp-content\/uploads\/sites\/3\/2019\/09\/web-Freepick-609675-PNBXZ3-472.jpg"},{"@type":"BreadcrumbList","@id":"https:\/\/groupeproexpo.com\/maries\/pourquoi-exposer-au-salon-des-maries-de-quebec\/#breadcrumb","itemListElement":[{"@type":"ListItem","position":1,"name":"Accueil","item":"https:\/\/groupeproexpo.com\/maries\/"},{"@type":"ListItem","position":2,"name":"Pourquoi exposer au Salon des mari\u00e9s de Qu\u00e9bec ?"}]},{"@type":"WebSite","@id":"https:\/\/groupeproexpo.com\/maries\/#website","url":"https:\/\/groupeproexpo.com\/maries\/","name":"Salon des Mari\u00e9s de Qu\u00e9bec","description":"17-18 janvier 2026 \u2013 Expocit\u00e9","potentialAction":[{"@type":"SearchAction","target":{"@type":"EntryPoint","urlTemplate":"https:\/\/groupeproexpo.com\/maries\/?s={search_term_string}"},"query-input":{"@type":"PropertyValueSpecification","valueRequired":true,"valueName":"search_term_string"}}],"inLanguage":"fr-FR"}]}},"_links":{"self":[{"href":"https:\/\/groupeproexpo.com\/maries\/wp-json\/wp\/v2\/pages\/3180","targetHints":{"allow":["GET"]}}],"collection":[{"href":"https:\/\/groupeproexpo.com\/maries\/wp-json\/wp\/v2\/pages"}],"about":[{"href":"https:\/\/groupeproexpo.com\/maries\/wp-json\/wp\/v2\/types\/page"}],"author":[{"embeddable":true,"href":"https:\/\/groupeproexpo.com\/maries\/wp-json\/wp\/v2\/users\/4"}],"replies":[{"embeddable":true,"href":"https:\/\/groupeproexpo.com\/maries\/wp-json\/wp\/v2\/comments?post=3180"}],"version-history":[{"count":21,"href":"https:\/\/groupeproexpo.com\/maries\/wp-json\/wp\/v2\/pages\/3180\/revisions"}],"predecessor-version":[{"id":3934,"href":"https:\/\/groupeproexpo.com\/maries\/wp-json\/wp\/v2\/pages\/3180\/revisions\/3934"}],"wp:attachment":[{"href":"https:\/\/groupeproexpo.com\/maries\/wp-json\/wp\/v2\/media?parent=3180"}],"curies":[{"name":"wp","href":"https:\/\/api.w.org\/{rel}","templated":true}]}}