{"id":39,"date":"2016-08-29T15:29:08","date_gmt":"2016-08-29T19:29:08","guid":{"rendered":"http:\/\/groupeproexpo.com\/mariee\/?page_id=39"},"modified":"2022-06-09T15:56:58","modified_gmt":"2022-06-09T19:56:58","slug":"commandites","status":"publish","type":"page","link":"https:\/\/groupeproexpo.com\/maries\/commandites\/","title":{"rendered":"Commandites"},"content":{"rendered":"<h2>Faites-vous remarquer !<\/h2>\n<p>Nous vous offrons la possibilit\u00e9 d&rsquo;accro\u00eetre votre visibilit\u00e9 aupr\u00e8s des visiteurs en adh\u00e9rant \u00e0 notre plan de commandite. Cela constitue une excellente fa\u00e7on de vous faire remarquer !<\/p>\n<figure id=\"attachment_3705\" aria-describedby=\"caption-attachment-3705\" style=\"width: 1760px\" class=\"wp-caption aligncenter\"><img loading=\"lazy\" decoding=\"async\" class=\"wp-image-3705 size-full\" src=\"http:\/\/groupeproexpo.com\/maries\/wp-content\/uploads\/sites\/3\/2019\/09\/web-Freepick-diller1425.jpg\" alt=\"\" width=\"1760\" height=\"1173\" srcset=\"https:\/\/groupeproexpo.com\/maries\/wp-content\/uploads\/sites\/3\/2019\/09\/web-Freepick-diller1425.jpg 1760w, https:\/\/groupeproexpo.com\/maries\/wp-content\/uploads\/sites\/3\/2019\/09\/web-Freepick-diller1425-300x200.jpg 300w, https:\/\/groupeproexpo.com\/maries\/wp-content\/uploads\/sites\/3\/2019\/09\/web-Freepick-diller1425-768x512.jpg 768w, https:\/\/groupeproexpo.com\/maries\/wp-content\/uploads\/sites\/3\/2019\/09\/web-Freepick-diller1425-1024x682.jpg 1024w\" sizes=\"auto, (max-width: 1760px) 100vw, 1760px\" \/><figcaption id=\"caption-attachment-3705\" class=\"wp-caption-text\">Freepik freepic_diller<\/figcaption><\/figure>\n<p><strong>Le plan de commandite comprend:<\/strong><\/p>\n<ul>\n<li>Une publicit\u00e9 d&rsquo;une page dans le programme du salon<\/li>\n<li>La mention de votre entreprise dans les annonces radio (en rotation)<\/li>\n<li>Votre logo :\n<ul>\n<li>Dans les annonces t\u00e9l\u00e9vis\u00e9es<\/li>\n<li>Dans les annonces journaux<\/li>\n<li>Sur les affiches publicitaires<\/li>\n<li>Dans le programme<\/li>\n<li>Sur le site internet<\/li>\n<li>Dans la vid\u00e9o promotionnelle diffus\u00e9e entre les d\u00e9fil\u00e9s<\/li>\n<li>\u00c0 l&rsquo;entr\u00e9e et \u00e0 la sortie du salon<\/li>\n<\/ul>\n<\/li>\n<li>20 billets de faveur<\/li>\n<\/ul>\n<p><strong>Le co\u00fbt de la commandite est de 2 500 $<\/strong><\/p>\n<p>Pour informations additionnelles, veuillez contacter Roger Paradis par courriel \u00e0 l&rsquo;adresse <a href=\"mailto:info@groupeproexpo.com?subject=Information%20sur%20la%20commandite%20Mari%C3%A9e\">rparadis@groupeproexpo.com<\/a>, par t\u00e9l\u00e9phone au 418-877-1919.<\/p>\n","protected":false},"excerpt":{"rendered":"<div class=\"mh-excerpt\"><p>Faites-vous remarquer ! Nous vous offrons la possibilit\u00e9 d&rsquo;accro\u00eetre votre visibilit\u00e9 aupr\u00e8s des visiteurs en adh\u00e9rant \u00e0 notre plan de commandite. Cela constitue une excellente fa\u00e7on de vous faire remarquer ! Le plan de commandite <a class=\"mh-excerpt-more\" href=\"https:\/\/groupeproexpo.com\/maries\/commandites\/\" title=\"Commandites\">[&#8230;]<\/a><\/p>\n<\/div>","protected":false},"author":1,"featured_media":0,"parent":0,"menu_order":0,"comment_status":"closed","ping_status":"closed","template":"","meta":{"ngg_post_thumbnail":0,"footnotes":""},"class_list":["post-39","page","type-page","status-publish","hentry"],"yoast_head":"<!-- This site is optimized with the Yoast SEO plugin v24.4 - https:\/\/yoast.com\/wordpress\/plugins\/seo\/ -->\n<title>Commandites - Salon des Mari\u00e9s de Qu\u00e9bec<\/title>\n<meta name=\"robots\" content=\"index, follow, max-snippet:-1, max-image-preview:large, max-video-preview:-1\" \/>\n<link rel=\"canonical\" href=\"https:\/\/groupeproexpo.com\/maries\/commandites\/\" \/>\n<meta property=\"og:locale\" content=\"fr_FR\" \/>\n<meta property=\"og:type\" content=\"article\" \/>\n<meta property=\"og:title\" content=\"Commandites - Salon des Mari\u00e9s de Qu\u00e9bec\" \/>\n<meta property=\"og:description\" content=\"Faites-vous remarquer ! Nous vous offrons la possibilit\u00e9 d&rsquo;accro\u00eetre votre visibilit\u00e9 aupr\u00e8s des visiteurs en adh\u00e9rant \u00e0 notre plan de commandite. Cela constitue une excellente fa\u00e7on de vous faire remarquer ! Le plan de commandite [...]\" \/>\n<meta property=\"og:url\" content=\"https:\/\/groupeproexpo.com\/maries\/commandites\/\" \/>\n<meta property=\"og:site_name\" content=\"Salon des Mari\u00e9s de Qu\u00e9bec\" \/>\n<meta property=\"article:publisher\" content=\"https:\/\/www.facebook.com\/salondelamarieequebec\/\" \/>\n<meta property=\"article:modified_time\" content=\"2022-06-09T19:56:58+00:00\" \/>\n<meta property=\"og:image\" content=\"https:\/\/groupeproexpo.com\/maries\/wp-content\/uploads\/sites\/3\/2019\/09\/web-Freepick-diller1425.jpg\" \/>\n\t<meta property=\"og:image:width\" content=\"1760\" \/>\n\t<meta property=\"og:image:height\" content=\"1173\" \/>\n\t<meta property=\"og:image:type\" content=\"image\/jpeg\" \/>\n<meta name=\"twitter:card\" content=\"summary_large_image\" \/>\n<meta name=\"twitter:label1\" content=\"Dur\u00e9e de lecture estim\u00e9e\" \/>\n\t<meta name=\"twitter:data1\" content=\"1 minute\" \/>\n<script type=\"application\/ld+json\" class=\"yoast-schema-graph\">{\"@context\":\"https:\/\/schema.org\",\"@graph\":[{\"@type\":\"WebPage\",\"@id\":\"https:\/\/groupeproexpo.com\/maries\/commandites\/\",\"url\":\"https:\/\/groupeproexpo.com\/maries\/commandites\/\",\"name\":\"Commandites - Salon des Mari\u00e9s de Qu\u00e9bec\",\"isPartOf\":{\"@id\":\"https:\/\/groupeproexpo.com\/maries\/#website\"},\"primaryImageOfPage\":{\"@id\":\"https:\/\/groupeproexpo.com\/maries\/commandites\/#primaryimage\"},\"image\":{\"@id\":\"https:\/\/groupeproexpo.com\/maries\/commandites\/#primaryimage\"},\"thumbnailUrl\":\"http:\/\/groupeproexpo.com\/maries\/wp-content\/uploads\/sites\/3\/2019\/09\/web-Freepick-diller1425.jpg\",\"datePublished\":\"2016-08-29T19:29:08+00:00\",\"dateModified\":\"2022-06-09T19:56:58+00:00\",\"breadcrumb\":{\"@id\":\"https:\/\/groupeproexpo.com\/maries\/commandites\/#breadcrumb\"},\"inLanguage\":\"fr-FR\",\"potentialAction\":[{\"@type\":\"ReadAction\",\"target\":[\"https:\/\/groupeproexpo.com\/maries\/commandites\/\"]}]},{\"@type\":\"ImageObject\",\"inLanguage\":\"fr-FR\",\"@id\":\"https:\/\/groupeproexpo.com\/maries\/commandites\/#primaryimage\",\"url\":\"http:\/\/groupeproexpo.com\/maries\/wp-content\/uploads\/sites\/3\/2019\/09\/web-Freepick-diller1425.jpg\",\"contentUrl\":\"http:\/\/groupeproexpo.com\/maries\/wp-content\/uploads\/sites\/3\/2019\/09\/web-Freepick-diller1425.jpg\"},{\"@type\":\"BreadcrumbList\",\"@id\":\"https:\/\/groupeproexpo.com\/maries\/commandites\/#breadcrumb\",\"itemListElement\":[{\"@type\":\"ListItem\",\"position\":1,\"name\":\"Accueil\",\"item\":\"https:\/\/groupeproexpo.com\/maries\/\"},{\"@type\":\"ListItem\",\"position\":2,\"name\":\"Commandites\"}]},{\"@type\":\"WebSite\",\"@id\":\"https:\/\/groupeproexpo.com\/maries\/#website\",\"url\":\"https:\/\/groupeproexpo.com\/maries\/\",\"name\":\"Salon des Mari\u00e9s de Qu\u00e9bec\",\"description\":\"17-18 janvier 2026 \u2013 Expocit\u00e9\",\"potentialAction\":[{\"@type\":\"SearchAction\",\"target\":{\"@type\":\"EntryPoint\",\"urlTemplate\":\"https:\/\/groupeproexpo.com\/maries\/?s={search_term_string}\"},\"query-input\":{\"@type\":\"PropertyValueSpecification\",\"valueRequired\":true,\"valueName\":\"search_term_string\"}}],\"inLanguage\":\"fr-FR\"}]}<\/script>\n<!-- \/ Yoast SEO plugin. -->","yoast_head_json":{"title":"Commandites - Salon des Mari\u00e9s de Qu\u00e9bec","robots":{"index":"index","follow":"follow","max-snippet":"max-snippet:-1","max-image-preview":"max-image-preview:large","max-video-preview":"max-video-preview:-1"},"canonical":"https:\/\/groupeproexpo.com\/maries\/commandites\/","og_locale":"fr_FR","og_type":"article","og_title":"Commandites - Salon des Mari\u00e9s de Qu\u00e9bec","og_description":"Faites-vous remarquer ! Nous vous offrons la possibilit\u00e9 d&rsquo;accro\u00eetre votre visibilit\u00e9 aupr\u00e8s des visiteurs en adh\u00e9rant \u00e0 notre plan de commandite. Cela constitue une excellente fa\u00e7on de vous faire remarquer ! Le plan de commandite [...]","og_url":"https:\/\/groupeproexpo.com\/maries\/commandites\/","og_site_name":"Salon des Mari\u00e9s de Qu\u00e9bec","article_publisher":"https:\/\/www.facebook.com\/salondelamarieequebec\/","article_modified_time":"2022-06-09T19:56:58+00:00","og_image":[{"width":1760,"height":1173,"url":"https:\/\/groupeproexpo.com\/maries\/wp-content\/uploads\/sites\/3\/2019\/09\/web-Freepick-diller1425.jpg","type":"image\/jpeg"}],"twitter_card":"summary_large_image","twitter_misc":{"Dur\u00e9e de lecture estim\u00e9e":"1 minute"},"schema":{"@context":"https:\/\/schema.org","@graph":[{"@type":"WebPage","@id":"https:\/\/groupeproexpo.com\/maries\/commandites\/","url":"https:\/\/groupeproexpo.com\/maries\/commandites\/","name":"Commandites - Salon des Mari\u00e9s de Qu\u00e9bec","isPartOf":{"@id":"https:\/\/groupeproexpo.com\/maries\/#website"},"primaryImageOfPage":{"@id":"https:\/\/groupeproexpo.com\/maries\/commandites\/#primaryimage"},"image":{"@id":"https:\/\/groupeproexpo.com\/maries\/commandites\/#primaryimage"},"thumbnailUrl":"http:\/\/groupeproexpo.com\/maries\/wp-content\/uploads\/sites\/3\/2019\/09\/web-Freepick-diller1425.jpg","datePublished":"2016-08-29T19:29:08+00:00","dateModified":"2022-06-09T19:56:58+00:00","breadcrumb":{"@id":"https:\/\/groupeproexpo.com\/maries\/commandites\/#breadcrumb"},"inLanguage":"fr-FR","potentialAction":[{"@type":"ReadAction","target":["https:\/\/groupeproexpo.com\/maries\/commandites\/"]}]},{"@type":"ImageObject","inLanguage":"fr-FR","@id":"https:\/\/groupeproexpo.com\/maries\/commandites\/#primaryimage","url":"http:\/\/groupeproexpo.com\/maries\/wp-content\/uploads\/sites\/3\/2019\/09\/web-Freepick-diller1425.jpg","contentUrl":"http:\/\/groupeproexpo.com\/maries\/wp-content\/uploads\/sites\/3\/2019\/09\/web-Freepick-diller1425.jpg"},{"@type":"BreadcrumbList","@id":"https:\/\/groupeproexpo.com\/maries\/commandites\/#breadcrumb","itemListElement":[{"@type":"ListItem","position":1,"name":"Accueil","item":"https:\/\/groupeproexpo.com\/maries\/"},{"@type":"ListItem","position":2,"name":"Commandites"}]},{"@type":"WebSite","@id":"https:\/\/groupeproexpo.com\/maries\/#website","url":"https:\/\/groupeproexpo.com\/maries\/","name":"Salon des Mari\u00e9s de Qu\u00e9bec","description":"17-18 janvier 2026 \u2013 Expocit\u00e9","potentialAction":[{"@type":"SearchAction","target":{"@type":"EntryPoint","urlTemplate":"https:\/\/groupeproexpo.com\/maries\/?s={search_term_string}"},"query-input":{"@type":"PropertyValueSpecification","valueRequired":true,"valueName":"search_term_string"}}],"inLanguage":"fr-FR"}]}},"_links":{"self":[{"href":"https:\/\/groupeproexpo.com\/maries\/wp-json\/wp\/v2\/pages\/39","targetHints":{"allow":["GET"]}}],"collection":[{"href":"https:\/\/groupeproexpo.com\/maries\/wp-json\/wp\/v2\/pages"}],"about":[{"href":"https:\/\/groupeproexpo.com\/maries\/wp-json\/wp\/v2\/types\/page"}],"author":[{"embeddable":true,"href":"https:\/\/groupeproexpo.com\/maries\/wp-json\/wp\/v2\/users\/1"}],"replies":[{"embeddable":true,"href":"https:\/\/groupeproexpo.com\/maries\/wp-json\/wp\/v2\/comments?post=39"}],"version-history":[{"count":36,"href":"https:\/\/groupeproexpo.com\/maries\/wp-json\/wp\/v2\/pages\/39\/revisions"}],"predecessor-version":[{"id":4088,"href":"https:\/\/groupeproexpo.com\/maries\/wp-json\/wp\/v2\/pages\/39\/revisions\/4088"}],"wp:attachment":[{"href":"https:\/\/groupeproexpo.com\/maries\/wp-json\/wp\/v2\/media?parent=39"}],"curies":[{"name":"wp","href":"https:\/\/api.w.org\/{rel}","templated":true}]}}