{"id":57,"date":"2016-08-29T15:46:31","date_gmt":"2016-08-29T19:46:31","guid":{"rendered":"http:\/\/groupeproexpo.com\/mariee\/?page_id=57"},"modified":"2025-04-24T09:51:04","modified_gmt":"2025-04-24T13:51:04","slug":"tarification","status":"publish","type":"page","link":"https:\/\/groupeproexpo.com\/maries\/tarification\/","title":{"rendered":"Tarifs de location"},"content":{"rendered":"<p>Kiosque 10&prime; x 10&prime; = <strong>1 395 $<\/strong> chacun<br \/>\nKiosque en coin = <strong>1 595 $<\/strong><br \/>\nPrise \u00e9lectrique =<strong> 110 $<\/strong><br \/>\n<em>*taxes en sus.<\/em><\/p>\n<p><strong>CLEF EN MAINS<\/strong>&nbsp;\u2013 Ces prix incluent un kiosque avec un mur arri\u00e8re en rideaux de huit pieds de hauteur et murs lat\u00e9raux, un tapis gris, l\u2019identification, une table de 2\u2019 x 6\u2019 drap\u00e9e noire, deux chaises et une corbeille \u00e0 papier.<\/p>\n<p>&nbsp;<\/p>\n<p><img loading=\"lazy\" decoding=\"async\" class=\"alignnone size-full wp-image-4114 aligncenter\" src=\"http:\/\/groupeproexpo.com\/maries\/wp-content\/uploads\/sites\/3\/2022\/12\/KIOSQUE-10X10.png\" alt=\"\" width=\"458\" height=\"544\" srcset=\"https:\/\/groupeproexpo.com\/maries\/wp-content\/uploads\/sites\/3\/2022\/12\/KIOSQUE-10X10.png 458w, https:\/\/groupeproexpo.com\/maries\/wp-content\/uploads\/sites\/3\/2022\/12\/KIOSQUE-10X10-253x300.png 253w\" sizes=\"auto, (max-width: 458px) 100vw, 458px\" \/><\/p>\n<p>&nbsp;<\/p>\n<p>&nbsp;<\/p>\n<p>&nbsp;<\/p>\n<p>&nbsp;<\/p>\n<h2>&nbsp;<\/h2>\n","protected":false},"excerpt":{"rendered":"<div class=\"mh-excerpt\"><p>Kiosque 10&prime; x 10&prime; = 1 395 $ chacun Kiosque en coin = 1 595 $ Prise \u00e9lectrique = 110 $ *taxes en sus. CLEF EN MAINS&nbsp;\u2013 Ces prix incluent un kiosque avec un mur <a class=\"mh-excerpt-more\" href=\"https:\/\/groupeproexpo.com\/maries\/tarification\/\" title=\"Tarifs de location\">[&#8230;]<\/a><\/p>\n<\/div>","protected":false},"author":1,"featured_media":0,"parent":0,"menu_order":0,"comment_status":"closed","ping_status":"closed","template":"","meta":{"ngg_post_thumbnail":0,"footnotes":""},"class_list":["post-57","page","type-page","status-publish","hentry"],"yoast_head":"<!-- This site is optimized with the Yoast SEO plugin v24.4 - https:\/\/yoast.com\/wordpress\/plugins\/seo\/ -->\n<title>Tarifs de location - Salon des Mari\u00e9s de Qu\u00e9bec<\/title>\n<meta name=\"robots\" content=\"index, follow, max-snippet:-1, max-image-preview:large, max-video-preview:-1\" \/>\n<link rel=\"canonical\" href=\"https:\/\/groupeproexpo.com\/maries\/tarification\/\" \/>\n<meta property=\"og:locale\" content=\"fr_FR\" \/>\n<meta property=\"og:type\" content=\"article\" \/>\n<meta property=\"og:title\" content=\"Tarifs de location - Salon des Mari\u00e9s de Qu\u00e9bec\" \/>\n<meta property=\"og:description\" content=\"Kiosque 10&prime; x 10&prime; = 1 395 $ chacun Kiosque en coin = 1 595 $ Prise \u00e9lectrique = 110 $ *taxes en sus. CLEF EN MAINS&nbsp;\u2013 Ces prix incluent un kiosque avec un mur [...]\" \/>\n<meta property=\"og:url\" content=\"https:\/\/groupeproexpo.com\/maries\/tarification\/\" \/>\n<meta property=\"og:site_name\" content=\"Salon des Mari\u00e9s de Qu\u00e9bec\" \/>\n<meta property=\"article:publisher\" content=\"https:\/\/www.facebook.com\/salondelamarieequebec\/\" \/>\n<meta property=\"article:modified_time\" content=\"2025-04-24T13:51:04+00:00\" \/>\n<meta property=\"og:image\" content=\"https:\/\/groupeproexpo.com\/maries\/wp-content\/uploads\/sites\/3\/2022\/12\/KIOSQUE-10X10.png\" \/>\n\t<meta property=\"og:image:width\" content=\"458\" \/>\n\t<meta property=\"og:image:height\" content=\"544\" \/>\n\t<meta property=\"og:image:type\" content=\"image\/png\" \/>\n<meta name=\"twitter:card\" content=\"summary_large_image\" \/>\n<meta name=\"twitter:label1\" content=\"Dur\u00e9e de lecture estim\u00e9e\" \/>\n\t<meta name=\"twitter:data1\" content=\"1 minute\" \/>\n<script type=\"application\/ld+json\" class=\"yoast-schema-graph\">{\"@context\":\"https:\/\/schema.org\",\"@graph\":[{\"@type\":\"WebPage\",\"@id\":\"https:\/\/groupeproexpo.com\/maries\/tarification\/\",\"url\":\"https:\/\/groupeproexpo.com\/maries\/tarification\/\",\"name\":\"Tarifs de location - Salon des Mari\u00e9s de Qu\u00e9bec\",\"isPartOf\":{\"@id\":\"https:\/\/groupeproexpo.com\/maries\/#website\"},\"primaryImageOfPage\":{\"@id\":\"https:\/\/groupeproexpo.com\/maries\/tarification\/#primaryimage\"},\"image\":{\"@id\":\"https:\/\/groupeproexpo.com\/maries\/tarification\/#primaryimage\"},\"thumbnailUrl\":\"http:\/\/groupeproexpo.com\/maries\/wp-content\/uploads\/sites\/3\/2022\/12\/KIOSQUE-10X10.png\",\"datePublished\":\"2016-08-29T19:46:31+00:00\",\"dateModified\":\"2025-04-24T13:51:04+00:00\",\"breadcrumb\":{\"@id\":\"https:\/\/groupeproexpo.com\/maries\/tarification\/#breadcrumb\"},\"inLanguage\":\"fr-FR\",\"potentialAction\":[{\"@type\":\"ReadAction\",\"target\":[\"https:\/\/groupeproexpo.com\/maries\/tarification\/\"]}]},{\"@type\":\"ImageObject\",\"inLanguage\":\"fr-FR\",\"@id\":\"https:\/\/groupeproexpo.com\/maries\/tarification\/#primaryimage\",\"url\":\"http:\/\/groupeproexpo.com\/maries\/wp-content\/uploads\/sites\/3\/2022\/12\/KIOSQUE-10X10.png\",\"contentUrl\":\"http:\/\/groupeproexpo.com\/maries\/wp-content\/uploads\/sites\/3\/2022\/12\/KIOSQUE-10X10.png\"},{\"@type\":\"BreadcrumbList\",\"@id\":\"https:\/\/groupeproexpo.com\/maries\/tarification\/#breadcrumb\",\"itemListElement\":[{\"@type\":\"ListItem\",\"position\":1,\"name\":\"Accueil\",\"item\":\"https:\/\/groupeproexpo.com\/maries\/\"},{\"@type\":\"ListItem\",\"position\":2,\"name\":\"Tarifs de location\"}]},{\"@type\":\"WebSite\",\"@id\":\"https:\/\/groupeproexpo.com\/maries\/#website\",\"url\":\"https:\/\/groupeproexpo.com\/maries\/\",\"name\":\"Salon des Mari\u00e9s de Qu\u00e9bec\",\"description\":\"17-18 janvier 2026 \u2013 Expocit\u00e9\",\"potentialAction\":[{\"@type\":\"SearchAction\",\"target\":{\"@type\":\"EntryPoint\",\"urlTemplate\":\"https:\/\/groupeproexpo.com\/maries\/?s={search_term_string}\"},\"query-input\":{\"@type\":\"PropertyValueSpecification\",\"valueRequired\":true,\"valueName\":\"search_term_string\"}}],\"inLanguage\":\"fr-FR\"}]}<\/script>\n<!-- \/ Yoast SEO plugin. -->","yoast_head_json":{"title":"Tarifs de location - Salon des Mari\u00e9s de Qu\u00e9bec","robots":{"index":"index","follow":"follow","max-snippet":"max-snippet:-1","max-image-preview":"max-image-preview:large","max-video-preview":"max-video-preview:-1"},"canonical":"https:\/\/groupeproexpo.com\/maries\/tarification\/","og_locale":"fr_FR","og_type":"article","og_title":"Tarifs de location - Salon des Mari\u00e9s de Qu\u00e9bec","og_description":"Kiosque 10&prime; x 10&prime; = 1 395 $ chacun Kiosque en coin = 1 595 $ Prise \u00e9lectrique = 110 $ *taxes en sus. CLEF EN MAINS&nbsp;\u2013 Ces prix incluent un kiosque avec un mur [...]","og_url":"https:\/\/groupeproexpo.com\/maries\/tarification\/","og_site_name":"Salon des Mari\u00e9s de Qu\u00e9bec","article_publisher":"https:\/\/www.facebook.com\/salondelamarieequebec\/","article_modified_time":"2025-04-24T13:51:04+00:00","og_image":[{"width":458,"height":544,"url":"https:\/\/groupeproexpo.com\/maries\/wp-content\/uploads\/sites\/3\/2022\/12\/KIOSQUE-10X10.png","type":"image\/png"}],"twitter_card":"summary_large_image","twitter_misc":{"Dur\u00e9e de lecture estim\u00e9e":"1 minute"},"schema":{"@context":"https:\/\/schema.org","@graph":[{"@type":"WebPage","@id":"https:\/\/groupeproexpo.com\/maries\/tarification\/","url":"https:\/\/groupeproexpo.com\/maries\/tarification\/","name":"Tarifs de location - Salon des Mari\u00e9s de Qu\u00e9bec","isPartOf":{"@id":"https:\/\/groupeproexpo.com\/maries\/#website"},"primaryImageOfPage":{"@id":"https:\/\/groupeproexpo.com\/maries\/tarification\/#primaryimage"},"image":{"@id":"https:\/\/groupeproexpo.com\/maries\/tarification\/#primaryimage"},"thumbnailUrl":"http:\/\/groupeproexpo.com\/maries\/wp-content\/uploads\/sites\/3\/2022\/12\/KIOSQUE-10X10.png","datePublished":"2016-08-29T19:46:31+00:00","dateModified":"2025-04-24T13:51:04+00:00","breadcrumb":{"@id":"https:\/\/groupeproexpo.com\/maries\/tarification\/#breadcrumb"},"inLanguage":"fr-FR","potentialAction":[{"@type":"ReadAction","target":["https:\/\/groupeproexpo.com\/maries\/tarification\/"]}]},{"@type":"ImageObject","inLanguage":"fr-FR","@id":"https:\/\/groupeproexpo.com\/maries\/tarification\/#primaryimage","url":"http:\/\/groupeproexpo.com\/maries\/wp-content\/uploads\/sites\/3\/2022\/12\/KIOSQUE-10X10.png","contentUrl":"http:\/\/groupeproexpo.com\/maries\/wp-content\/uploads\/sites\/3\/2022\/12\/KIOSQUE-10X10.png"},{"@type":"BreadcrumbList","@id":"https:\/\/groupeproexpo.com\/maries\/tarification\/#breadcrumb","itemListElement":[{"@type":"ListItem","position":1,"name":"Accueil","item":"https:\/\/groupeproexpo.com\/maries\/"},{"@type":"ListItem","position":2,"name":"Tarifs de location"}]},{"@type":"WebSite","@id":"https:\/\/groupeproexpo.com\/maries\/#website","url":"https:\/\/groupeproexpo.com\/maries\/","name":"Salon des Mari\u00e9s de Qu\u00e9bec","description":"17-18 janvier 2026 \u2013 Expocit\u00e9","potentialAction":[{"@type":"SearchAction","target":{"@type":"EntryPoint","urlTemplate":"https:\/\/groupeproexpo.com\/maries\/?s={search_term_string}"},"query-input":{"@type":"PropertyValueSpecification","valueRequired":true,"valueName":"search_term_string"}}],"inLanguage":"fr-FR"}]}},"_links":{"self":[{"href":"https:\/\/groupeproexpo.com\/maries\/wp-json\/wp\/v2\/pages\/57","targetHints":{"allow":["GET"]}}],"collection":[{"href":"https:\/\/groupeproexpo.com\/maries\/wp-json\/wp\/v2\/pages"}],"about":[{"href":"https:\/\/groupeproexpo.com\/maries\/wp-json\/wp\/v2\/types\/page"}],"author":[{"embeddable":true,"href":"https:\/\/groupeproexpo.com\/maries\/wp-json\/wp\/v2\/users\/1"}],"replies":[{"embeddable":true,"href":"https:\/\/groupeproexpo.com\/maries\/wp-json\/wp\/v2\/comments?post=57"}],"version-history":[{"count":23,"href":"https:\/\/groupeproexpo.com\/maries\/wp-json\/wp\/v2\/pages\/57\/revisions"}],"predecessor-version":[{"id":4351,"href":"https:\/\/groupeproexpo.com\/maries\/wp-json\/wp\/v2\/pages\/57\/revisions\/4351"}],"wp:attachment":[{"href":"https:\/\/groupeproexpo.com\/maries\/wp-json\/wp\/v2\/media?parent=57"}],"curies":[{"name":"wp","href":"https:\/\/api.w.org\/{rel}","templated":true}]}}