{"id":1785,"date":"2017-09-28T17:36:06","date_gmt":"2017-09-28T17:36:06","guid":{"rendered":"http:\/\/saloncarrefour50ansplus.com\/?page_id=1785"},"modified":"2026-03-13T06:44:58","modified_gmt":"2026-03-13T10:44:58","slug":"lieu","status":"publish","type":"page","link":"https:\/\/groupeproexpo.com\/saloncarrefour50ansplus\/lieu\/","title":{"rendered":"Lieu"},"content":{"rendered":"<p><strong><img loading=\"lazy\" decoding=\"async\" class=\"size-medium wp-image-1799 alignleft\" src=\"http:\/\/saloncarrefour50ansplus.com\/wp-content\/uploads\/2017\/09\/CC-source-Palais_des_congr\u00e8s-300x188.jpg\" alt=\"\" width=\"300\" height=\"188\" srcset=\"https:\/\/groupeproexpo.com\/saloncarrefour50ansplus\/wp-content\/uploads\/sites\/9\/2017\/09\/CC-source-Palais_des_congr\u00e8s-300x188.jpg 300w, https:\/\/groupeproexpo.com\/saloncarrefour50ansplus\/wp-content\/uploads\/sites\/9\/2017\/09\/CC-source-Palais_des_congr\u00e8s-768x482.jpg 768w, https:\/\/groupeproexpo.com\/saloncarrefour50ansplus\/wp-content\/uploads\/sites\/9\/2017\/09\/CC-source-Palais_des_congr\u00e8s-1024x642.jpg 1024w, https:\/\/groupeproexpo.com\/saloncarrefour50ansplus\/wp-content\/uploads\/sites\/9\/2017\/09\/CC-source-Palais_des_congr\u00e8s.jpg 2048w\" sizes=\"auto, (max-width: 300px) 100vw, 300px\" \/>Palais des congr\u00e8s de Montr\u00e9al<\/strong><br \/>\n1001, Place Jean-Paul-Riopelle<br \/>\nMontr\u00e9al (Qu\u00e9bec)<br \/>\nH2Z 1H5<\/p>\n<p>&nbsp;<\/p>\n<p>&nbsp;<\/p>\n<p>&nbsp;<\/p>\n<p>&nbsp;<\/p>\n<h3>Pour s&rsquo;y rendre :<\/h3>\n<p><strong>M\u00e9tro <\/strong>: le Palais des congr\u00e8s est situ\u00e9 \u00e0 la&nbsp;station Place-d&rsquo;Armes<strong>.<\/strong>&nbsp;La station est accessible par&nbsp;des entr\u00e9es ext\u00e9rieures ou&nbsp;par l&rsquo;int\u00e9rieur directement du Palais.&nbsp;Des instructions \u00e0 la sortie de la station vous guideront vers les diff\u00e9rentes installations.<\/p>\n<p><strong>Autobus<\/strong> : les circuits d&rsquo;autobus 55 et 129 vous laisseront devant le Palais des congr\u00e8s. Consultez le site de la <a href=\"http:\/\/www.stm.info\/fr\" target=\"_blank\" rel=\"noopener noreferrer\">Soci\u00e9t\u00e9 des transports de Montr\u00e9al<\/a> (STM) pour d\u00e9terminer le meilleur trajet \u00e0 prendre selon o\u00f9 vous \u00eates.<\/p>\n<p><strong>V\u00e9lo ou Bixi<\/strong> : des supports \u00e0 v\u00e9lo sont disponibles autour du Palais. Il y a aussi des stations Bixi sur le site et \u00e0 proximit\u00e9 du Palais.<\/p>\n<p><strong>Stationnement&nbsp;<\/strong>: il existe plusieurs stationnements sur le site et \u00e0 proximit\u00e9 du Palais des congr\u00e8s, incluant :<\/p>\n<ul>\n<li>Stationnement (Palais des congr\u00e8s) int\u00e9rieur de 400 places sur la rue Chenneville, accessible par l&rsquo;Avenue Viger.<\/li>\n<li>Stationnement (QIM) int\u00e9rieur de 1200 places accessible par la rue St-Antoine.<\/li>\n<\/ul>\n<p>Consultez la liste des <a href=\"https:\/\/congresmtl.com\/visiteurs\/acces\/\" target=\"_blank\" rel=\"noopener noreferrer\">Stationnements dans le Vieux-Montr\u00e9al<\/a>&nbsp;et les environs pour plus d&rsquo;options.<\/p>\n<p><strong>Transport adapt\u00e9 <\/strong>: vous \u00eates en fauteuil roulant ou vous utilisez les services adapt\u00e9s ? Demandez au chauffeur de vous conduire au d\u00e9barcad\u00e8re situ\u00e9 au 1001, place Jean-Paul Riopelle.<\/p>\n<p>Places de stationnement r\u00e9serv\u00e9es : il existe des places des stationnements r\u00e9serv\u00e9es pour les personnes poss\u00e9dant des vignettes au stationnement Viger, accessible par la rue Chenneville.<\/p>\n<p>Toutes les entr\u00e9es du Palais des congr\u00e8s sont accessibles aux fauteuils roulants et sont dot\u00e9es de portes \u00e0 ouverture automatis\u00e9e.<\/p>\n","protected":false},"excerpt":{"rendered":"<div class=\"mh-excerpt\"><p>Palais des congr\u00e8s de Montr\u00e9al 1001, Place Jean-Paul-Riopelle Montr\u00e9al (Qu\u00e9bec) H2Z 1H5 &nbsp; &nbsp; &nbsp; &nbsp; Pour s&rsquo;y rendre : M\u00e9tro : le Palais des congr\u00e8s est situ\u00e9 \u00e0 la&nbsp;station Place-d&rsquo;Armes.&nbsp;La station est accessible par&nbsp;des <a class=\"mh-excerpt-more\" href=\"https:\/\/groupeproexpo.com\/saloncarrefour50ansplus\/lieu\/\" title=\"Lieu\">[&#8230;]<\/a><\/p>\n<\/div>","protected":false},"author":4,"featured_media":0,"parent":0,"menu_order":0,"comment_status":"closed","ping_status":"closed","template":"","meta":{"ngg_post_thumbnail":0,"footnotes":""},"class_list":["post-1785","page","type-page","status-publish","hentry"],"yoast_head":"<!-- This site is optimized with the Yoast SEO plugin v24.4 - https:\/\/yoast.com\/wordpress\/plugins\/seo\/ -->\n<title>Lieu | Salon Carrefour 50 ans + | FADOQ Montr\u00e9al<\/title>\n<meta name=\"robots\" content=\"index, follow, max-snippet:-1, max-image-preview:large, max-video-preview:-1\" \/>\n<link rel=\"canonical\" href=\"https:\/\/groupeproexpo.com\/saloncarrefour50ansplus\/lieu\/\" \/>\n<meta property=\"og:locale\" content=\"fr_FR\" \/>\n<meta property=\"og:type\" content=\"article\" \/>\n<meta property=\"og:title\" content=\"Lieu | Salon Carrefour 50 ans + | FADOQ Montr\u00e9al\" \/>\n<meta property=\"og:description\" content=\"Palais des congr\u00e8s de Montr\u00e9al 1001, Place Jean-Paul-Riopelle Montr\u00e9al (Qu\u00e9bec) H2Z 1H5 &nbsp; &nbsp; &nbsp; &nbsp; Pour s&rsquo;y rendre : M\u00e9tro : le Palais des congr\u00e8s est situ\u00e9 \u00e0 la&nbsp;station Place-d&rsquo;Armes.&nbsp;La station est accessible par&nbsp;des [...]\" \/>\n<meta property=\"og:url\" content=\"https:\/\/groupeproexpo.com\/saloncarrefour50ansplus\/lieu\/\" \/>\n<meta property=\"og:site_name\" content=\"Le Salon Carrefour 50 ans +\" \/>\n<meta property=\"article:modified_time\" content=\"2026-03-13T10:44:58+00:00\" \/>\n<meta name=\"twitter:card\" content=\"summary_large_image\" \/>\n<meta name=\"twitter:label1\" content=\"Dur\u00e9e de lecture estim\u00e9e\" \/>\n\t<meta name=\"twitter:data1\" content=\"2 minutes\" \/>\n<script type=\"application\/ld+json\" class=\"yoast-schema-graph\">{\"@context\":\"https:\/\/schema.org\",\"@graph\":[{\"@type\":\"WebPage\",\"@id\":\"https:\/\/groupeproexpo.com\/saloncarrefour50ansplus\/lieu\/\",\"url\":\"https:\/\/groupeproexpo.com\/saloncarrefour50ansplus\/lieu\/\",\"name\":\"Lieu | Salon Carrefour 50 ans + | FADOQ Montr\u00e9al\",\"isPartOf\":{\"@id\":\"https:\/\/groupeproexpo.com\/saloncarrefour50ansplus\/#website\"},\"datePublished\":\"2017-09-28T17:36:06+00:00\",\"dateModified\":\"2026-03-13T10:44:58+00:00\",\"breadcrumb\":{\"@id\":\"https:\/\/groupeproexpo.com\/saloncarrefour50ansplus\/lieu\/#breadcrumb\"},\"inLanguage\":\"fr-FR\",\"potentialAction\":[{\"@type\":\"ReadAction\",\"target\":[\"https:\/\/groupeproexpo.com\/saloncarrefour50ansplus\/lieu\/\"]}]},{\"@type\":\"BreadcrumbList\",\"@id\":\"https:\/\/groupeproexpo.com\/saloncarrefour50ansplus\/lieu\/#breadcrumb\",\"itemListElement\":[{\"@type\":\"ListItem\",\"position\":1,\"name\":\"Accueil\",\"item\":\"https:\/\/groupeproexpo.com\/saloncarrefour50ansplus\/\"},{\"@type\":\"ListItem\",\"position\":2,\"name\":\"Lieu\"}]},{\"@type\":\"WebSite\",\"@id\":\"https:\/\/groupeproexpo.com\/saloncarrefour50ansplus\/#website\",\"url\":\"https:\/\/groupeproexpo.com\/saloncarrefour50ansplus\/\",\"name\":\"Le Salon Carrefour 50 ans +\",\"description\":\"12 au 14 avril 2024\",\"potentialAction\":[{\"@type\":\"SearchAction\",\"target\":{\"@type\":\"EntryPoint\",\"urlTemplate\":\"https:\/\/groupeproexpo.com\/saloncarrefour50ansplus\/?s={search_term_string}\"},\"query-input\":{\"@type\":\"PropertyValueSpecification\",\"valueRequired\":true,\"valueName\":\"search_term_string\"}}],\"inLanguage\":\"fr-FR\"}]}<\/script>\n<!-- \/ Yoast SEO plugin. -->","yoast_head_json":{"title":"Lieu | Salon Carrefour 50 ans + | FADOQ Montr\u00e9al","robots":{"index":"index","follow":"follow","max-snippet":"max-snippet:-1","max-image-preview":"max-image-preview:large","max-video-preview":"max-video-preview:-1"},"canonical":"https:\/\/groupeproexpo.com\/saloncarrefour50ansplus\/lieu\/","og_locale":"fr_FR","og_type":"article","og_title":"Lieu | Salon Carrefour 50 ans + | FADOQ Montr\u00e9al","og_description":"Palais des congr\u00e8s de Montr\u00e9al 1001, Place Jean-Paul-Riopelle Montr\u00e9al (Qu\u00e9bec) H2Z 1H5 &nbsp; &nbsp; &nbsp; &nbsp; Pour s&rsquo;y rendre : M\u00e9tro : le Palais des congr\u00e8s est situ\u00e9 \u00e0 la&nbsp;station Place-d&rsquo;Armes.&nbsp;La station est accessible par&nbsp;des [...]","og_url":"https:\/\/groupeproexpo.com\/saloncarrefour50ansplus\/lieu\/","og_site_name":"Le Salon Carrefour 50 ans +","article_modified_time":"2026-03-13T10:44:58+00:00","twitter_card":"summary_large_image","twitter_misc":{"Dur\u00e9e de lecture estim\u00e9e":"2 minutes"},"schema":{"@context":"https:\/\/schema.org","@graph":[{"@type":"WebPage","@id":"https:\/\/groupeproexpo.com\/saloncarrefour50ansplus\/lieu\/","url":"https:\/\/groupeproexpo.com\/saloncarrefour50ansplus\/lieu\/","name":"Lieu | Salon Carrefour 50 ans + | FADOQ Montr\u00e9al","isPartOf":{"@id":"https:\/\/groupeproexpo.com\/saloncarrefour50ansplus\/#website"},"datePublished":"2017-09-28T17:36:06+00:00","dateModified":"2026-03-13T10:44:58+00:00","breadcrumb":{"@id":"https:\/\/groupeproexpo.com\/saloncarrefour50ansplus\/lieu\/#breadcrumb"},"inLanguage":"fr-FR","potentialAction":[{"@type":"ReadAction","target":["https:\/\/groupeproexpo.com\/saloncarrefour50ansplus\/lieu\/"]}]},{"@type":"BreadcrumbList","@id":"https:\/\/groupeproexpo.com\/saloncarrefour50ansplus\/lieu\/#breadcrumb","itemListElement":[{"@type":"ListItem","position":1,"name":"Accueil","item":"https:\/\/groupeproexpo.com\/saloncarrefour50ansplus\/"},{"@type":"ListItem","position":2,"name":"Lieu"}]},{"@type":"WebSite","@id":"https:\/\/groupeproexpo.com\/saloncarrefour50ansplus\/#website","url":"https:\/\/groupeproexpo.com\/saloncarrefour50ansplus\/","name":"Le Salon Carrefour 50 ans +","description":"12 au 14 avril 2024","potentialAction":[{"@type":"SearchAction","target":{"@type":"EntryPoint","urlTemplate":"https:\/\/groupeproexpo.com\/saloncarrefour50ansplus\/?s={search_term_string}"},"query-input":{"@type":"PropertyValueSpecification","valueRequired":true,"valueName":"search_term_string"}}],"inLanguage":"fr-FR"}]}},"_links":{"self":[{"href":"https:\/\/groupeproexpo.com\/saloncarrefour50ansplus\/wp-json\/wp\/v2\/pages\/1785","targetHints":{"allow":["GET"]}}],"collection":[{"href":"https:\/\/groupeproexpo.com\/saloncarrefour50ansplus\/wp-json\/wp\/v2\/pages"}],"about":[{"href":"https:\/\/groupeproexpo.com\/saloncarrefour50ansplus\/wp-json\/wp\/v2\/types\/page"}],"author":[{"embeddable":true,"href":"https:\/\/groupeproexpo.com\/saloncarrefour50ansplus\/wp-json\/wp\/v2\/users\/4"}],"replies":[{"embeddable":true,"href":"https:\/\/groupeproexpo.com\/saloncarrefour50ansplus\/wp-json\/wp\/v2\/comments?post=1785"}],"version-history":[{"count":4,"href":"https:\/\/groupeproexpo.com\/saloncarrefour50ansplus\/wp-json\/wp\/v2\/pages\/1785\/revisions"}],"predecessor-version":[{"id":6397,"href":"https:\/\/groupeproexpo.com\/saloncarrefour50ansplus\/wp-json\/wp\/v2\/pages\/1785\/revisions\/6397"}],"wp:attachment":[{"href":"https:\/\/groupeproexpo.com\/saloncarrefour50ansplus\/wp-json\/wp\/v2\/media?parent=1785"}],"curies":[{"name":"wp","href":"https:\/\/api.w.org\/{rel}","templated":true}]}}