{"id":40,"date":"2017-07-01T19:14:47","date_gmt":"2017-07-01T19:14:47","guid":{"rendered":"http:\/\/saloncarrefour50ansplus.com\/?page_id=40"},"modified":"2026-03-13T06:58:15","modified_gmt":"2026-03-13T10:58:15","slug":"campagne-publicitaire","status":"publish","type":"page","link":"https:\/\/groupeproexpo.com\/saloncarrefour50ansplus\/campagne-publicitaire\/","title":{"rendered":"Campagne publicitaire"},"content":{"rendered":"<p>Le <strong>Salon Carrefour 50 ans +<\/strong> b\u00e9n\u00e9ficiera d\u2019une couverture d\u2019impact majeur. En effet, une vaste campagne de publicit\u00e9 et de relations publiques a \u00e9t\u00e9 \u00e9labor\u00e9e afin d\u2019obtenir un maximum de visiteurs.<\/p>\n<figure id=\"attachment_5194\" aria-describedby=\"caption-attachment-5194\" style=\"width: 1626px\" class=\"wp-caption aligncenter\"><img loading=\"lazy\" decoding=\"async\" class=\"size-full wp-image-5194\" src=\"https:\/\/groupeproexpo.com\/saloncarrefour50ansplus\/wp-content\/uploads\/sites\/9\/2019\/11\/WEB-FREEPIK-555884-PKE4J5-600.jpg\" alt=\"\" width=\"1626\" height=\"1000\" srcset=\"https:\/\/groupeproexpo.com\/saloncarrefour50ansplus\/wp-content\/uploads\/sites\/9\/2019\/11\/WEB-FREEPIK-555884-PKE4J5-600.jpg 1626w, https:\/\/groupeproexpo.com\/saloncarrefour50ansplus\/wp-content\/uploads\/sites\/9\/2019\/11\/WEB-FREEPIK-555884-PKE4J5-600-300x185.jpg 300w, https:\/\/groupeproexpo.com\/saloncarrefour50ansplus\/wp-content\/uploads\/sites\/9\/2019\/11\/WEB-FREEPIK-555884-PKE4J5-600-768x472.jpg 768w, https:\/\/groupeproexpo.com\/saloncarrefour50ansplus\/wp-content\/uploads\/sites\/9\/2019\/11\/WEB-FREEPIK-555884-PKE4J5-600-1024x630.jpg 1024w\" sizes=\"auto, (max-width: 1626px) 100vw, 1626px\" \/><figcaption id=\"caption-attachment-5194\" class=\"wp-caption-text\">Freepik<\/figcaption><\/figure>\n<p>La campagne comportera :<\/p>\n<p>-Publicit\u00e9 aux membres de la FADOQ<br \/>\n-Annonce dans le Journal de Montr\u00e9al<br \/>\n-Messages publicitaires \u00e0 la radio et \u00e0 la t\u00e9l\u00e9vision<br \/>\n-Annonces publicitaires dans certains magazines et hebdos locaux<br \/>\n-Pr\u00e9sence active sur les r\u00e9seaux sociaux<br \/>\n-Communiqu\u00e9s de presse<br \/>\n-Site Internet<\/p>\n<p>Bref, rien ne sera n\u00e9glig\u00e9 afin d\u2019attirer le plus de visiteurs possible puisque l\u2019une de nos pr\u00e9occupations est votre satisfaction.<\/p>\n","protected":false},"excerpt":{"rendered":"<div class=\"mh-excerpt\"><p>Le Salon Carrefour 50 ans + b\u00e9n\u00e9ficiera d\u2019une couverture d\u2019impact majeur. En effet, une vaste campagne de publicit\u00e9 et de relations publiques a \u00e9t\u00e9 \u00e9labor\u00e9e afin d\u2019obtenir un maximum de visiteurs. La campagne comportera : <a class=\"mh-excerpt-more\" href=\"https:\/\/groupeproexpo.com\/saloncarrefour50ansplus\/campagne-publicitaire\/\" title=\"Campagne publicitaire\">[&#8230;]<\/a><\/p>\n<\/div>","protected":false},"author":1,"featured_media":0,"parent":0,"menu_order":0,"comment_status":"closed","ping_status":"closed","template":"","meta":{"ngg_post_thumbnail":0,"footnotes":""},"class_list":["post-40","page","type-page","status-publish","hentry"],"yoast_head":"<!-- This site is optimized with the Yoast SEO plugin v24.4 - https:\/\/yoast.com\/wordpress\/plugins\/seo\/ -->\n<title>Visibilit\u00e9 pour exposants | Carrefour 50 ans + | FADOQ Montr\u00e9al<\/title>\n<meta name=\"robots\" content=\"index, follow, max-snippet:-1, max-image-preview:large, max-video-preview:-1\" \/>\n<link rel=\"canonical\" href=\"https:\/\/groupeproexpo.com\/saloncarrefour50ansplus\/campagne-publicitaire\/\" \/>\n<meta property=\"og:locale\" content=\"fr_FR\" \/>\n<meta property=\"og:type\" content=\"article\" \/>\n<meta property=\"og:title\" content=\"Visibilit\u00e9 pour exposants | Carrefour 50 ans + | FADOQ Montr\u00e9al\" \/>\n<meta property=\"og:description\" content=\"Le Salon Carrefour 50 ans + b\u00e9n\u00e9ficiera d\u2019une couverture d\u2019impact majeur. En effet, une vaste campagne de publicit\u00e9 et de relations publiques a \u00e9t\u00e9 \u00e9labor\u00e9e afin d\u2019obtenir un maximum de visiteurs. La campagne comportera : [...]\" \/>\n<meta property=\"og:url\" content=\"https:\/\/groupeproexpo.com\/saloncarrefour50ansplus\/campagne-publicitaire\/\" \/>\n<meta property=\"og:site_name\" content=\"Le Salon Carrefour 50 ans +\" \/>\n<meta property=\"article:modified_time\" content=\"2026-03-13T10:58:15+00:00\" \/>\n<meta property=\"og:image\" content=\"https:\/\/groupeproexpo.com\/saloncarrefour50ansplus\/wp-content\/uploads\/sites\/9\/2019\/11\/WEB-FREEPIK-555884-PKE4J5-600.jpg\" \/>\n\t<meta property=\"og:image:width\" content=\"1626\" \/>\n\t<meta property=\"og:image:height\" content=\"1000\" \/>\n\t<meta property=\"og:image:type\" content=\"image\/jpeg\" \/>\n<meta name=\"twitter:card\" content=\"summary_large_image\" \/>\n<meta name=\"twitter:label1\" content=\"Dur\u00e9e de lecture estim\u00e9e\" \/>\n\t<meta name=\"twitter:data1\" content=\"1 minute\" \/>\n<script type=\"application\/ld+json\" class=\"yoast-schema-graph\">{\"@context\":\"https:\/\/schema.org\",\"@graph\":[{\"@type\":\"WebPage\",\"@id\":\"https:\/\/groupeproexpo.com\/saloncarrefour50ansplus\/campagne-publicitaire\/\",\"url\":\"https:\/\/groupeproexpo.com\/saloncarrefour50ansplus\/campagne-publicitaire\/\",\"name\":\"Visibilit\u00e9 pour exposants | Carrefour 50 ans + | FADOQ Montr\u00e9al\",\"isPartOf\":{\"@id\":\"https:\/\/groupeproexpo.com\/saloncarrefour50ansplus\/#website\"},\"primaryImageOfPage\":{\"@id\":\"https:\/\/groupeproexpo.com\/saloncarrefour50ansplus\/campagne-publicitaire\/#primaryimage\"},\"image\":{\"@id\":\"https:\/\/groupeproexpo.com\/saloncarrefour50ansplus\/campagne-publicitaire\/#primaryimage\"},\"thumbnailUrl\":\"https:\/\/groupeproexpo.com\/saloncarrefour50ansplus\/wp-content\/uploads\/sites\/9\/2019\/11\/WEB-FREEPIK-555884-PKE4J5-600.jpg\",\"datePublished\":\"2017-07-01T19:14:47+00:00\",\"dateModified\":\"2026-03-13T10:58:15+00:00\",\"breadcrumb\":{\"@id\":\"https:\/\/groupeproexpo.com\/saloncarrefour50ansplus\/campagne-publicitaire\/#breadcrumb\"},\"inLanguage\":\"fr-FR\",\"potentialAction\":[{\"@type\":\"ReadAction\",\"target\":[\"https:\/\/groupeproexpo.com\/saloncarrefour50ansplus\/campagne-publicitaire\/\"]}]},{\"@type\":\"ImageObject\",\"inLanguage\":\"fr-FR\",\"@id\":\"https:\/\/groupeproexpo.com\/saloncarrefour50ansplus\/campagne-publicitaire\/#primaryimage\",\"url\":\"https:\/\/groupeproexpo.com\/saloncarrefour50ansplus\/wp-content\/uploads\/sites\/9\/2019\/11\/WEB-FREEPIK-555884-PKE4J5-600.jpg\",\"contentUrl\":\"https:\/\/groupeproexpo.com\/saloncarrefour50ansplus\/wp-content\/uploads\/sites\/9\/2019\/11\/WEB-FREEPIK-555884-PKE4J5-600.jpg\",\"width\":1626,\"height\":1000,\"caption\":\"Freepik\"},{\"@type\":\"BreadcrumbList\",\"@id\":\"https:\/\/groupeproexpo.com\/saloncarrefour50ansplus\/campagne-publicitaire\/#breadcrumb\",\"itemListElement\":[{\"@type\":\"ListItem\",\"position\":1,\"name\":\"Accueil\",\"item\":\"https:\/\/groupeproexpo.com\/saloncarrefour50ansplus\/\"},{\"@type\":\"ListItem\",\"position\":2,\"name\":\"Campagne publicitaire\"}]},{\"@type\":\"WebSite\",\"@id\":\"https:\/\/groupeproexpo.com\/saloncarrefour50ansplus\/#website\",\"url\":\"https:\/\/groupeproexpo.com\/saloncarrefour50ansplus\/\",\"name\":\"Le Salon Carrefour 50 ans +\",\"description\":\"12 au 14 avril 2024\",\"potentialAction\":[{\"@type\":\"SearchAction\",\"target\":{\"@type\":\"EntryPoint\",\"urlTemplate\":\"https:\/\/groupeproexpo.com\/saloncarrefour50ansplus\/?s={search_term_string}\"},\"query-input\":{\"@type\":\"PropertyValueSpecification\",\"valueRequired\":true,\"valueName\":\"search_term_string\"}}],\"inLanguage\":\"fr-FR\"}]}<\/script>\n<!-- \/ Yoast SEO plugin. -->","yoast_head_json":{"title":"Visibilit\u00e9 pour exposants | Carrefour 50 ans + | FADOQ Montr\u00e9al","robots":{"index":"index","follow":"follow","max-snippet":"max-snippet:-1","max-image-preview":"max-image-preview:large","max-video-preview":"max-video-preview:-1"},"canonical":"https:\/\/groupeproexpo.com\/saloncarrefour50ansplus\/campagne-publicitaire\/","og_locale":"fr_FR","og_type":"article","og_title":"Visibilit\u00e9 pour exposants | Carrefour 50 ans + | FADOQ Montr\u00e9al","og_description":"Le Salon Carrefour 50 ans + b\u00e9n\u00e9ficiera d\u2019une couverture d\u2019impact majeur. En effet, une vaste campagne de publicit\u00e9 et de relations publiques a \u00e9t\u00e9 \u00e9labor\u00e9e afin d\u2019obtenir un maximum de visiteurs. La campagne comportera : [...]","og_url":"https:\/\/groupeproexpo.com\/saloncarrefour50ansplus\/campagne-publicitaire\/","og_site_name":"Le Salon Carrefour 50 ans +","article_modified_time":"2026-03-13T10:58:15+00:00","og_image":[{"width":1626,"height":1000,"url":"https:\/\/groupeproexpo.com\/saloncarrefour50ansplus\/wp-content\/uploads\/sites\/9\/2019\/11\/WEB-FREEPIK-555884-PKE4J5-600.jpg","type":"image\/jpeg"}],"twitter_card":"summary_large_image","twitter_misc":{"Dur\u00e9e de lecture estim\u00e9e":"1 minute"},"schema":{"@context":"https:\/\/schema.org","@graph":[{"@type":"WebPage","@id":"https:\/\/groupeproexpo.com\/saloncarrefour50ansplus\/campagne-publicitaire\/","url":"https:\/\/groupeproexpo.com\/saloncarrefour50ansplus\/campagne-publicitaire\/","name":"Visibilit\u00e9 pour exposants | Carrefour 50 ans + | FADOQ Montr\u00e9al","isPartOf":{"@id":"https:\/\/groupeproexpo.com\/saloncarrefour50ansplus\/#website"},"primaryImageOfPage":{"@id":"https:\/\/groupeproexpo.com\/saloncarrefour50ansplus\/campagne-publicitaire\/#primaryimage"},"image":{"@id":"https:\/\/groupeproexpo.com\/saloncarrefour50ansplus\/campagne-publicitaire\/#primaryimage"},"thumbnailUrl":"https:\/\/groupeproexpo.com\/saloncarrefour50ansplus\/wp-content\/uploads\/sites\/9\/2019\/11\/WEB-FREEPIK-555884-PKE4J5-600.jpg","datePublished":"2017-07-01T19:14:47+00:00","dateModified":"2026-03-13T10:58:15+00:00","breadcrumb":{"@id":"https:\/\/groupeproexpo.com\/saloncarrefour50ansplus\/campagne-publicitaire\/#breadcrumb"},"inLanguage":"fr-FR","potentialAction":[{"@type":"ReadAction","target":["https:\/\/groupeproexpo.com\/saloncarrefour50ansplus\/campagne-publicitaire\/"]}]},{"@type":"ImageObject","inLanguage":"fr-FR","@id":"https:\/\/groupeproexpo.com\/saloncarrefour50ansplus\/campagne-publicitaire\/#primaryimage","url":"https:\/\/groupeproexpo.com\/saloncarrefour50ansplus\/wp-content\/uploads\/sites\/9\/2019\/11\/WEB-FREEPIK-555884-PKE4J5-600.jpg","contentUrl":"https:\/\/groupeproexpo.com\/saloncarrefour50ansplus\/wp-content\/uploads\/sites\/9\/2019\/11\/WEB-FREEPIK-555884-PKE4J5-600.jpg","width":1626,"height":1000,"caption":"Freepik"},{"@type":"BreadcrumbList","@id":"https:\/\/groupeproexpo.com\/saloncarrefour50ansplus\/campagne-publicitaire\/#breadcrumb","itemListElement":[{"@type":"ListItem","position":1,"name":"Accueil","item":"https:\/\/groupeproexpo.com\/saloncarrefour50ansplus\/"},{"@type":"ListItem","position":2,"name":"Campagne publicitaire"}]},{"@type":"WebSite","@id":"https:\/\/groupeproexpo.com\/saloncarrefour50ansplus\/#website","url":"https:\/\/groupeproexpo.com\/saloncarrefour50ansplus\/","name":"Le Salon Carrefour 50 ans +","description":"12 au 14 avril 2024","potentialAction":[{"@type":"SearchAction","target":{"@type":"EntryPoint","urlTemplate":"https:\/\/groupeproexpo.com\/saloncarrefour50ansplus\/?s={search_term_string}"},"query-input":{"@type":"PropertyValueSpecification","valueRequired":true,"valueName":"search_term_string"}}],"inLanguage":"fr-FR"}]}},"_links":{"self":[{"href":"https:\/\/groupeproexpo.com\/saloncarrefour50ansplus\/wp-json\/wp\/v2\/pages\/40","targetHints":{"allow":["GET"]}}],"collection":[{"href":"https:\/\/groupeproexpo.com\/saloncarrefour50ansplus\/wp-json\/wp\/v2\/pages"}],"about":[{"href":"https:\/\/groupeproexpo.com\/saloncarrefour50ansplus\/wp-json\/wp\/v2\/types\/page"}],"author":[{"embeddable":true,"href":"https:\/\/groupeproexpo.com\/saloncarrefour50ansplus\/wp-json\/wp\/v2\/users\/1"}],"replies":[{"embeddable":true,"href":"https:\/\/groupeproexpo.com\/saloncarrefour50ansplus\/wp-json\/wp\/v2\/comments?post=40"}],"version-history":[{"count":2,"href":"https:\/\/groupeproexpo.com\/saloncarrefour50ansplus\/wp-json\/wp\/v2\/pages\/40\/revisions"}],"predecessor-version":[{"id":5196,"href":"https:\/\/groupeproexpo.com\/saloncarrefour50ansplus\/wp-json\/wp\/v2\/pages\/40\/revisions\/5196"}],"wp:attachment":[{"href":"https:\/\/groupeproexpo.com\/saloncarrefour50ansplus\/wp-json\/wp\/v2\/media?parent=40"}],"curies":[{"name":"wp","href":"https:\/\/api.w.org\/{rel}","templated":true}]}}