{"id":5626,"date":"2021-09-20T11:28:05","date_gmt":"2021-09-20T15:28:05","guid":{"rendered":"http:\/\/groupeproexpo.com\/saloncarrefour50ansplus\/?page_id=5626"},"modified":"2026-03-13T06:50:38","modified_gmt":"2026-03-13T10:50:38","slug":"liste-des-exposants-2026","status":"publish","type":"page","link":"https:\/\/groupeproexpo.com\/saloncarrefour50ansplus\/liste-des-exposants-2026\/","title":{"rendered":"Liste des exposants 2026"},"content":{"rendered":"\n<table id=\"tablepress-1\" class=\"tablepress tablepress-id-1\">\n<tbody class=\"row-striping row-hover\">\n<tr class=\"row-1\">\n\t<td class=\"column-1\">KIOSQUE<\/td><td class=\"column-2\">EXPOSANT<\/td>\n<\/tr>\n<tr class=\"row-2\">\n\t<td class=\"column-1\">1<\/td><td class=\"column-2\">NORWEX<\/td>\n<\/tr>\n<tr class=\"row-3\">\n\t<td class=\"column-1\">2<\/td><td class=\"column-2\">F\u00c9D\u00c9RATION DES CENTRES D'ASSISTANCE  ET D'ACCOMPAGNEMENT AUX PLAINTES (FCAAP)<\/td>\n<\/tr>\n<tr class=\"row-4\">\n\t<td class=\"column-1\">3<\/td><td class=\"column-2\">SOINS MULTICULTURELS <\/td>\n<\/tr>\n<tr class=\"row-5\">\n\t<td class=\"column-1\">4<\/td><td class=\"column-2\">FONDATION DE LA SOCI\u00c9T\u00c9 DE SOINS PALLIATIFS \u00c0 DOMICILE<\/td>\n<\/tr>\n<tr class=\"row-6\">\n\t<td class=\"column-1\">5<\/td><td class=\"column-2\">ANTOINE PICH, NOTAIRE<\/td>\n<\/tr>\n<tr class=\"row-7\">\n\t<td class=\"column-1\">6<\/td><td class=\"column-2\">EXPERTB\u00c2TIMENT \/ \u00c9CONOLOGIS<\/td>\n<\/tr>\n<tr class=\"row-8\">\n\t<td class=\"column-1\">7<\/td><td class=\"column-2\">Y DES FEMMES DE MONTR\u00c9AL<\/td>\n<\/tr>\n<tr class=\"row-9\">\n\t<td class=\"column-1\">8<\/td><td class=\"column-2\">TEL-\u00c9COUTE \/ TEL-A\u00ceN\u00c9S<\/td>\n<\/tr>\n<tr class=\"row-10\">\n\t<td class=\"column-1\">9<\/td><td class=\"column-2\">\u00c9QUIJUSTICE<\/td>\n<\/tr>\n<tr class=\"row-11\">\n\t<td class=\"column-1\">10<\/td><td class=\"column-2\">MARY KAY<\/td>\n<\/tr>\n<tr class=\"row-12\">\n\t<td class=\"column-1\">11<\/td><td class=\"column-2\">HANH TRAVEL<\/td>\n<\/tr>\n<tr class=\"row-13\">\n\t<td class=\"column-1\">12<\/td><td class=\"column-2\">SOINS MIAD<\/td>\n<\/tr>\n<tr class=\"row-14\">\n\t<td class=\"column-1\">13<\/td><td class=\"column-2\">CORPORATION DES THANATOLOGUES DU QU\u00c9BEC<\/td>\n<\/tr>\n<tr class=\"row-15\">\n\t<td class=\"column-1\">14<\/td><td class=\"column-2\">LA CIT\u00c9 DES RETRAIT\u00c9S NDF<\/td>\n<\/tr>\n<tr class=\"row-16\">\n\t<td class=\"column-1\">15<\/td><td class=\"column-2\">ADAPTAVUE<\/td>\n<\/tr>\n<tr class=\"row-17\">\n\t<td class=\"column-1\">16<\/td><td class=\"column-2\">F\u00c9D\u00c9RATION QU\u00c9B\u00c9COISE DES CLUBS DE SCRABBLE FRANCOPHONE<\/td>\n<\/tr>\n<tr class=\"row-18\">\n\t<td class=\"column-1\">17<\/td><td class=\"column-2\">\u00c9DUCALOI<\/td>\n<\/tr>\n<tr class=\"row-19\">\n\t<td class=\"column-1\">18<\/td><td class=\"column-2\">CENTRE D'ASSISTANCE ET D'ACCOMPAGNEMENT AUX PLAINTES DE L'\u00ceLE DE MONTR\u00c9AL (CAAP \u00ceLE DE MONTR\u00c9AL)<\/td>\n<\/tr>\n<tr class=\"row-20\">\n\t<td class=\"column-1\">19<\/td><td class=\"column-2\">R\u00c9PIT-RESSOURCE<br \/>\n<\/td>\n<\/tr>\n<tr class=\"row-21\">\n\t<td class=\"column-1\">20<\/td><td class=\"column-2\">HEMA-QU\u00c9BEC<\/td>\n<\/tr>\n<tr class=\"row-22\">\n\t<td class=\"column-1\">21<\/td><td class=\"column-2\">QU\u00c9BEC ISSIME<\/td>\n<\/tr>\n<tr class=\"row-23\">\n\t<td class=\"column-1\">22<\/td><td class=\"column-2\">SOLUTION ID\u00c9ALE<\/td>\n<\/tr>\n<tr class=\"row-24\">\n\t<td class=\"column-1\">23<\/td><td class=\"column-2\">SOLUTION ID\u00c9ALE<\/td>\n<\/tr>\n<tr class=\"row-25\">\n\t<td class=\"column-1\">24<\/td><td class=\"column-2\">OPTELEC CANADA <\/td>\n<\/tr>\n<tr class=\"row-26\">\n\t<td class=\"column-1\">27<\/td><td class=\"column-2\">NOMADE SOINS ET AIDE \u00c0 DOMICILE<\/td>\n<\/tr>\n<tr class=\"row-27\">\n\t<td class=\"column-1\">28<\/td><td class=\"column-2\">FONDATION DU CANCER DU SEIN DU QU\u00c9BEC<\/td>\n<\/tr>\n<tr class=\"row-28\">\n\t<td class=\"column-1\">30<\/td><td class=\"column-2\">211 GRAND MONTR\u00c9AL<\/td>\n<\/tr>\n<tr class=\"row-29\">\n\t<td class=\"column-1\">31<\/td><td class=\"column-2\">COLOC' GRAN MOUN &amp; HANDI COLOC<\/td>\n<\/tr>\n<tr class=\"row-30\">\n\t<td class=\"column-1\">32<\/td><td class=\"column-2\">FONDATION CHU SAINTE-JUSTINE<\/td>\n<\/tr>\n<tr class=\"row-31\">\n\t<td class=\"column-1\">33<\/td><td class=\"column-2\">CATALYSTE+<\/td>\n<\/tr>\n<tr class=\"row-32\">\n\t<td class=\"column-1\">35<\/td><td class=\"column-2\">CENTRE VAL SANT\u00c9<\/td>\n<\/tr>\n<tr class=\"row-33\">\n\t<td class=\"column-1\">36<\/td><td class=\"column-2\">VACANCES C\u00c9L\u00c9BRITOURS<\/td>\n<\/tr>\n<tr class=\"row-34\">\n\t<td class=\"column-1\">37<\/td><td class=\"column-2\">L'HISTOIRE DE VOTRE PREMIER ANC\u00caTRE ARRIV\u00c9 AU QU\u00c9BEC<\/td>\n<\/tr>\n<tr class=\"row-35\">\n\t<td class=\"column-1\">38<\/td><td class=\"column-2\">A\u00ceN\u00c9S ET RETRAIT\u00c9S DE LA COMMUNAUT\u00c9 GAIE (ARCG)<\/td>\n<\/tr>\n<tr class=\"row-36\">\n\t<td class=\"column-1\">39<\/td><td class=\"column-2\">CROISI\u00c8RES AML<\/td>\n<\/tr>\n<tr class=\"row-37\">\n\t<td class=\"column-1\">40<\/td><td class=\"column-2\">LIRE ET FAIRE LIRE<\/td>\n<\/tr>\n<tr class=\"row-38\">\n\t<td class=\"column-1\">41<\/td><td class=\"column-2\">DIAB\u00c8TE QU\u00c9BEC<\/td>\n<\/tr>\n<tr class=\"row-39\">\n\t<td class=\"column-1\">42<\/td><td class=\"column-2\">ASSOCIATION DES OPTOM\u00c9TRISTES DU QU\u00c9BEC<\/td>\n<\/tr>\n<tr class=\"row-40\">\n\t<td class=\"column-1\">43<\/td><td class=\"column-2\">ORCHESTRE SYMPHONIQUE DE MONTR\u00c9AL<\/td>\n<\/tr>\n<tr class=\"row-41\">\n\t<td class=\"column-1\">44<\/td><td class=\"column-2\">LE CHEZ-NOUS DE MERCIER-EST<\/td>\n<\/tr>\n<tr class=\"row-42\">\n\t<td class=\"column-1\">45<\/td><td class=\"column-2\">LA CANTINE POUR TOUS<\/td>\n<\/tr>\n<tr class=\"row-43\">\n\t<td class=\"column-1\">47<\/td><td class=\"column-2\">H\u00d4TEL LE PARC TAPESTRY COLLECTION BY HILTON<\/td>\n<\/tr>\n<tr class=\"row-44\">\n\t<td class=\"column-1\">48<\/td><td class=\"column-2\">RELOCALISATION ENTOURAGE<\/td>\n<\/tr>\n<tr class=\"row-45\">\n\t<td class=\"column-1\">49<\/td><td class=\"column-2\">ASSOCIATION QU\u00c9B\u00c9COISE DE LA D\u00c9G\u00c9N\u00c9RESCENCE MACULAIRE (AQDM)<\/td>\n<\/tr>\n<tr class=\"row-46\">\n\t<td class=\"column-1\">50<\/td><td class=\"column-2\">CENTRE \u00c9PIC DE L'INSTITUT DE CARDIOLOGIE DE MONTR\u00c9AL<\/td>\n<\/tr>\n<tr class=\"row-47\">\n\t<td class=\"column-1\">51<\/td><td class=\"column-2\">MULTI SERVICE ARTHRIMED-PLUS<\/td>\n<\/tr>\n<tr class=\"row-48\">\n\t<td class=\"column-1\">52<\/td><td class=\"column-2\">ASSOCIATION DES NATUROPATHES AGR\u00c9\u00c9S DU QU\u00c9BEC (ANAQ)<\/td>\n<\/tr>\n<tr class=\"row-49\">\n\t<td class=\"column-1\">53<\/td><td class=\"column-2\">TEL-AIDE MONTR\u00c9AL<\/td>\n<\/tr>\n<tr class=\"row-50\">\n\t<td class=\"column-1\">54<\/td><td class=\"column-2\">SOLUTION ID\u00c9ALE<\/td>\n<\/tr>\n<tr class=\"row-51\">\n\t<td class=\"column-1\">55<\/td><td class=\"column-2\">MCGILL COMMUNITY FOR LIFELONG LEARNING (MCLL)<\/td>\n<\/tr>\n<tr class=\"row-52\">\n\t<td class=\"column-1\">56<\/td><td class=\"column-2\">CONSEIL POUR LA PROTECTION DES MALADES CPM<\/td>\n<\/tr>\n<tr class=\"row-53\">\n\t<td class=\"column-1\">100<\/td><td class=\"column-2\">BOIRON CANADA<\/td>\n<\/tr>\n<tr class=\"row-54\">\n\t<td class=\"column-1\">101<\/td><td class=\"column-2\">CORSET ST-FRANCIS<\/td>\n<\/tr>\n<tr class=\"row-55\">\n\t<td class=\"column-1\">102<\/td><td class=\"column-2\">KB PURE PROFESSIONAL<\/td>\n<\/tr>\n<tr class=\"row-56\">\n\t<td class=\"column-1\">103<\/td><td class=\"column-2\">ESPACE PROFIL DENTUROLOGISTE<\/td>\n<\/tr>\n<tr class=\"row-57\">\n\t<td class=\"column-1\">105<\/td><td class=\"column-2\">LE REPOS SAINT-FRAN\u00c7OIS D'ASSISE<\/td>\n<\/tr>\n<tr class=\"row-58\">\n\t<td class=\"column-1\">106<\/td><td class=\"column-2\">MAGNUS POIRIER<\/td>\n<\/tr>\n<tr class=\"row-59\">\n\t<td class=\"column-1\">107<\/td><td class=\"column-2\">CURATEUR PUBLIC DU QU\u00c9BEC<\/td>\n<\/tr>\n<tr class=\"row-60\">\n\t<td class=\"column-1\">109<\/td><td class=\"column-2\">AUTORIT\u00c9 DES MARCH\u00c9S FINANCIERS<\/td>\n<\/tr>\n<tr class=\"row-61\">\n\t<td class=\"column-1\">110<\/td><td class=\"column-2\">SOCI\u00c9T\u00c9 DE L'ASSURANCE AUTOMOBILE DU QU\u00c9BEC (SAAQ )<\/td>\n<\/tr>\n<tr class=\"row-62\">\n\t<td class=\"column-1\">111<\/td><td class=\"column-2\">SOCI\u00c9T\u00c9 DE L'ASSURANCE AUTOMOBILE DU QU\u00c9BEC (SAAQ )<\/td>\n<\/tr>\n<tr class=\"row-63\">\n\t<td class=\"column-1\">112<\/td><td class=\"column-2\">LES PUBLICATIONS DU GRAAL<\/td>\n<\/tr>\n<tr class=\"row-64\">\n\t<td class=\"column-1\">114<\/td><td class=\"column-2\">SERVICE CANADA<\/td>\n<\/tr>\n<tr class=\"row-65\">\n\t<td class=\"column-1\">115<\/td><td class=\"column-2\">BUREAU DE LA CONCURRENCE DU CANADA<\/td>\n<\/tr>\n<tr class=\"row-66\">\n\t<td class=\"column-1\">116<\/td><td class=\"column-2\">K\u00c9ROUL<\/td>\n<\/tr>\n<tr class=\"row-67\">\n\t<td class=\"column-1\">117<\/td><td class=\"column-2\">\u00c9COLES DE DANSE ARTHUR MURRAY<\/td>\n<\/tr>\n<tr class=\"row-68\">\n\t<td class=\"column-1\">118<\/td><td class=\"column-2\">SAVEUR NUTIVA<\/td>\n<\/tr>\n<tr class=\"row-69\">\n\t<td class=\"column-1\">200<\/td><td class=\"column-2\">ACTUEL SERVICES FUN\u00c9RAIRES<\/td>\n<\/tr>\n<tr class=\"row-70\">\n\t<td class=\"column-1\">201<\/td><td class=\"column-2\">FILIGRANE ARCHIVES<\/td>\n<\/tr>\n<tr class=\"row-71\">\n\t<td class=\"column-1\">202<\/td><td class=\"column-2\">TURBO NUTRITION<\/td>\n<\/tr>\n<tr class=\"row-72\">\n\t<td class=\"column-1\">203<\/td><td class=\"column-2\">ASSOCIATION QU\u00c9B\u00c9COISE DES RETRAIT\u00c9(E)S DES SECTEURS PUBLIC ET PARAPUBLIC (AQRP)<\/td>\n<\/tr>\n<tr class=\"row-73\">\n\t<td class=\"column-1\">205<\/td><td class=\"column-2\">LES R\u00c9SIDENCES SOLEIL<\/td>\n<\/tr>\n<tr class=\"row-74\">\n\t<td class=\"column-1\">207<\/td><td class=\"column-2\">NIAGARA TH\u00c9RAPIE PAR ULTRASSAGE<\/td>\n<\/tr>\n<tr class=\"row-75\">\n\t<td class=\"column-1\">208<\/td><td class=\"column-2\">NIAGARA TH\u00c9RAPIE PAR ULTRASSAGE<\/td>\n<\/tr>\n<tr class=\"row-76\">\n\t<td class=\"column-1\">209<\/td><td class=\"column-2\">NIAGARA TH\u00c9RAPIE PAR ULTRASSAGE<\/td>\n<\/tr>\n<tr class=\"row-77\">\n\t<td class=\"column-1\">210<\/td><td class=\"column-2\">NIAGARA TH\u00c9RAPIE PAR ULTRASSAGE<\/td>\n<\/tr>\n<tr class=\"row-78\">\n\t<td class=\"column-1\">211<\/td><td class=\"column-2\">NIAGARA TH\u00c9RAPIE PAR ULTRASSAGE<\/td>\n<\/tr>\n<tr class=\"row-79\">\n\t<td class=\"column-1\">212<\/td><td class=\"column-2\">NIAGARA TH\u00c9RAPIE PAR ULTRASSAGE<\/td>\n<\/tr>\n<tr class=\"row-80\">\n\t<td class=\"column-1\">214<\/td><td class=\"column-2\">MONARQUE, UNE DIVISION IMMOBILI\u00c8RE POUR RETRAIT\u00c9S<\/td>\n<\/tr>\n<tr class=\"row-81\">\n\t<td class=\"column-1\">216<\/td><td class=\"column-2\">ANNICK LEVESQUE ACCESSOIRES MODE<\/td>\n<\/tr>\n<tr class=\"row-82\">\n\t<td class=\"column-1\">217<\/td><td class=\"column-2\">DRAE COLLECTION<\/td>\n<\/tr>\n<tr class=\"row-83\">\n\t<td class=\"column-1\">218<\/td><td class=\"column-2\">R\u00c9SEAU DIGNIT\u00c9<\/td>\n<\/tr>\n<tr class=\"row-84\">\n\t<td class=\"column-1\">300<\/td><td class=\"column-2\">LOBE<\/td>\n<\/tr>\n<tr class=\"row-85\">\n\t<td class=\"column-1\">301<\/td><td class=\"column-2\">LOBE<\/td>\n<\/tr>\n<tr class=\"row-86\">\n\t<td class=\"column-1\">302<\/td><td class=\"column-2\">LES JARDINS DE JAQUELINE<\/td>\n<\/tr>\n<tr class=\"row-87\">\n\t<td class=\"column-1\">303<\/td><td class=\"column-2\">MULTI-PR\u00caTS \u00c9QUIPE EXPERT<\/td>\n<\/tr>\n<tr class=\"row-88\">\n\t<td class=\"column-1\">304<\/td><td class=\"column-2\">CRIUGM: RECHERCE VIEILLISSEMENT - SANT\u00c9<br \/>\n<\/td>\n<\/tr>\n<tr class=\"row-89\">\n\t<td class=\"column-1\">311<\/td><td class=\"column-2\">ATELIER CARIB\u014c\u014c - LUNETTERIE SP\u00c9CILIS\u00c9E DANS LE SUR-MESURE<br \/>\nIRIS CAPTURE MONTR\u00c9AL - PHOTOGRAPHIE D'IRIS<\/td>\n<\/tr>\n<tr class=\"row-90\">\n\t<td class=\"column-1\">312<\/td><td class=\"column-2\">FONDATION DES MALADIES DE L'\u0152IL<\/td>\n<\/tr>\n<tr class=\"row-91\">\n\t<td class=\"column-1\">314<\/td><td class=\"column-2\">EMU DUNDEE<\/td>\n<\/tr>\n<tr class=\"row-92\">\n\t<td class=\"column-1\">315<\/td><td class=\"column-2\">SERVICE FUN\u00c9RAIRE \u00c9TOILE DU NORD<\/td>\n<\/tr>\n<tr class=\"row-93\">\n\t<td class=\"column-1\">316<\/td><td class=\"column-2\">IG GESTION DE PATRIMOINE<\/td>\n<\/tr>\n<tr class=\"row-94\">\n\t<td class=\"column-1\">317<\/td><td class=\"column-2\">ROSES ET SAFRAN<\/td>\n<\/tr>\n<tr class=\"row-95\">\n\t<td class=\"column-1\">318<\/td><td class=\"column-2\">ACC\u00c8S R\u00c9SIDENCES<\/td>\n<\/tr>\n<tr class=\"row-96\">\n\t<td class=\"column-1\">400<\/td><td class=\"column-2\">LOBE<\/td>\n<\/tr>\n<tr class=\"row-97\">\n\t<td class=\"column-1\">401<\/td><td class=\"column-2\">LOBE<\/td>\n<\/tr>\n<tr class=\"row-98\">\n\t<td class=\"column-1\">402<\/td><td class=\"column-2\">FONDATION YVON DESCHAMPS CENTRE-SUD<\/td>\n<\/tr>\n<tr class=\"row-99\">\n\t<td class=\"column-1\">403<\/td><td class=\"column-2\">GROUPE H\u00d4TELIER BEN<\/td>\n<\/tr>\n<tr class=\"row-100\">\n\t<td class=\"column-1\">404<\/td><td class=\"column-2\">VIEUX BALSAMIQUE<\/td>\n<\/tr>\n<tr class=\"row-101\">\n\t<td class=\"column-1\">410<\/td><td class=\"column-2\">J'AI MON VOYAGE<\/td>\n<\/tr>\n<tr class=\"row-102\">\n\t<td class=\"column-1\">411<\/td><td class=\"column-2\">VIDEOTRON LTEE<\/td>\n<\/tr>\n<tr class=\"row-103\">\n\t<td class=\"column-1\">412<\/td><td class=\"column-2\">ORCHESTRE M\u00c9TROPOLITAIN<\/td>\n<\/tr>\n<tr class=\"row-104\">\n\t<td class=\"column-1\">415<\/td><td class=\"column-2\">CROIX-ROUGE CANADIENNE, QU\u00c9BEC<\/td>\n<\/tr>\n<tr class=\"row-105\">\n\t<td class=\"column-1\">416<\/td><td class=\"column-2\">AMBULANCE SAINT-JEAN<\/td>\n<\/tr>\n<tr class=\"row-106\">\n\t<td class=\"column-1\">417<\/td><td class=\"column-2\">ORGANISME CANADIEN DE R\u00c9GLEMENTATION DES INVESTISSEMENTS (OCRI)<\/td>\n<\/tr>\n<tr class=\"row-107\">\n\t<td class=\"column-1\">418<\/td><td class=\"column-2\">MA VIE EN AUDIO<\/td>\n<\/tr>\n<tr class=\"row-108\">\n\t<td class=\"column-1\">500<\/td><td class=\"column-2\">SP\u00c9CIALISTES CROISI\u00c8RES<\/td>\n<\/tr>\n<tr class=\"row-109\">\n\t<td class=\"column-1\">501<\/td><td class=\"column-2\">SP\u00c9CIALISTES CROISI\u00c8RES<\/td>\n<\/tr>\n<tr class=\"row-110\">\n\t<td class=\"column-1\">502<\/td><td class=\"column-2\">ASSOCIATION DES COMIT\u00c9S DE R\u00c9SIDENTS OFFICIELLE DU QU\u00c9BEC (ACROQ)<\/td>\n<\/tr>\n<tr class=\"row-111\">\n\t<td class=\"column-1\">503<\/td><td class=\"column-2\">CAP VOYAGES<\/td>\n<\/tr>\n<tr class=\"row-112\">\n\t<td class=\"column-1\">504<\/td><td class=\"column-2\">ALCOOLIQUES ANONYMES<\/td>\n<\/tr>\n<tr class=\"row-113\">\n\t<td class=\"column-1\">505<\/td><td class=\"column-2\">GROUPE YVES L\u00c9GAR\u00c9<\/td>\n<\/tr>\n<tr class=\"row-114\">\n\t<td class=\"column-1\">506<\/td><td class=\"column-2\">GROUPE YVES L\u00c9GAR\u00c9<\/td>\n<\/tr>\n<tr class=\"row-115\">\n\t<td class=\"column-1\">507<\/td><td class=\"column-2\">CENTRE DE L'\u00c9MEU DE CHARLEVOIX <\/td>\n<\/tr>\n<tr class=\"row-116\">\n\t<td class=\"column-1\">508<\/td><td class=\"column-2\">GESTION DE MAISONS<\/td>\n<\/tr>\n<tr class=\"row-117\">\n\t<td class=\"column-1\">510<\/td><td class=\"column-2\">POWERLACE<\/td>\n<\/tr>\n<tr class=\"row-118\">\n\t<td class=\"column-1\">511<\/td><td class=\"column-2\">VENACRA<\/td>\n<\/tr>\n<tr class=\"row-119\">\n\t<td class=\"column-1\">512<\/td><td class=\"column-2\">SUPERDIPS ASSAISONNEMENTS INC <br \/>\n<\/td>\n<\/tr>\n<tr class=\"row-120\">\n\t<td class=\"column-1\">514<\/td><td class=\"column-2\">REGROUPEMENT DES AQDR MONTR\u00c9AL M\u00c9TROPOLITAIN<\/td>\n<\/tr>\n<tr class=\"row-121\">\n\t<td class=\"column-1\">516<\/td><td class=\"column-2\">GROUPE PART \u2013 PART DU CHEF<\/td>\n<\/tr>\n<tr class=\"row-122\">\n\t<td class=\"column-1\">517<\/td><td class=\"column-2\">GRATITUDE ET BONHEUR<\/td>\n<\/tr>\n<tr class=\"row-123\">\n\t<td class=\"column-1\">518<\/td><td class=\"column-2\">ROYALE CANADA<\/td>\n<\/tr>\n<tr class=\"row-124\">\n\t<td class=\"column-1\">520<\/td><td class=\"column-2\">H\u00d4TEL MANOIR D'YOUVILLE \/ FONDATION COMPAGNON<\/td>\n<\/tr>\n<tr class=\"row-125\">\n\t<td class=\"column-1\">600<\/td><td class=\"column-2\">FADOQ R\u00c9GION \u00ceLE DE MONTR\u00c9AL<\/td>\n<\/tr>\n<tr class=\"row-126\">\n\t<td class=\"column-1\">601<\/td><td class=\"column-2\">FADOQ R\u00c9GION \u00ceLE DE MONTR\u00c9AL<\/td>\n<\/tr>\n<tr class=\"row-127\">\n\t<td class=\"column-1\">602<\/td><td class=\"column-2\">CELINE AURA<\/td>\n<\/tr>\n<tr class=\"row-128\">\n\t<td class=\"column-1\">603<\/td><td class=\"column-2\">INTACT ASSURANCE<\/td>\n<\/tr>\n<tr class=\"row-129\">\n\t<td class=\"column-1\">604<\/td><td class=\"column-2\">SERENIS<\/td>\n<\/tr>\n<tr class=\"row-130\">\n\t<td class=\"column-1\">605<\/td><td class=\"column-2\">AGENCE CARTIER \/ IA GROUPE FINANCIER<\/td>\n<\/tr>\n<tr class=\"row-131\">\n\t<td class=\"column-1\">606<\/td><td class=\"column-2\">TOURS CHANTECLERC\/CLUB VOYAGES DUMOULIN<\/td>\n<\/tr>\n<tr class=\"row-132\">\n\t<td class=\"column-1\">607<\/td><td class=\"column-2\">GROUPE CH\u00caNEVERT<\/td>\n<\/tr>\n<tr class=\"row-133\">\n\t<td class=\"column-1\">608<\/td><td class=\"column-2\">HOMEOCAN <\/td>\n<\/tr>\n<tr class=\"row-134\">\n\t<td class=\"column-1\">610<\/td><td class=\"column-2\">CLINIQUE DE LA M\u00c9MOIRE<\/td>\n<\/tr>\n<tr class=\"row-135\">\n\t<td class=\"column-1\">611<\/td><td class=\"column-2\">R\u00c9SIDENCES COGIR<\/td>\n<\/tr>\n<tr class=\"row-136\">\n\t<td class=\"column-1\">612<\/td><td class=\"column-2\">HUMANIKA L'AGENCE SERVICES SANT\u00c9<\/td>\n<\/tr>\n<tr class=\"row-137\">\n\t<td class=\"column-1\">615<\/td><td class=\"column-2\">DERMA FLAWLESS<\/td>\n<\/tr>\n<tr class=\"row-138\">\n\t<td class=\"column-1\">616<\/td><td class=\"column-2\">DERMA FLAWLESS<\/td>\n<\/tr>\n<tr class=\"row-139\">\n\t<td class=\"column-1\">617<\/td><td class=\"column-2\">COSTCO WHOLESALE<\/td>\n<\/tr>\n<tr class=\"row-140\">\n\t<td class=\"column-1\">618<\/td><td class=\"column-2\">ROYALE CANADA<\/td>\n<\/tr>\n<tr class=\"row-141\">\n\t<td class=\"column-1\"><\/td><td class=\"column-2\"><\/td>\n<\/tr>\n<\/tbody>\n<\/table>\n<!-- #tablepress-1 from cache -->\n<p>&nbsp;<\/p>\n<p>&nbsp;<\/p>\n","protected":false},"excerpt":{"rendered":"<div class=\"mh-excerpt\"><p>&nbsp; &nbsp;<\/p>\n<\/div>","protected":false},"author":4,"featured_media":0,"parent":0,"menu_order":0,"comment_status":"closed","ping_status":"closed","template":"","meta":{"ngg_post_thumbnail":0,"footnotes":""},"class_list":["post-5626","page","type-page","status-publish","hentry"],"yoast_head":"<!-- This site is optimized with the Yoast SEO plugin v24.4 - https:\/\/yoast.com\/wordpress\/plugins\/seo\/ -->\n<title>Liste des exposants | Carrefour 50 ans + | FADOQ Montr\u00e9al<\/title>\n<meta name=\"robots\" content=\"index, follow, max-snippet:-1, max-image-preview:large, max-video-preview:-1\" \/>\n<link rel=\"canonical\" href=\"https:\/\/groupeproexpo.com\/saloncarrefour50ansplus\/liste-des-exposants-2026\/\" \/>\n<meta property=\"og:locale\" content=\"fr_FR\" \/>\n<meta property=\"og:type\" content=\"article\" \/>\n<meta property=\"og:title\" content=\"Liste des exposants | Carrefour 50 ans + | FADOQ Montr\u00e9al\" \/>\n<meta property=\"og:description\" content=\"&nbsp; &nbsp;\" \/>\n<meta property=\"og:url\" content=\"https:\/\/groupeproexpo.com\/saloncarrefour50ansplus\/liste-des-exposants-2026\/\" \/>\n<meta property=\"og:site_name\" content=\"Le Salon Carrefour 50 ans +\" \/>\n<meta property=\"article:modified_time\" content=\"2026-03-13T10:50:38+00:00\" \/>\n<meta name=\"twitter:card\" content=\"summary_large_image\" \/>\n<meta name=\"twitter:label1\" content=\"Dur\u00e9e de lecture estim\u00e9e\" \/>\n\t<meta name=\"twitter:data1\" content=\"1 minute\" \/>\n<script type=\"application\/ld+json\" class=\"yoast-schema-graph\">{\"@context\":\"https:\/\/schema.org\",\"@graph\":[{\"@type\":\"WebPage\",\"@id\":\"https:\/\/groupeproexpo.com\/saloncarrefour50ansplus\/liste-des-exposants-2026\/\",\"url\":\"https:\/\/groupeproexpo.com\/saloncarrefour50ansplus\/liste-des-exposants-2026\/\",\"name\":\"Liste des exposants | Carrefour 50 ans + | FADOQ Montr\u00e9al\",\"isPartOf\":{\"@id\":\"https:\/\/groupeproexpo.com\/saloncarrefour50ansplus\/#website\"},\"datePublished\":\"2021-09-20T15:28:05+00:00\",\"dateModified\":\"2026-03-13T10:50:38+00:00\",\"breadcrumb\":{\"@id\":\"https:\/\/groupeproexpo.com\/saloncarrefour50ansplus\/liste-des-exposants-2026\/#breadcrumb\"},\"inLanguage\":\"fr-FR\",\"potentialAction\":[{\"@type\":\"ReadAction\",\"target\":[\"https:\/\/groupeproexpo.com\/saloncarrefour50ansplus\/liste-des-exposants-2026\/\"]}]},{\"@type\":\"BreadcrumbList\",\"@id\":\"https:\/\/groupeproexpo.com\/saloncarrefour50ansplus\/liste-des-exposants-2026\/#breadcrumb\",\"itemListElement\":[{\"@type\":\"ListItem\",\"position\":1,\"name\":\"Accueil\",\"item\":\"https:\/\/groupeproexpo.com\/saloncarrefour50ansplus\/\"},{\"@type\":\"ListItem\",\"position\":2,\"name\":\"Liste des exposants 2026\"}]},{\"@type\":\"WebSite\",\"@id\":\"https:\/\/groupeproexpo.com\/saloncarrefour50ansplus\/#website\",\"url\":\"https:\/\/groupeproexpo.com\/saloncarrefour50ansplus\/\",\"name\":\"Le Salon Carrefour 50 ans +\",\"description\":\"12 au 14 avril 2024\",\"potentialAction\":[{\"@type\":\"SearchAction\",\"target\":{\"@type\":\"EntryPoint\",\"urlTemplate\":\"https:\/\/groupeproexpo.com\/saloncarrefour50ansplus\/?s={search_term_string}\"},\"query-input\":{\"@type\":\"PropertyValueSpecification\",\"valueRequired\":true,\"valueName\":\"search_term_string\"}}],\"inLanguage\":\"fr-FR\"}]}<\/script>\n<!-- \/ Yoast SEO plugin. -->","yoast_head_json":{"title":"Liste des exposants | Carrefour 50 ans + | FADOQ Montr\u00e9al","robots":{"index":"index","follow":"follow","max-snippet":"max-snippet:-1","max-image-preview":"max-image-preview:large","max-video-preview":"max-video-preview:-1"},"canonical":"https:\/\/groupeproexpo.com\/saloncarrefour50ansplus\/liste-des-exposants-2026\/","og_locale":"fr_FR","og_type":"article","og_title":"Liste des exposants | Carrefour 50 ans + | FADOQ Montr\u00e9al","og_description":"&nbsp; &nbsp;","og_url":"https:\/\/groupeproexpo.com\/saloncarrefour50ansplus\/liste-des-exposants-2026\/","og_site_name":"Le Salon Carrefour 50 ans +","article_modified_time":"2026-03-13T10:50:38+00:00","twitter_card":"summary_large_image","twitter_misc":{"Dur\u00e9e de lecture estim\u00e9e":"1 minute"},"schema":{"@context":"https:\/\/schema.org","@graph":[{"@type":"WebPage","@id":"https:\/\/groupeproexpo.com\/saloncarrefour50ansplus\/liste-des-exposants-2026\/","url":"https:\/\/groupeproexpo.com\/saloncarrefour50ansplus\/liste-des-exposants-2026\/","name":"Liste des exposants | Carrefour 50 ans + | FADOQ Montr\u00e9al","isPartOf":{"@id":"https:\/\/groupeproexpo.com\/saloncarrefour50ansplus\/#website"},"datePublished":"2021-09-20T15:28:05+00:00","dateModified":"2026-03-13T10:50:38+00:00","breadcrumb":{"@id":"https:\/\/groupeproexpo.com\/saloncarrefour50ansplus\/liste-des-exposants-2026\/#breadcrumb"},"inLanguage":"fr-FR","potentialAction":[{"@type":"ReadAction","target":["https:\/\/groupeproexpo.com\/saloncarrefour50ansplus\/liste-des-exposants-2026\/"]}]},{"@type":"BreadcrumbList","@id":"https:\/\/groupeproexpo.com\/saloncarrefour50ansplus\/liste-des-exposants-2026\/#breadcrumb","itemListElement":[{"@type":"ListItem","position":1,"name":"Accueil","item":"https:\/\/groupeproexpo.com\/saloncarrefour50ansplus\/"},{"@type":"ListItem","position":2,"name":"Liste des exposants 2026"}]},{"@type":"WebSite","@id":"https:\/\/groupeproexpo.com\/saloncarrefour50ansplus\/#website","url":"https:\/\/groupeproexpo.com\/saloncarrefour50ansplus\/","name":"Le Salon Carrefour 50 ans +","description":"12 au 14 avril 2024","potentialAction":[{"@type":"SearchAction","target":{"@type":"EntryPoint","urlTemplate":"https:\/\/groupeproexpo.com\/saloncarrefour50ansplus\/?s={search_term_string}"},"query-input":{"@type":"PropertyValueSpecification","valueRequired":true,"valueName":"search_term_string"}}],"inLanguage":"fr-FR"}]}},"_links":{"self":[{"href":"https:\/\/groupeproexpo.com\/saloncarrefour50ansplus\/wp-json\/wp\/v2\/pages\/5626","targetHints":{"allow":["GET"]}}],"collection":[{"href":"https:\/\/groupeproexpo.com\/saloncarrefour50ansplus\/wp-json\/wp\/v2\/pages"}],"about":[{"href":"https:\/\/groupeproexpo.com\/saloncarrefour50ansplus\/wp-json\/wp\/v2\/types\/page"}],"author":[{"embeddable":true,"href":"https:\/\/groupeproexpo.com\/saloncarrefour50ansplus\/wp-json\/wp\/v2\/users\/4"}],"replies":[{"embeddable":true,"href":"https:\/\/groupeproexpo.com\/saloncarrefour50ansplus\/wp-json\/wp\/v2\/comments?post=5626"}],"version-history":[{"count":24,"href":"https:\/\/groupeproexpo.com\/saloncarrefour50ansplus\/wp-json\/wp\/v2\/pages\/5626\/revisions"}],"predecessor-version":[{"id":6560,"href":"https:\/\/groupeproexpo.com\/saloncarrefour50ansplus\/wp-json\/wp\/v2\/pages\/5626\/revisions\/6560"}],"wp:attachment":[{"href":"https:\/\/groupeproexpo.com\/saloncarrefour50ansplus\/wp-json\/wp\/v2\/media?parent=5626"}],"curies":[{"name":"wp","href":"https:\/\/api.w.org\/{rel}","templated":true}]}}