{"id":59,"date":"2017-07-02T17:31:42","date_gmt":"2017-07-02T17:31:42","guid":{"rendered":"http:\/\/saloncarrefour50ansplus.com\/?page_id=59"},"modified":"2026-03-30T11:44:06","modified_gmt":"2026-03-30T15:44:06","slug":"guide-de-lexposant","status":"publish","type":"page","link":"https:\/\/groupeproexpo.com\/saloncarrefour50ansplus\/guide-de-lexposant\/","title":{"rendered":"Guide de l&rsquo;exposant"},"content":{"rendered":"<p><a href=\"https:\/\/groupeproexpo.com\/saloncarrefour50ansplus\/wp-content\/uploads\/sites\/9\/2026\/03\/Guide-de-lexposant.pdf\">Cliquez ici<\/a><\/p>\n<p>Nous distribuons chaque ann\u00e9e un&nbsp;<em>Guide de l\u2019exposant<\/em> \u00e0 tous les participants du <strong>Salon Carrefour 50 ans+<\/strong>. Toutes les informations importantes concernant le d\u00e9roulement et la logistique du salon y sont consign\u00e9es, afin d\u2019assurer aux exposants une exp\u00e9rience fluide et agr\u00e9able. Un outil tr\u00e8s appr\u00e9ci\u00e9 !<\/p>\n<figure id=\"attachment_5209\" aria-describedby=\"caption-attachment-5209\" style=\"width: 1483px\" class=\"wp-caption aligncenter\"><img loading=\"lazy\" decoding=\"async\" class=\"size-full wp-image-5209\" src=\"https:\/\/groupeproexpo.com\/saloncarrefour50ansplus\/wp-content\/uploads\/sites\/9\/2019\/11\/FINAL-WEB-BLEU-Freepik-456256-PFB33C-838.jpg\" alt=\"\" width=\"1483\" height=\"994\" srcset=\"https:\/\/groupeproexpo.com\/saloncarrefour50ansplus\/wp-content\/uploads\/sites\/9\/2019\/11\/FINAL-WEB-BLEU-Freepik-456256-PFB33C-838.jpg 1483w, https:\/\/groupeproexpo.com\/saloncarrefour50ansplus\/wp-content\/uploads\/sites\/9\/2019\/11\/FINAL-WEB-BLEU-Freepik-456256-PFB33C-838-300x201.jpg 300w, https:\/\/groupeproexpo.com\/saloncarrefour50ansplus\/wp-content\/uploads\/sites\/9\/2019\/11\/FINAL-WEB-BLEU-Freepik-456256-PFB33C-838-768x515.jpg 768w, https:\/\/groupeproexpo.com\/saloncarrefour50ansplus\/wp-content\/uploads\/sites\/9\/2019\/11\/FINAL-WEB-BLEU-Freepik-456256-PFB33C-838-1024x686.jpg 1024w\" sizes=\"auto, (max-width: 1483px) 100vw, 1483px\" \/><figcaption id=\"caption-attachment-5209\" class=\"wp-caption-text\">Freepik<\/figcaption><\/figure>\n","protected":false},"excerpt":{"rendered":"<div class=\"mh-excerpt\"><p>Cliquez ici Nous distribuons chaque ann\u00e9e un&nbsp;Guide de l\u2019exposant \u00e0 tous les participants du Salon Carrefour 50 ans+. Toutes les informations importantes concernant le d\u00e9roulement et la logistique du salon y sont consign\u00e9es, afin d\u2019assurer <a class=\"mh-excerpt-more\" href=\"https:\/\/groupeproexpo.com\/saloncarrefour50ansplus\/guide-de-lexposant\/\" title=\"Guide de l&rsquo;exposant\">[&#8230;]<\/a><\/p>\n<\/div>","protected":false},"author":1,"featured_media":0,"parent":0,"menu_order":0,"comment_status":"closed","ping_status":"closed","template":"","meta":{"ngg_post_thumbnail":0,"footnotes":""},"class_list":["post-59","page","type-page","status-publish","hentry"],"yoast_head":"<!-- This site is optimized with the Yoast SEO plugin v24.4 - https:\/\/yoast.com\/wordpress\/plugins\/seo\/ -->\n<title>Guide de l\u2019exposant | Carrefour 50 ans + | FADOQ Montr\u00e9al<\/title>\n<meta name=\"robots\" content=\"index, follow, max-snippet:-1, max-image-preview:large, max-video-preview:-1\" \/>\n<link rel=\"canonical\" href=\"https:\/\/groupeproexpo.com\/saloncarrefour50ansplus\/guide-de-lexposant\/\" \/>\n<meta property=\"og:locale\" content=\"fr_FR\" \/>\n<meta property=\"og:type\" content=\"article\" \/>\n<meta property=\"og:title\" content=\"Guide de l\u2019exposant | Carrefour 50 ans + | FADOQ Montr\u00e9al\" \/>\n<meta property=\"og:description\" content=\"Cliquez ici Nous distribuons chaque ann\u00e9e un&nbsp;Guide de l\u2019exposant \u00e0 tous les participants du Salon Carrefour 50 ans+. Toutes les informations importantes concernant le d\u00e9roulement et la logistique du salon y sont consign\u00e9es, afin d\u2019assurer [...]\" \/>\n<meta property=\"og:url\" content=\"https:\/\/groupeproexpo.com\/saloncarrefour50ansplus\/guide-de-lexposant\/\" \/>\n<meta property=\"og:site_name\" content=\"Le Salon Carrefour 50 ans +\" \/>\n<meta property=\"article:modified_time\" content=\"2026-03-30T15:44:06+00:00\" \/>\n<meta property=\"og:image\" content=\"https:\/\/groupeproexpo.com\/saloncarrefour50ansplus\/wp-content\/uploads\/sites\/9\/2019\/11\/FINAL-WEB-BLEU-Freepik-456256-PFB33C-838.jpg\" \/>\n\t<meta property=\"og:image:width\" content=\"1483\" \/>\n\t<meta property=\"og:image:height\" content=\"994\" \/>\n\t<meta property=\"og:image:type\" content=\"image\/jpeg\" \/>\n<meta name=\"twitter:card\" content=\"summary_large_image\" \/>\n<meta name=\"twitter:label1\" content=\"Dur\u00e9e de lecture estim\u00e9e\" \/>\n\t<meta name=\"twitter:data1\" content=\"1 minute\" \/>\n<script type=\"application\/ld+json\" class=\"yoast-schema-graph\">{\"@context\":\"https:\/\/schema.org\",\"@graph\":[{\"@type\":\"WebPage\",\"@id\":\"https:\/\/groupeproexpo.com\/saloncarrefour50ansplus\/guide-de-lexposant\/\",\"url\":\"https:\/\/groupeproexpo.com\/saloncarrefour50ansplus\/guide-de-lexposant\/\",\"name\":\"Guide de l\u2019exposant | Carrefour 50 ans + | FADOQ Montr\u00e9al\",\"isPartOf\":{\"@id\":\"https:\/\/groupeproexpo.com\/saloncarrefour50ansplus\/#website\"},\"primaryImageOfPage\":{\"@id\":\"https:\/\/groupeproexpo.com\/saloncarrefour50ansplus\/guide-de-lexposant\/#primaryimage\"},\"image\":{\"@id\":\"https:\/\/groupeproexpo.com\/saloncarrefour50ansplus\/guide-de-lexposant\/#primaryimage\"},\"thumbnailUrl\":\"https:\/\/groupeproexpo.com\/saloncarrefour50ansplus\/wp-content\/uploads\/sites\/9\/2019\/11\/FINAL-WEB-BLEU-Freepik-456256-PFB33C-838.jpg\",\"datePublished\":\"2017-07-02T17:31:42+00:00\",\"dateModified\":\"2026-03-30T15:44:06+00:00\",\"breadcrumb\":{\"@id\":\"https:\/\/groupeproexpo.com\/saloncarrefour50ansplus\/guide-de-lexposant\/#breadcrumb\"},\"inLanguage\":\"fr-FR\",\"potentialAction\":[{\"@type\":\"ReadAction\",\"target\":[\"https:\/\/groupeproexpo.com\/saloncarrefour50ansplus\/guide-de-lexposant\/\"]}]},{\"@type\":\"ImageObject\",\"inLanguage\":\"fr-FR\",\"@id\":\"https:\/\/groupeproexpo.com\/saloncarrefour50ansplus\/guide-de-lexposant\/#primaryimage\",\"url\":\"https:\/\/groupeproexpo.com\/saloncarrefour50ansplus\/wp-content\/uploads\/sites\/9\/2019\/11\/FINAL-WEB-BLEU-Freepik-456256-PFB33C-838.jpg\",\"contentUrl\":\"https:\/\/groupeproexpo.com\/saloncarrefour50ansplus\/wp-content\/uploads\/sites\/9\/2019\/11\/FINAL-WEB-BLEU-Freepik-456256-PFB33C-838.jpg\",\"width\":1483,\"height\":994,\"caption\":\"Freepik\"},{\"@type\":\"BreadcrumbList\",\"@id\":\"https:\/\/groupeproexpo.com\/saloncarrefour50ansplus\/guide-de-lexposant\/#breadcrumb\",\"itemListElement\":[{\"@type\":\"ListItem\",\"position\":1,\"name\":\"Accueil\",\"item\":\"https:\/\/groupeproexpo.com\/saloncarrefour50ansplus\/\"},{\"@type\":\"ListItem\",\"position\":2,\"name\":\"Guide de l&rsquo;exposant\"}]},{\"@type\":\"WebSite\",\"@id\":\"https:\/\/groupeproexpo.com\/saloncarrefour50ansplus\/#website\",\"url\":\"https:\/\/groupeproexpo.com\/saloncarrefour50ansplus\/\",\"name\":\"Le Salon Carrefour 50 ans +\",\"description\":\"12 au 14 avril 2024\",\"potentialAction\":[{\"@type\":\"SearchAction\",\"target\":{\"@type\":\"EntryPoint\",\"urlTemplate\":\"https:\/\/groupeproexpo.com\/saloncarrefour50ansplus\/?s={search_term_string}\"},\"query-input\":{\"@type\":\"PropertyValueSpecification\",\"valueRequired\":true,\"valueName\":\"search_term_string\"}}],\"inLanguage\":\"fr-FR\"}]}<\/script>\n<!-- \/ Yoast SEO plugin. -->","yoast_head_json":{"title":"Guide de l\u2019exposant | Carrefour 50 ans + | FADOQ Montr\u00e9al","robots":{"index":"index","follow":"follow","max-snippet":"max-snippet:-1","max-image-preview":"max-image-preview:large","max-video-preview":"max-video-preview:-1"},"canonical":"https:\/\/groupeproexpo.com\/saloncarrefour50ansplus\/guide-de-lexposant\/","og_locale":"fr_FR","og_type":"article","og_title":"Guide de l\u2019exposant | Carrefour 50 ans + | FADOQ Montr\u00e9al","og_description":"Cliquez ici Nous distribuons chaque ann\u00e9e un&nbsp;Guide de l\u2019exposant \u00e0 tous les participants du Salon Carrefour 50 ans+. Toutes les informations importantes concernant le d\u00e9roulement et la logistique du salon y sont consign\u00e9es, afin d\u2019assurer [...]","og_url":"https:\/\/groupeproexpo.com\/saloncarrefour50ansplus\/guide-de-lexposant\/","og_site_name":"Le Salon Carrefour 50 ans +","article_modified_time":"2026-03-30T15:44:06+00:00","og_image":[{"width":1483,"height":994,"url":"https:\/\/groupeproexpo.com\/saloncarrefour50ansplus\/wp-content\/uploads\/sites\/9\/2019\/11\/FINAL-WEB-BLEU-Freepik-456256-PFB33C-838.jpg","type":"image\/jpeg"}],"twitter_card":"summary_large_image","twitter_misc":{"Dur\u00e9e de lecture estim\u00e9e":"1 minute"},"schema":{"@context":"https:\/\/schema.org","@graph":[{"@type":"WebPage","@id":"https:\/\/groupeproexpo.com\/saloncarrefour50ansplus\/guide-de-lexposant\/","url":"https:\/\/groupeproexpo.com\/saloncarrefour50ansplus\/guide-de-lexposant\/","name":"Guide de l\u2019exposant | Carrefour 50 ans + | FADOQ Montr\u00e9al","isPartOf":{"@id":"https:\/\/groupeproexpo.com\/saloncarrefour50ansplus\/#website"},"primaryImageOfPage":{"@id":"https:\/\/groupeproexpo.com\/saloncarrefour50ansplus\/guide-de-lexposant\/#primaryimage"},"image":{"@id":"https:\/\/groupeproexpo.com\/saloncarrefour50ansplus\/guide-de-lexposant\/#primaryimage"},"thumbnailUrl":"https:\/\/groupeproexpo.com\/saloncarrefour50ansplus\/wp-content\/uploads\/sites\/9\/2019\/11\/FINAL-WEB-BLEU-Freepik-456256-PFB33C-838.jpg","datePublished":"2017-07-02T17:31:42+00:00","dateModified":"2026-03-30T15:44:06+00:00","breadcrumb":{"@id":"https:\/\/groupeproexpo.com\/saloncarrefour50ansplus\/guide-de-lexposant\/#breadcrumb"},"inLanguage":"fr-FR","potentialAction":[{"@type":"ReadAction","target":["https:\/\/groupeproexpo.com\/saloncarrefour50ansplus\/guide-de-lexposant\/"]}]},{"@type":"ImageObject","inLanguage":"fr-FR","@id":"https:\/\/groupeproexpo.com\/saloncarrefour50ansplus\/guide-de-lexposant\/#primaryimage","url":"https:\/\/groupeproexpo.com\/saloncarrefour50ansplus\/wp-content\/uploads\/sites\/9\/2019\/11\/FINAL-WEB-BLEU-Freepik-456256-PFB33C-838.jpg","contentUrl":"https:\/\/groupeproexpo.com\/saloncarrefour50ansplus\/wp-content\/uploads\/sites\/9\/2019\/11\/FINAL-WEB-BLEU-Freepik-456256-PFB33C-838.jpg","width":1483,"height":994,"caption":"Freepik"},{"@type":"BreadcrumbList","@id":"https:\/\/groupeproexpo.com\/saloncarrefour50ansplus\/guide-de-lexposant\/#breadcrumb","itemListElement":[{"@type":"ListItem","position":1,"name":"Accueil","item":"https:\/\/groupeproexpo.com\/saloncarrefour50ansplus\/"},{"@type":"ListItem","position":2,"name":"Guide de l&rsquo;exposant"}]},{"@type":"WebSite","@id":"https:\/\/groupeproexpo.com\/saloncarrefour50ansplus\/#website","url":"https:\/\/groupeproexpo.com\/saloncarrefour50ansplus\/","name":"Le Salon Carrefour 50 ans +","description":"12 au 14 avril 2024","potentialAction":[{"@type":"SearchAction","target":{"@type":"EntryPoint","urlTemplate":"https:\/\/groupeproexpo.com\/saloncarrefour50ansplus\/?s={search_term_string}"},"query-input":{"@type":"PropertyValueSpecification","valueRequired":true,"valueName":"search_term_string"}}],"inLanguage":"fr-FR"}]}},"_links":{"self":[{"href":"https:\/\/groupeproexpo.com\/saloncarrefour50ansplus\/wp-json\/wp\/v2\/pages\/59","targetHints":{"allow":["GET"]}}],"collection":[{"href":"https:\/\/groupeproexpo.com\/saloncarrefour50ansplus\/wp-json\/wp\/v2\/pages"}],"about":[{"href":"https:\/\/groupeproexpo.com\/saloncarrefour50ansplus\/wp-json\/wp\/v2\/types\/page"}],"author":[{"embeddable":true,"href":"https:\/\/groupeproexpo.com\/saloncarrefour50ansplus\/wp-json\/wp\/v2\/users\/1"}],"replies":[{"embeddable":true,"href":"https:\/\/groupeproexpo.com\/saloncarrefour50ansplus\/wp-json\/wp\/v2\/comments?post=59"}],"version-history":[{"count":12,"href":"https:\/\/groupeproexpo.com\/saloncarrefour50ansplus\/wp-json\/wp\/v2\/pages\/59\/revisions"}],"predecessor-version":[{"id":6687,"href":"https:\/\/groupeproexpo.com\/saloncarrefour50ansplus\/wp-json\/wp\/v2\/pages\/59\/revisions\/6687"}],"wp:attachment":[{"href":"https:\/\/groupeproexpo.com\/saloncarrefour50ansplus\/wp-json\/wp\/v2\/media?parent=59"}],"curies":[{"name":"wp","href":"https:\/\/api.w.org\/{rel}","templated":true}]}}