{"id":131,"date":"2017-11-19T14:44:47","date_gmt":"2017-11-19T19:44:47","guid":{"rendered":"http:\/\/groupeproexpo.com\/fadoq\/?page_id=131"},"modified":"2025-02-01T11:00:31","modified_gmt":"2025-02-01T16:00:31","slug":"mot-du-president-2","status":"publish","type":"page","link":"https:\/\/groupeproexpo.com\/salonfadoq\/mot-du-president-2\/","title":{"rendered":"Mot du pr\u00e9sident aux exposants"},"content":{"rendered":"<p><img loading=\"lazy\" decoding=\"async\" class=\"alignright size-thumbnail wp-image-189\" src=\"http:\/\/groupeproexpo.com\/salonfadoq\/wp-content\/uploads\/sites\/8\/2017\/11\/Logo_fadoq_170-150x150.jpg\" alt=\"\" width=\"150\" height=\"150\"><\/p>\n<p>Partenaires, exposants, actuels et futurs, fiction ou r\u00e9alit\u00e9?<\/p>\n<p>Une exp\u00e9rience qui ne vous laissera pas indiff\u00e9rent. Joignez-vous \u00e0 nos partenaires et exposants actuels de l\u2019\u00e9dition 2024. Lors de cette prochaine \u00e9dition 2025 du salon des a\u00een\u00e9s 50 ans + du r\u00e9seau FADOQ des r\u00e9gions de Qu\u00e9bec et Chaudi\u00e8re-Appalaches, venez rencontrer des a\u00een\u00e9s, membres ou non-membres de la FADOQ et faites ainsi de cette fiction une r\u00e9alit\u00e9.<\/p>\n<p>L\u2019\u00e9valuation de l&rsquo;\u00e9dition 2024 a \u00e9t\u00e9 marqu\u00e9e par une affluence de pr\u00e8s de 17000 visiteurs. Ils ont pu b\u00e9n\u00e9ficier de conseils et de r\u00e9ponses face \u00e0 leurs interrogations en relation avec les produits et les services offerts.<\/p>\n<p>Par sa diversit\u00e9, sa qualit\u00e9 et son nombre, l\u2019importante contribution de plus de 250 exposants est fort appr\u00e9ci\u00e9e d\u2019ann\u00e9e en ann\u00e9e par nos visiteurs du salon quel que soit leur \u00e2ge.<\/p>\n<p>Pour nous, il est d\u00e9j\u00e0 temps de planifier la prochaine \u00e9dition qui aura lieu au Centre de Foire de Qu\u00e9bec les 17,18 et 19 octobre 2025.<\/p>\n<p>C\u2019est avec un plaisir renouvel\u00e9 que nous vous offrons l&rsquo;opportunit\u00e9 de vous joindre \u00e0 nous. Faites partie d&rsquo;une grande \u00e9quipe d&rsquo;exposants chevronn\u00e9s qui sauront plaire \u00e0 nos membres FADOQ de 50 ans + voire au grand public.<\/p>\n<p>Comme par les ann\u00e9es pass\u00e9es, notre promoteur, Monsieur Roger Paradis, ainsi que notre directeur g\u00e9n\u00e9ral, Monsieur Michel Beaumont seront \u00e0 votre disposition pour vous guider dans les choix possibles d&#8217;emplacements et vous informer des services disponibles lors de l&rsquo;\u00e9laboration du plan.<\/p>\n<p>Nous serons heureux de vous recevoir pour cette douzi\u00e8me \u00e9dition du salon FADOQ, RQCA des gens de 50 ans +.<\/p>\n<p>Au plaisir de se revoir.<\/p>\n<p><img loading=\"lazy\" decoding=\"async\" class=\"alignnone wp-image-727\" src=\"http:\/\/groupeproexpo.com\/salonfadoq\/wp-content\/uploads\/sites\/8\/2021\/12\/Guy-Bonneau-240x300.jpg\" alt=\"\" width=\"150\" height=\"188\" srcset=\"https:\/\/groupeproexpo.com\/salonfadoq\/wp-content\/uploads\/sites\/8\/2021\/12\/Guy-Bonneau-240x300.jpg 240w, https:\/\/groupeproexpo.com\/salonfadoq\/wp-content\/uploads\/sites\/8\/2021\/12\/Guy-Bonneau-768x960.jpg 768w, https:\/\/groupeproexpo.com\/salonfadoq\/wp-content\/uploads\/sites\/8\/2021\/12\/Guy-Bonneau-819x1024.jpg 819w\" sizes=\"auto, (max-width: 150px) 100vw, 150px\" \/><\/p>\n<p>Guy Bonneau, Pr\u00e9sident<\/p>\n<p>FADOQ, RQCA.<\/p>\n","protected":false},"excerpt":{"rendered":"<div class=\"mh-excerpt\"><p>Partenaires, exposants, actuels et futurs, fiction ou r\u00e9alit\u00e9? Une exp\u00e9rience qui ne vous laissera pas indiff\u00e9rent. Joignez-vous \u00e0 nos partenaires et exposants actuels de l\u2019\u00e9dition 2024. Lors de cette prochaine \u00e9dition 2025 du salon des <a class=\"mh-excerpt-more\" href=\"https:\/\/groupeproexpo.com\/salonfadoq\/mot-du-president-2\/\" title=\"Mot du pr\u00e9sident aux exposants\">[&#8230;]<\/a><\/p>\n<\/div>","protected":false},"author":1,"featured_media":0,"parent":0,"menu_order":0,"comment_status":"closed","ping_status":"closed","template":"","meta":{"ngg_post_thumbnail":0,"footnotes":""},"class_list":["post-131","page","type-page","status-publish","hentry"],"yoast_head":"<!-- This site is optimized with the Yoast SEO plugin v24.4 - https:\/\/yoast.com\/wordpress\/plugins\/seo\/ -->\n<title>Mot du pr\u00e9sident aux exposants - Le Salon FADOQ 50 ans+<\/title>\n<meta name=\"robots\" content=\"index, follow, max-snippet:-1, max-image-preview:large, max-video-preview:-1\" \/>\n<link rel=\"canonical\" href=\"https:\/\/groupeproexpo.com\/salonfadoq\/mot-du-president-2\/\" \/>\n<meta property=\"og:locale\" content=\"fr_FR\" \/>\n<meta property=\"og:type\" content=\"article\" \/>\n<meta property=\"og:title\" content=\"Mot du pr\u00e9sident aux exposants - Le Salon FADOQ 50 ans+\" \/>\n<meta property=\"og:description\" content=\"Partenaires, exposants, actuels et futurs, fiction ou r\u00e9alit\u00e9? Une exp\u00e9rience qui ne vous laissera pas indiff\u00e9rent. Joignez-vous \u00e0 nos partenaires et exposants actuels de l\u2019\u00e9dition 2024. Lors de cette prochaine \u00e9dition 2025 du salon des [...]\" \/>\n<meta property=\"og:url\" content=\"https:\/\/groupeproexpo.com\/salonfadoq\/mot-du-president-2\/\" \/>\n<meta property=\"og:site_name\" content=\"Le Salon FADOQ 50 ans+\" \/>\n<meta property=\"article:modified_time\" content=\"2025-02-01T16:00:31+00:00\" \/>\n<meta property=\"og:image\" content=\"https:\/\/groupeproexpo.com\/salonfadoq\/wp-content\/uploads\/sites\/8\/2017\/11\/Logo_fadoq_170.jpg\" \/>\n\t<meta property=\"og:image:width\" content=\"170\" \/>\n\t<meta property=\"og:image:height\" content=\"160\" \/>\n\t<meta property=\"og:image:type\" content=\"image\/jpeg\" \/>\n<meta name=\"twitter:card\" content=\"summary_large_image\" \/>\n<meta name=\"twitter:label1\" content=\"Dur\u00e9e de lecture estim\u00e9e\" \/>\n\t<meta name=\"twitter:data1\" content=\"1 minute\" \/>\n<script type=\"application\/ld+json\" class=\"yoast-schema-graph\">{\"@context\":\"https:\/\/schema.org\",\"@graph\":[{\"@type\":\"WebPage\",\"@id\":\"https:\/\/groupeproexpo.com\/salonfadoq\/mot-du-president-2\/\",\"url\":\"https:\/\/groupeproexpo.com\/salonfadoq\/mot-du-president-2\/\",\"name\":\"Mot du pr\u00e9sident aux exposants - Le Salon FADOQ 50 ans+\",\"isPartOf\":{\"@id\":\"https:\/\/groupeproexpo.com\/salonfadoq\/#website\"},\"primaryImageOfPage\":{\"@id\":\"https:\/\/groupeproexpo.com\/salonfadoq\/mot-du-president-2\/#primaryimage\"},\"image\":{\"@id\":\"https:\/\/groupeproexpo.com\/salonfadoq\/mot-du-president-2\/#primaryimage\"},\"thumbnailUrl\":\"http:\/\/groupeproexpo.com\/salonfadoq\/wp-content\/uploads\/sites\/8\/2017\/11\/Logo_fadoq_170-150x150.jpg\",\"datePublished\":\"2017-11-19T19:44:47+00:00\",\"dateModified\":\"2025-02-01T16:00:31+00:00\",\"breadcrumb\":{\"@id\":\"https:\/\/groupeproexpo.com\/salonfadoq\/mot-du-president-2\/#breadcrumb\"},\"inLanguage\":\"fr-FR\",\"potentialAction\":[{\"@type\":\"ReadAction\",\"target\":[\"https:\/\/groupeproexpo.com\/salonfadoq\/mot-du-president-2\/\"]}]},{\"@type\":\"ImageObject\",\"inLanguage\":\"fr-FR\",\"@id\":\"https:\/\/groupeproexpo.com\/salonfadoq\/mot-du-president-2\/#primaryimage\",\"url\":\"http:\/\/groupeproexpo.com\/salonfadoq\/wp-content\/uploads\/sites\/8\/2017\/11\/Logo_fadoq_170-150x150.jpg\",\"contentUrl\":\"http:\/\/groupeproexpo.com\/salonfadoq\/wp-content\/uploads\/sites\/8\/2017\/11\/Logo_fadoq_170-150x150.jpg\"},{\"@type\":\"BreadcrumbList\",\"@id\":\"https:\/\/groupeproexpo.com\/salonfadoq\/mot-du-president-2\/#breadcrumb\",\"itemListElement\":[{\"@type\":\"ListItem\",\"position\":1,\"name\":\"Accueil\",\"item\":\"https:\/\/groupeproexpo.com\/salonfadoq\/\"},{\"@type\":\"ListItem\",\"position\":2,\"name\":\"Mot du pr\u00e9sident aux exposants\"}]},{\"@type\":\"WebSite\",\"@id\":\"https:\/\/groupeproexpo.com\/salonfadoq\/#website\",\"url\":\"https:\/\/groupeproexpo.com\/salonfadoq\/\",\"name\":\"Le Salon FADOQ 50 ans+\",\"description\":\"16 au 18 octobre 2026\",\"potentialAction\":[{\"@type\":\"SearchAction\",\"target\":{\"@type\":\"EntryPoint\",\"urlTemplate\":\"https:\/\/groupeproexpo.com\/salonfadoq\/?s={search_term_string}\"},\"query-input\":{\"@type\":\"PropertyValueSpecification\",\"valueRequired\":true,\"valueName\":\"search_term_string\"}}],\"inLanguage\":\"fr-FR\"}]}<\/script>\n<!-- \/ Yoast SEO plugin. -->","yoast_head_json":{"title":"Mot du pr\u00e9sident aux exposants - Le Salon FADOQ 50 ans+","robots":{"index":"index","follow":"follow","max-snippet":"max-snippet:-1","max-image-preview":"max-image-preview:large","max-video-preview":"max-video-preview:-1"},"canonical":"https:\/\/groupeproexpo.com\/salonfadoq\/mot-du-president-2\/","og_locale":"fr_FR","og_type":"article","og_title":"Mot du pr\u00e9sident aux exposants - Le Salon FADOQ 50 ans+","og_description":"Partenaires, exposants, actuels et futurs, fiction ou r\u00e9alit\u00e9? Une exp\u00e9rience qui ne vous laissera pas indiff\u00e9rent. Joignez-vous \u00e0 nos partenaires et exposants actuels de l\u2019\u00e9dition 2024. Lors de cette prochaine \u00e9dition 2025 du salon des [...]","og_url":"https:\/\/groupeproexpo.com\/salonfadoq\/mot-du-president-2\/","og_site_name":"Le Salon FADOQ 50 ans+","article_modified_time":"2025-02-01T16:00:31+00:00","og_image":[{"width":170,"height":160,"url":"https:\/\/groupeproexpo.com\/salonfadoq\/wp-content\/uploads\/sites\/8\/2017\/11\/Logo_fadoq_170.jpg","type":"image\/jpeg"}],"twitter_card":"summary_large_image","twitter_misc":{"Dur\u00e9e de lecture estim\u00e9e":"1 minute"},"schema":{"@context":"https:\/\/schema.org","@graph":[{"@type":"WebPage","@id":"https:\/\/groupeproexpo.com\/salonfadoq\/mot-du-president-2\/","url":"https:\/\/groupeproexpo.com\/salonfadoq\/mot-du-president-2\/","name":"Mot du pr\u00e9sident aux exposants - Le Salon FADOQ 50 ans+","isPartOf":{"@id":"https:\/\/groupeproexpo.com\/salonfadoq\/#website"},"primaryImageOfPage":{"@id":"https:\/\/groupeproexpo.com\/salonfadoq\/mot-du-president-2\/#primaryimage"},"image":{"@id":"https:\/\/groupeproexpo.com\/salonfadoq\/mot-du-president-2\/#primaryimage"},"thumbnailUrl":"http:\/\/groupeproexpo.com\/salonfadoq\/wp-content\/uploads\/sites\/8\/2017\/11\/Logo_fadoq_170-150x150.jpg","datePublished":"2017-11-19T19:44:47+00:00","dateModified":"2025-02-01T16:00:31+00:00","breadcrumb":{"@id":"https:\/\/groupeproexpo.com\/salonfadoq\/mot-du-president-2\/#breadcrumb"},"inLanguage":"fr-FR","potentialAction":[{"@type":"ReadAction","target":["https:\/\/groupeproexpo.com\/salonfadoq\/mot-du-president-2\/"]}]},{"@type":"ImageObject","inLanguage":"fr-FR","@id":"https:\/\/groupeproexpo.com\/salonfadoq\/mot-du-president-2\/#primaryimage","url":"http:\/\/groupeproexpo.com\/salonfadoq\/wp-content\/uploads\/sites\/8\/2017\/11\/Logo_fadoq_170-150x150.jpg","contentUrl":"http:\/\/groupeproexpo.com\/salonfadoq\/wp-content\/uploads\/sites\/8\/2017\/11\/Logo_fadoq_170-150x150.jpg"},{"@type":"BreadcrumbList","@id":"https:\/\/groupeproexpo.com\/salonfadoq\/mot-du-president-2\/#breadcrumb","itemListElement":[{"@type":"ListItem","position":1,"name":"Accueil","item":"https:\/\/groupeproexpo.com\/salonfadoq\/"},{"@type":"ListItem","position":2,"name":"Mot du pr\u00e9sident aux exposants"}]},{"@type":"WebSite","@id":"https:\/\/groupeproexpo.com\/salonfadoq\/#website","url":"https:\/\/groupeproexpo.com\/salonfadoq\/","name":"Le Salon FADOQ 50 ans+","description":"16 au 18 octobre 2026","potentialAction":[{"@type":"SearchAction","target":{"@type":"EntryPoint","urlTemplate":"https:\/\/groupeproexpo.com\/salonfadoq\/?s={search_term_string}"},"query-input":{"@type":"PropertyValueSpecification","valueRequired":true,"valueName":"search_term_string"}}],"inLanguage":"fr-FR"}]}},"_links":{"self":[{"href":"https:\/\/groupeproexpo.com\/salonfadoq\/wp-json\/wp\/v2\/pages\/131","targetHints":{"allow":["GET"]}}],"collection":[{"href":"https:\/\/groupeproexpo.com\/salonfadoq\/wp-json\/wp\/v2\/pages"}],"about":[{"href":"https:\/\/groupeproexpo.com\/salonfadoq\/wp-json\/wp\/v2\/types\/page"}],"author":[{"embeddable":true,"href":"https:\/\/groupeproexpo.com\/salonfadoq\/wp-json\/wp\/v2\/users\/1"}],"replies":[{"embeddable":true,"href":"https:\/\/groupeproexpo.com\/salonfadoq\/wp-json\/wp\/v2\/comments?post=131"}],"version-history":[{"count":16,"href":"https:\/\/groupeproexpo.com\/salonfadoq\/wp-json\/wp\/v2\/pages\/131\/revisions"}],"predecessor-version":[{"id":1127,"href":"https:\/\/groupeproexpo.com\/salonfadoq\/wp-json\/wp\/v2\/pages\/131\/revisions\/1127"}],"wp:attachment":[{"href":"https:\/\/groupeproexpo.com\/salonfadoq\/wp-json\/wp\/v2\/media?parent=131"}],"curies":[{"name":"wp","href":"https:\/\/api.w.org\/{rel}","templated":true}]}}