{"id":58,"date":"2017-11-19T13:53:54","date_gmt":"2017-11-19T18:53:54","guid":{"rendered":"http:\/\/groupeproexpo.com\/fadoq\/?page_id=58"},"modified":"2025-11-24T11:49:16","modified_gmt":"2025-11-24T16:49:16","slug":"dates-heures-douverture","status":"publish","type":"page","link":"https:\/\/groupeproexpo.com\/salonfadoq\/dates-heures-douverture\/","title":{"rendered":"Dates et heures d&rsquo;ouverture"},"content":{"rendered":"<ul>\n<li><strong>Vendredi <\/strong>16 octobre 2026 &#8211; 9h30 \u00e0 16h30<\/li>\n<li><strong>Samedi <\/strong>17 octobre 2026 &#8211; 9h30 \u00e0 16h30<\/li>\n<li><strong>Dimanche <\/strong>18 octobre 2026 &#8211; 10h00 \u00e0 16h00<\/li>\n<\/ul>\n","protected":false},"excerpt":{"rendered":"<div class=\"mh-excerpt\"><p>Vendredi 16 octobre 2026 &#8211; 9h30 \u00e0 16h30 Samedi 17 octobre 2026 &#8211; 9h30 \u00e0 16h30 Dimanche 18 octobre 2026 &#8211; 10h00 \u00e0 16h00<\/p>\n<\/div>","protected":false},"author":1,"featured_media":0,"parent":0,"menu_order":0,"comment_status":"closed","ping_status":"closed","template":"","meta":{"ngg_post_thumbnail":0,"footnotes":""},"class_list":["post-58","page","type-page","status-publish","hentry"],"yoast_head":"<!-- This site is optimized with the Yoast SEO plugin v24.4 - https:\/\/yoast.com\/wordpress\/plugins\/seo\/ -->\n<title>Dates et heures d&#039;ouverture - Le Salon FADOQ 50 ans+<\/title>\n<meta name=\"robots\" content=\"index, follow, max-snippet:-1, max-image-preview:large, max-video-preview:-1\" \/>\n<link rel=\"canonical\" href=\"https:\/\/groupeproexpo.com\/salonfadoq\/dates-heures-douverture\/\" \/>\n<meta property=\"og:locale\" content=\"fr_FR\" \/>\n<meta property=\"og:type\" content=\"article\" \/>\n<meta property=\"og:title\" content=\"Dates et heures d&#039;ouverture - Le Salon FADOQ 50 ans+\" \/>\n<meta property=\"og:description\" content=\"Vendredi 16 octobre 2026 &#8211; 9h30 \u00e0 16h30 Samedi 17 octobre 2026 &#8211; 9h30 \u00e0 16h30 Dimanche 18 octobre 2026 &#8211; 10h00 \u00e0 16h00\" \/>\n<meta property=\"og:url\" content=\"https:\/\/groupeproexpo.com\/salonfadoq\/dates-heures-douverture\/\" \/>\n<meta property=\"og:site_name\" content=\"Le Salon FADOQ 50 ans+\" \/>\n<meta property=\"article:modified_time\" content=\"2025-11-24T16:49:16+00:00\" \/>\n<meta name=\"twitter:card\" content=\"summary_large_image\" \/>\n<meta name=\"twitter:label1\" content=\"Dur\u00e9e de lecture estim\u00e9e\" \/>\n\t<meta name=\"twitter:data1\" content=\"1 minute\" \/>\n<script type=\"application\/ld+json\" class=\"yoast-schema-graph\">{\"@context\":\"https:\/\/schema.org\",\"@graph\":[{\"@type\":\"WebPage\",\"@id\":\"https:\/\/groupeproexpo.com\/salonfadoq\/dates-heures-douverture\/\",\"url\":\"https:\/\/groupeproexpo.com\/salonfadoq\/dates-heures-douverture\/\",\"name\":\"Dates et heures d'ouverture - Le Salon FADOQ 50 ans+\",\"isPartOf\":{\"@id\":\"https:\/\/groupeproexpo.com\/salonfadoq\/#website\"},\"datePublished\":\"2017-11-19T18:53:54+00:00\",\"dateModified\":\"2025-11-24T16:49:16+00:00\",\"breadcrumb\":{\"@id\":\"https:\/\/groupeproexpo.com\/salonfadoq\/dates-heures-douverture\/#breadcrumb\"},\"inLanguage\":\"fr-FR\",\"potentialAction\":[{\"@type\":\"ReadAction\",\"target\":[\"https:\/\/groupeproexpo.com\/salonfadoq\/dates-heures-douverture\/\"]}]},{\"@type\":\"BreadcrumbList\",\"@id\":\"https:\/\/groupeproexpo.com\/salonfadoq\/dates-heures-douverture\/#breadcrumb\",\"itemListElement\":[{\"@type\":\"ListItem\",\"position\":1,\"name\":\"Accueil\",\"item\":\"https:\/\/groupeproexpo.com\/salonfadoq\/\"},{\"@type\":\"ListItem\",\"position\":2,\"name\":\"Dates et heures d&rsquo;ouverture\"}]},{\"@type\":\"WebSite\",\"@id\":\"https:\/\/groupeproexpo.com\/salonfadoq\/#website\",\"url\":\"https:\/\/groupeproexpo.com\/salonfadoq\/\",\"name\":\"Le Salon FADOQ 50 ans+\",\"description\":\"16 au 18 octobre 2026\",\"potentialAction\":[{\"@type\":\"SearchAction\",\"target\":{\"@type\":\"EntryPoint\",\"urlTemplate\":\"https:\/\/groupeproexpo.com\/salonfadoq\/?s={search_term_string}\"},\"query-input\":{\"@type\":\"PropertyValueSpecification\",\"valueRequired\":true,\"valueName\":\"search_term_string\"}}],\"inLanguage\":\"fr-FR\"}]}<\/script>\n<!-- \/ Yoast SEO plugin. -->","yoast_head_json":{"title":"Dates et heures d'ouverture - Le Salon FADOQ 50 ans+","robots":{"index":"index","follow":"follow","max-snippet":"max-snippet:-1","max-image-preview":"max-image-preview:large","max-video-preview":"max-video-preview:-1"},"canonical":"https:\/\/groupeproexpo.com\/salonfadoq\/dates-heures-douverture\/","og_locale":"fr_FR","og_type":"article","og_title":"Dates et heures d'ouverture - Le Salon FADOQ 50 ans+","og_description":"Vendredi 16 octobre 2026 &#8211; 9h30 \u00e0 16h30 Samedi 17 octobre 2026 &#8211; 9h30 \u00e0 16h30 Dimanche 18 octobre 2026 &#8211; 10h00 \u00e0 16h00","og_url":"https:\/\/groupeproexpo.com\/salonfadoq\/dates-heures-douverture\/","og_site_name":"Le Salon FADOQ 50 ans+","article_modified_time":"2025-11-24T16:49:16+00:00","twitter_card":"summary_large_image","twitter_misc":{"Dur\u00e9e de lecture estim\u00e9e":"1 minute"},"schema":{"@context":"https:\/\/schema.org","@graph":[{"@type":"WebPage","@id":"https:\/\/groupeproexpo.com\/salonfadoq\/dates-heures-douverture\/","url":"https:\/\/groupeproexpo.com\/salonfadoq\/dates-heures-douverture\/","name":"Dates et heures d'ouverture - Le Salon FADOQ 50 ans+","isPartOf":{"@id":"https:\/\/groupeproexpo.com\/salonfadoq\/#website"},"datePublished":"2017-11-19T18:53:54+00:00","dateModified":"2025-11-24T16:49:16+00:00","breadcrumb":{"@id":"https:\/\/groupeproexpo.com\/salonfadoq\/dates-heures-douverture\/#breadcrumb"},"inLanguage":"fr-FR","potentialAction":[{"@type":"ReadAction","target":["https:\/\/groupeproexpo.com\/salonfadoq\/dates-heures-douverture\/"]}]},{"@type":"BreadcrumbList","@id":"https:\/\/groupeproexpo.com\/salonfadoq\/dates-heures-douverture\/#breadcrumb","itemListElement":[{"@type":"ListItem","position":1,"name":"Accueil","item":"https:\/\/groupeproexpo.com\/salonfadoq\/"},{"@type":"ListItem","position":2,"name":"Dates et heures d&rsquo;ouverture"}]},{"@type":"WebSite","@id":"https:\/\/groupeproexpo.com\/salonfadoq\/#website","url":"https:\/\/groupeproexpo.com\/salonfadoq\/","name":"Le Salon FADOQ 50 ans+","description":"16 au 18 octobre 2026","potentialAction":[{"@type":"SearchAction","target":{"@type":"EntryPoint","urlTemplate":"https:\/\/groupeproexpo.com\/salonfadoq\/?s={search_term_string}"},"query-input":{"@type":"PropertyValueSpecification","valueRequired":true,"valueName":"search_term_string"}}],"inLanguage":"fr-FR"}]}},"_links":{"self":[{"href":"https:\/\/groupeproexpo.com\/salonfadoq\/wp-json\/wp\/v2\/pages\/58","targetHints":{"allow":["GET"]}}],"collection":[{"href":"https:\/\/groupeproexpo.com\/salonfadoq\/wp-json\/wp\/v2\/pages"}],"about":[{"href":"https:\/\/groupeproexpo.com\/salonfadoq\/wp-json\/wp\/v2\/types\/page"}],"author":[{"embeddable":true,"href":"https:\/\/groupeproexpo.com\/salonfadoq\/wp-json\/wp\/v2\/users\/1"}],"replies":[{"embeddable":true,"href":"https:\/\/groupeproexpo.com\/salonfadoq\/wp-json\/wp\/v2\/comments?post=58"}],"version-history":[{"count":14,"href":"https:\/\/groupeproexpo.com\/salonfadoq\/wp-json\/wp\/v2\/pages\/58\/revisions"}],"predecessor-version":[{"id":1250,"href":"https:\/\/groupeproexpo.com\/salonfadoq\/wp-json\/wp\/v2\/pages\/58\/revisions\/1250"}],"wp:attachment":[{"href":"https:\/\/groupeproexpo.com\/salonfadoq\/wp-json\/wp\/v2\/media?parent=58"}],"curies":[{"name":"wp","href":"https:\/\/api.w.org\/{rel}","templated":true}]}}