{"id":69,"date":"2017-11-19T13:56:40","date_gmt":"2017-11-19T18:56:40","guid":{"rendered":"http:\/\/groupeproexpo.com\/fadoq\/?page_id=69"},"modified":"2025-02-01T10:59:00","modified_gmt":"2025-02-01T15:59:00","slug":"mot-du-president","status":"publish","type":"page","link":"https:\/\/groupeproexpo.com\/salonfadoq\/mot-du-president\/","title":{"rendered":"Mot du pr\u00e9sident"},"content":{"rendered":"<p>La FADOQ, une place de choix en 2025,<\/p>\n<p>La douzi\u00e8me \u00e9dition&nbsp;<em>du Salon FADOQ 50 ans+<\/em>&nbsp;R\u00e9gions de Qu\u00e9bec et Chaudi\u00e8re-Appalaches se tiendra les 17,18 et 19 octobre prochain au Centre de foires de Qu\u00e9bec. La FADOQ occupe tr\u00e8s certainement une place de choix dans notre vie de tous les jours. \u00c0 ce Salon FADOQ, \u00e9dition 2025, nous serons tous, b\u00e9n\u00e9voles, administrateurs et membres du bureau r\u00e9gional, heureux de vous y retrouver et de vous y accueillir.<\/p>\n<p>En effet, des sujets qui sont v\u00f4tres, des sujets qui vous pr\u00e9occupent et qui visent entre autres \u00e0 am\u00e9liorer votre qualit\u00e9 de vie, voil\u00e0 l\u2019engagement pris par la FADOQ envers ses membres. Ce sera l\u2019occasion, pour nous tous, d\u2019\u00e9changer l\u2019information touchant des th\u00e8mes de votre r\u00e9alit\u00e9 comme le logement, la sant\u00e9, les loisirs et plusieurs autres.<\/p>\n<p>Au-del\u00e0 de la qualit\u00e9, de la vari\u00e9t\u00e9 de nos exposants et des kiosques pr\u00e9sents, vous profiterez d\u2019une multitude de conf\u00e9rences plus int\u00e9ressantes les unes que les autres. Nous souhaitons qu\u2019elles sachent objectivement r\u00e9pondre le plus ad\u00e9quatement possible \u00e0 vos questionnements. Des moments de divertissements sont aussi \u00e0 l\u2019horaire afin de vous offrir un temps de r\u00e9pit et de joie de vivre, l\u2019espace de quelques heures.<\/p>\n<p>Les b\u00e9n\u00e9voles, administrateurs et membres de notre bureau r\u00e9gional se feront un plaisir de vous renseigner sur l\u2019organisation et sur les modalit\u00e9s \u00e0 compl\u00e9ter pour devenir membre. La carte de membre FADOQ vous permettra de joindre pr\u00e8s de 565&nbsp;000 a\u00een\u00e9s(es) \u00e0 travers le Qu\u00e9bec dont plus de 105&nbsp;000 dans les R\u00e9gions de Qu\u00e9bec et Chaudi\u00e8re-Appalaches. Votre voix s\u2019ajoutera \u00e0 celle des autres voix du R\u00e9seau FADOQ. Rappelons que notre mission est de vous repr\u00e9senter, de faire la promotion et la d\u00e9fense de vos droits, une priorit\u00e9 pour s\u00fbr.<\/p>\n<p>De plus, sachez que votre adh\u00e9sion comporte de nombreux b\u00e9n\u00e9fices sous forme de rabais. Ils sont offerts par pr\u00e8s de 1000 fournisseurs \u00e0 la grandeur du Qu\u00e9bec. Gr\u00e2ce \u00e0 la g\u00e9olocalisation incluse \u00e0 l\u2019application mobile, vous pourrez largement en profiter.<\/p>\n<p>Je vous rappelle que ce salon vous est offert gratuitement gr\u00e2ce \u00e0 la collaboration de g\u00e9n\u00e9reux et fid\u00e8les partenaires. Merci \u00e0 eux.<\/p>\n<p>Bonne visite \u00e0 vous.<\/p>\n<p>Soyez les bienvenus \u00e0 votre salon FADOQ et au plaisir de vous y rencontrer<\/p>\n<p>&nbsp;<\/p>\n<p><img loading=\"lazy\" decoding=\"async\" class=\"alignnone wp-image-727\" src=\"http:\/\/groupeproexpo.com\/salonfadoq\/wp-content\/uploads\/sites\/8\/2021\/12\/Guy-Bonneau-240x300.jpg\" alt=\"\" width=\"150\" height=\"188\" srcset=\"https:\/\/groupeproexpo.com\/salonfadoq\/wp-content\/uploads\/sites\/8\/2021\/12\/Guy-Bonneau-240x300.jpg 240w, https:\/\/groupeproexpo.com\/salonfadoq\/wp-content\/uploads\/sites\/8\/2021\/12\/Guy-Bonneau-768x960.jpg 768w, https:\/\/groupeproexpo.com\/salonfadoq\/wp-content\/uploads\/sites\/8\/2021\/12\/Guy-Bonneau-819x1024.jpg 819w\" sizes=\"auto, (max-width: 150px) 100vw, 150px\" \/><\/p>\n<p>Guy Bonneau, Pr\u00e9sident<\/p>\n<p>FADOQ, RQCA.<\/p>\n<p>&nbsp;<\/p>\n","protected":false},"excerpt":{"rendered":"<div class=\"mh-excerpt\"><p>La FADOQ, une place de choix en 2025, La douzi\u00e8me \u00e9dition&nbsp;du Salon FADOQ 50 ans+&nbsp;R\u00e9gions de Qu\u00e9bec et Chaudi\u00e8re-Appalaches se tiendra les 17,18 et 19 octobre prochain au Centre de foires de Qu\u00e9bec. La FADOQ <a class=\"mh-excerpt-more\" href=\"https:\/\/groupeproexpo.com\/salonfadoq\/mot-du-president\/\" title=\"Mot du pr\u00e9sident\">[&#8230;]<\/a><\/p>\n<\/div>","protected":false},"author":1,"featured_media":0,"parent":0,"menu_order":0,"comment_status":"closed","ping_status":"closed","template":"","meta":{"ngg_post_thumbnail":0,"footnotes":""},"class_list":["post-69","page","type-page","status-publish","hentry"],"yoast_head":"<!-- This site is optimized with the Yoast SEO plugin v24.4 - https:\/\/yoast.com\/wordpress\/plugins\/seo\/ -->\n<title>Mot du pr\u00e9sident - Le Salon FADOQ 50 ans+<\/title>\n<meta name=\"robots\" content=\"index, follow, max-snippet:-1, max-image-preview:large, max-video-preview:-1\" \/>\n<link rel=\"canonical\" href=\"https:\/\/groupeproexpo.com\/salonfadoq\/mot-du-president\/\" \/>\n<meta property=\"og:locale\" content=\"fr_FR\" \/>\n<meta property=\"og:type\" content=\"article\" \/>\n<meta property=\"og:title\" content=\"Mot du pr\u00e9sident - Le Salon FADOQ 50 ans+\" \/>\n<meta property=\"og:description\" content=\"La FADOQ, une place de choix en 2025, La douzi\u00e8me \u00e9dition&nbsp;du Salon FADOQ 50 ans+&nbsp;R\u00e9gions de Qu\u00e9bec et Chaudi\u00e8re-Appalaches se tiendra les 17,18 et 19 octobre prochain au Centre de foires de Qu\u00e9bec. La FADOQ [...]\" \/>\n<meta property=\"og:url\" content=\"https:\/\/groupeproexpo.com\/salonfadoq\/mot-du-president\/\" \/>\n<meta property=\"og:site_name\" content=\"Le Salon FADOQ 50 ans+\" \/>\n<meta property=\"article:modified_time\" content=\"2025-02-01T15:59:00+00:00\" \/>\n<meta property=\"og:image\" content=\"https:\/\/groupeproexpo.com\/salonfadoq\/wp-content\/uploads\/sites\/8\/2021\/12\/Guy-Bonneau-819x1024.jpg\" \/>\n\t<meta property=\"og:image:width\" content=\"819\" \/>\n\t<meta property=\"og:image:height\" content=\"1024\" \/>\n\t<meta property=\"og:image:type\" content=\"image\/jpeg\" \/>\n<meta name=\"twitter:card\" content=\"summary_large_image\" \/>\n<meta name=\"twitter:label1\" content=\"Dur\u00e9e de lecture estim\u00e9e\" \/>\n\t<meta name=\"twitter:data1\" content=\"2 minutes\" \/>\n<script type=\"application\/ld+json\" class=\"yoast-schema-graph\">{\"@context\":\"https:\/\/schema.org\",\"@graph\":[{\"@type\":\"WebPage\",\"@id\":\"https:\/\/groupeproexpo.com\/salonfadoq\/mot-du-president\/\",\"url\":\"https:\/\/groupeproexpo.com\/salonfadoq\/mot-du-president\/\",\"name\":\"Mot du pr\u00e9sident - Le Salon FADOQ 50 ans+\",\"isPartOf\":{\"@id\":\"https:\/\/groupeproexpo.com\/salonfadoq\/#website\"},\"primaryImageOfPage\":{\"@id\":\"https:\/\/groupeproexpo.com\/salonfadoq\/mot-du-president\/#primaryimage\"},\"image\":{\"@id\":\"https:\/\/groupeproexpo.com\/salonfadoq\/mot-du-president\/#primaryimage\"},\"thumbnailUrl\":\"http:\/\/groupeproexpo.com\/salonfadoq\/wp-content\/uploads\/sites\/8\/2021\/12\/Guy-Bonneau-240x300.jpg\",\"datePublished\":\"2017-11-19T18:56:40+00:00\",\"dateModified\":\"2025-02-01T15:59:00+00:00\",\"breadcrumb\":{\"@id\":\"https:\/\/groupeproexpo.com\/salonfadoq\/mot-du-president\/#breadcrumb\"},\"inLanguage\":\"fr-FR\",\"potentialAction\":[{\"@type\":\"ReadAction\",\"target\":[\"https:\/\/groupeproexpo.com\/salonfadoq\/mot-du-president\/\"]}]},{\"@type\":\"ImageObject\",\"inLanguage\":\"fr-FR\",\"@id\":\"https:\/\/groupeproexpo.com\/salonfadoq\/mot-du-president\/#primaryimage\",\"url\":\"http:\/\/groupeproexpo.com\/salonfadoq\/wp-content\/uploads\/sites\/8\/2021\/12\/Guy-Bonneau-240x300.jpg\",\"contentUrl\":\"http:\/\/groupeproexpo.com\/salonfadoq\/wp-content\/uploads\/sites\/8\/2021\/12\/Guy-Bonneau-240x300.jpg\"},{\"@type\":\"BreadcrumbList\",\"@id\":\"https:\/\/groupeproexpo.com\/salonfadoq\/mot-du-president\/#breadcrumb\",\"itemListElement\":[{\"@type\":\"ListItem\",\"position\":1,\"name\":\"Accueil\",\"item\":\"https:\/\/groupeproexpo.com\/salonfadoq\/\"},{\"@type\":\"ListItem\",\"position\":2,\"name\":\"Mot du pr\u00e9sident\"}]},{\"@type\":\"WebSite\",\"@id\":\"https:\/\/groupeproexpo.com\/salonfadoq\/#website\",\"url\":\"https:\/\/groupeproexpo.com\/salonfadoq\/\",\"name\":\"Le Salon FADOQ 50 ans+\",\"description\":\"16 au 18 octobre 2026\",\"potentialAction\":[{\"@type\":\"SearchAction\",\"target\":{\"@type\":\"EntryPoint\",\"urlTemplate\":\"https:\/\/groupeproexpo.com\/salonfadoq\/?s={search_term_string}\"},\"query-input\":{\"@type\":\"PropertyValueSpecification\",\"valueRequired\":true,\"valueName\":\"search_term_string\"}}],\"inLanguage\":\"fr-FR\"}]}<\/script>\n<!-- \/ Yoast SEO plugin. -->","yoast_head_json":{"title":"Mot du pr\u00e9sident - Le Salon FADOQ 50 ans+","robots":{"index":"index","follow":"follow","max-snippet":"max-snippet:-1","max-image-preview":"max-image-preview:large","max-video-preview":"max-video-preview:-1"},"canonical":"https:\/\/groupeproexpo.com\/salonfadoq\/mot-du-president\/","og_locale":"fr_FR","og_type":"article","og_title":"Mot du pr\u00e9sident - Le Salon FADOQ 50 ans+","og_description":"La FADOQ, une place de choix en 2025, La douzi\u00e8me \u00e9dition&nbsp;du Salon FADOQ 50 ans+&nbsp;R\u00e9gions de Qu\u00e9bec et Chaudi\u00e8re-Appalaches se tiendra les 17,18 et 19 octobre prochain au Centre de foires de Qu\u00e9bec. La FADOQ [...]","og_url":"https:\/\/groupeproexpo.com\/salonfadoq\/mot-du-president\/","og_site_name":"Le Salon FADOQ 50 ans+","article_modified_time":"2025-02-01T15:59:00+00:00","og_image":[{"width":819,"height":1024,"url":"https:\/\/groupeproexpo.com\/salonfadoq\/wp-content\/uploads\/sites\/8\/2021\/12\/Guy-Bonneau-819x1024.jpg","type":"image\/jpeg"}],"twitter_card":"summary_large_image","twitter_misc":{"Dur\u00e9e de lecture estim\u00e9e":"2 minutes"},"schema":{"@context":"https:\/\/schema.org","@graph":[{"@type":"WebPage","@id":"https:\/\/groupeproexpo.com\/salonfadoq\/mot-du-president\/","url":"https:\/\/groupeproexpo.com\/salonfadoq\/mot-du-president\/","name":"Mot du pr\u00e9sident - Le Salon FADOQ 50 ans+","isPartOf":{"@id":"https:\/\/groupeproexpo.com\/salonfadoq\/#website"},"primaryImageOfPage":{"@id":"https:\/\/groupeproexpo.com\/salonfadoq\/mot-du-president\/#primaryimage"},"image":{"@id":"https:\/\/groupeproexpo.com\/salonfadoq\/mot-du-president\/#primaryimage"},"thumbnailUrl":"http:\/\/groupeproexpo.com\/salonfadoq\/wp-content\/uploads\/sites\/8\/2021\/12\/Guy-Bonneau-240x300.jpg","datePublished":"2017-11-19T18:56:40+00:00","dateModified":"2025-02-01T15:59:00+00:00","breadcrumb":{"@id":"https:\/\/groupeproexpo.com\/salonfadoq\/mot-du-president\/#breadcrumb"},"inLanguage":"fr-FR","potentialAction":[{"@type":"ReadAction","target":["https:\/\/groupeproexpo.com\/salonfadoq\/mot-du-president\/"]}]},{"@type":"ImageObject","inLanguage":"fr-FR","@id":"https:\/\/groupeproexpo.com\/salonfadoq\/mot-du-president\/#primaryimage","url":"http:\/\/groupeproexpo.com\/salonfadoq\/wp-content\/uploads\/sites\/8\/2021\/12\/Guy-Bonneau-240x300.jpg","contentUrl":"http:\/\/groupeproexpo.com\/salonfadoq\/wp-content\/uploads\/sites\/8\/2021\/12\/Guy-Bonneau-240x300.jpg"},{"@type":"BreadcrumbList","@id":"https:\/\/groupeproexpo.com\/salonfadoq\/mot-du-president\/#breadcrumb","itemListElement":[{"@type":"ListItem","position":1,"name":"Accueil","item":"https:\/\/groupeproexpo.com\/salonfadoq\/"},{"@type":"ListItem","position":2,"name":"Mot du pr\u00e9sident"}]},{"@type":"WebSite","@id":"https:\/\/groupeproexpo.com\/salonfadoq\/#website","url":"https:\/\/groupeproexpo.com\/salonfadoq\/","name":"Le Salon FADOQ 50 ans+","description":"16 au 18 octobre 2026","potentialAction":[{"@type":"SearchAction","target":{"@type":"EntryPoint","urlTemplate":"https:\/\/groupeproexpo.com\/salonfadoq\/?s={search_term_string}"},"query-input":{"@type":"PropertyValueSpecification","valueRequired":true,"valueName":"search_term_string"}}],"inLanguage":"fr-FR"}]}},"_links":{"self":[{"href":"https:\/\/groupeproexpo.com\/salonfadoq\/wp-json\/wp\/v2\/pages\/69","targetHints":{"allow":["GET"]}}],"collection":[{"href":"https:\/\/groupeproexpo.com\/salonfadoq\/wp-json\/wp\/v2\/pages"}],"about":[{"href":"https:\/\/groupeproexpo.com\/salonfadoq\/wp-json\/wp\/v2\/types\/page"}],"author":[{"embeddable":true,"href":"https:\/\/groupeproexpo.com\/salonfadoq\/wp-json\/wp\/v2\/users\/1"}],"replies":[{"embeddable":true,"href":"https:\/\/groupeproexpo.com\/salonfadoq\/wp-json\/wp\/v2\/comments?post=69"}],"version-history":[{"count":24,"href":"https:\/\/groupeproexpo.com\/salonfadoq\/wp-json\/wp\/v2\/pages\/69\/revisions"}],"predecessor-version":[{"id":1125,"href":"https:\/\/groupeproexpo.com\/salonfadoq\/wp-json\/wp\/v2\/pages\/69\/revisions\/1125"}],"wp:attachment":[{"href":"https:\/\/groupeproexpo.com\/salonfadoq\/wp-json\/wp\/v2\/media?parent=69"}],"curies":[{"name":"wp","href":"https:\/\/api.w.org\/{rel}","templated":true}]}}