{"id":875,"date":"2023-03-28T16:20:24","date_gmt":"2023-03-28T20:20:24","guid":{"rendered":"http:\/\/groupeproexpo.com\/salonfadoq\/?page_id=875"},"modified":"2025-02-24T10:11:16","modified_gmt":"2025-02-24T15:11:16","slug":"emploi","status":"publish","type":"page","link":"https:\/\/groupeproexpo.com\/salonfadoq\/emploi\/","title":{"rendered":"Emploi"},"content":{"rendered":"<p>Vous \u00eates une personne retrait\u00e9e ou de plus de 50 ans qui souhaite se trouver un nouvel emploi ou r\u00e9int\u00e9grer le march\u00e9 du travail ? Si oui, nous avons un \u00e9v\u00e9nement passionnant pour vous! La FADOQ s\u2019est associ\u00e9 avec l\u2019APE afin de pr\u00e9senter la Zone emploi 50 ans + au prochain Salon de la FADOQ.<\/p>\n<p>&nbsp;<\/p>\n<p>Que vous soyez \u00e0 la recherche d\u2019un emploi \u00e0 temps plein ou \u00e0 temps partiel, d\u2019un poste temporaire ou permanent ou d\u2019un changement de carri\u00e8re, ce salon de l\u2019emploi est l\u2019occasion id\u00e9ale d\u2019explorer vos options et de rencontrer des employeurs potentiels de choix.<\/p>\n<p>&nbsp;<\/p>\n<p>Vous aurez la chance de discuter avec des entreprises de divers secteurs. Ils sont impatients de rencontrer des travailleurs exp\u00e9riment\u00e9s qui peuvent apporter des comp\u00e9tences et de connaissances diversifi\u00e9es \u00e0 leurs entreprises. Ne manquez pas cette occasion de r\u00e9seauter et de trouver un emploi qui correspond \u00e0 vos attentes. Nous vous attendons les 17-18 et 19 octobre prochains au Centre de foires de Qu\u00e9bec!<\/p>\n<p>&nbsp;<\/p>\n<p>Pour en apprendre davantage sur les services offerts par la FADOQ et l\u2019APE, visitez nos sites \u00e0 <a href=\"https:\/\/www.fadoq.ca\/quebec-et-chaudiere-appalaches\/%20\">https:\/\/www.fadoq.ca\/quebec-et-chaudiere-appalaches\/<\/a> et <a href=\"https:\/\/ape.qc.ca\/services-aux-50-ans-et-plus\/\">https:\/\/ape.qc.ca\/services-aux-50-ans-et-plus\/<\/a><\/p>\n<p>&nbsp;<\/p>\n","protected":false},"excerpt":{"rendered":"<div class=\"mh-excerpt\"><p>Vous \u00eates une personne retrait\u00e9e ou de plus de 50 ans qui souhaite se trouver un nouvel emploi ou r\u00e9int\u00e9grer le march\u00e9 du travail ? Si oui, nous avons un \u00e9v\u00e9nement passionnant pour vous! La <a class=\"mh-excerpt-more\" href=\"https:\/\/groupeproexpo.com\/salonfadoq\/emploi\/\" title=\"Emploi\">[&#8230;]<\/a><\/p>\n<\/div>","protected":false},"author":4,"featured_media":0,"parent":0,"menu_order":0,"comment_status":"closed","ping_status":"closed","template":"","meta":{"ngg_post_thumbnail":0,"footnotes":""},"class_list":["post-875","page","type-page","status-publish","hentry"],"yoast_head":"<!-- This site is optimized with the Yoast SEO plugin v24.4 - https:\/\/yoast.com\/wordpress\/plugins\/seo\/ -->\n<title>Emploi - Le Salon FADOQ 50 ans+<\/title>\n<meta name=\"robots\" content=\"index, follow, max-snippet:-1, max-image-preview:large, max-video-preview:-1\" \/>\n<link rel=\"canonical\" href=\"https:\/\/groupeproexpo.com\/salonfadoq\/emploi\/\" \/>\n<meta property=\"og:locale\" content=\"fr_FR\" \/>\n<meta property=\"og:type\" content=\"article\" \/>\n<meta property=\"og:title\" content=\"Emploi - Le Salon FADOQ 50 ans+\" \/>\n<meta property=\"og:description\" content=\"Vous \u00eates une personne retrait\u00e9e ou de plus de 50 ans qui souhaite se trouver un nouvel emploi ou r\u00e9int\u00e9grer le march\u00e9 du travail ? Si oui, nous avons un \u00e9v\u00e9nement passionnant pour vous! La [...]\" \/>\n<meta property=\"og:url\" content=\"https:\/\/groupeproexpo.com\/salonfadoq\/emploi\/\" \/>\n<meta property=\"og:site_name\" content=\"Le Salon FADOQ 50 ans+\" \/>\n<meta property=\"article:modified_time\" content=\"2025-02-24T15:11:16+00:00\" \/>\n<meta name=\"twitter:card\" content=\"summary_large_image\" \/>\n<meta name=\"twitter:label1\" content=\"Dur\u00e9e de lecture estim\u00e9e\" \/>\n\t<meta name=\"twitter:data1\" content=\"1 minute\" \/>\n<script type=\"application\/ld+json\" class=\"yoast-schema-graph\">{\"@context\":\"https:\/\/schema.org\",\"@graph\":[{\"@type\":\"WebPage\",\"@id\":\"https:\/\/groupeproexpo.com\/salonfadoq\/emploi\/\",\"url\":\"https:\/\/groupeproexpo.com\/salonfadoq\/emploi\/\",\"name\":\"Emploi - Le Salon FADOQ 50 ans+\",\"isPartOf\":{\"@id\":\"https:\/\/groupeproexpo.com\/salonfadoq\/#website\"},\"datePublished\":\"2023-03-28T20:20:24+00:00\",\"dateModified\":\"2025-02-24T15:11:16+00:00\",\"breadcrumb\":{\"@id\":\"https:\/\/groupeproexpo.com\/salonfadoq\/emploi\/#breadcrumb\"},\"inLanguage\":\"fr-FR\",\"potentialAction\":[{\"@type\":\"ReadAction\",\"target\":[\"https:\/\/groupeproexpo.com\/salonfadoq\/emploi\/\"]}]},{\"@type\":\"BreadcrumbList\",\"@id\":\"https:\/\/groupeproexpo.com\/salonfadoq\/emploi\/#breadcrumb\",\"itemListElement\":[{\"@type\":\"ListItem\",\"position\":1,\"name\":\"Accueil\",\"item\":\"https:\/\/groupeproexpo.com\/salonfadoq\/\"},{\"@type\":\"ListItem\",\"position\":2,\"name\":\"Emploi\"}]},{\"@type\":\"WebSite\",\"@id\":\"https:\/\/groupeproexpo.com\/salonfadoq\/#website\",\"url\":\"https:\/\/groupeproexpo.com\/salonfadoq\/\",\"name\":\"Le Salon FADOQ 50 ans+\",\"description\":\"16 au 18 octobre 2026\",\"potentialAction\":[{\"@type\":\"SearchAction\",\"target\":{\"@type\":\"EntryPoint\",\"urlTemplate\":\"https:\/\/groupeproexpo.com\/salonfadoq\/?s={search_term_string}\"},\"query-input\":{\"@type\":\"PropertyValueSpecification\",\"valueRequired\":true,\"valueName\":\"search_term_string\"}}],\"inLanguage\":\"fr-FR\"}]}<\/script>\n<!-- \/ Yoast SEO plugin. -->","yoast_head_json":{"title":"Emploi - Le Salon FADOQ 50 ans+","robots":{"index":"index","follow":"follow","max-snippet":"max-snippet:-1","max-image-preview":"max-image-preview:large","max-video-preview":"max-video-preview:-1"},"canonical":"https:\/\/groupeproexpo.com\/salonfadoq\/emploi\/","og_locale":"fr_FR","og_type":"article","og_title":"Emploi - Le Salon FADOQ 50 ans+","og_description":"Vous \u00eates une personne retrait\u00e9e ou de plus de 50 ans qui souhaite se trouver un nouvel emploi ou r\u00e9int\u00e9grer le march\u00e9 du travail ? Si oui, nous avons un \u00e9v\u00e9nement passionnant pour vous! La [...]","og_url":"https:\/\/groupeproexpo.com\/salonfadoq\/emploi\/","og_site_name":"Le Salon FADOQ 50 ans+","article_modified_time":"2025-02-24T15:11:16+00:00","twitter_card":"summary_large_image","twitter_misc":{"Dur\u00e9e de lecture estim\u00e9e":"1 minute"},"schema":{"@context":"https:\/\/schema.org","@graph":[{"@type":"WebPage","@id":"https:\/\/groupeproexpo.com\/salonfadoq\/emploi\/","url":"https:\/\/groupeproexpo.com\/salonfadoq\/emploi\/","name":"Emploi - Le Salon FADOQ 50 ans+","isPartOf":{"@id":"https:\/\/groupeproexpo.com\/salonfadoq\/#website"},"datePublished":"2023-03-28T20:20:24+00:00","dateModified":"2025-02-24T15:11:16+00:00","breadcrumb":{"@id":"https:\/\/groupeproexpo.com\/salonfadoq\/emploi\/#breadcrumb"},"inLanguage":"fr-FR","potentialAction":[{"@type":"ReadAction","target":["https:\/\/groupeproexpo.com\/salonfadoq\/emploi\/"]}]},{"@type":"BreadcrumbList","@id":"https:\/\/groupeproexpo.com\/salonfadoq\/emploi\/#breadcrumb","itemListElement":[{"@type":"ListItem","position":1,"name":"Accueil","item":"https:\/\/groupeproexpo.com\/salonfadoq\/"},{"@type":"ListItem","position":2,"name":"Emploi"}]},{"@type":"WebSite","@id":"https:\/\/groupeproexpo.com\/salonfadoq\/#website","url":"https:\/\/groupeproexpo.com\/salonfadoq\/","name":"Le Salon FADOQ 50 ans+","description":"16 au 18 octobre 2026","potentialAction":[{"@type":"SearchAction","target":{"@type":"EntryPoint","urlTemplate":"https:\/\/groupeproexpo.com\/salonfadoq\/?s={search_term_string}"},"query-input":{"@type":"PropertyValueSpecification","valueRequired":true,"valueName":"search_term_string"}}],"inLanguage":"fr-FR"}]}},"_links":{"self":[{"href":"https:\/\/groupeproexpo.com\/salonfadoq\/wp-json\/wp\/v2\/pages\/875","targetHints":{"allow":["GET"]}}],"collection":[{"href":"https:\/\/groupeproexpo.com\/salonfadoq\/wp-json\/wp\/v2\/pages"}],"about":[{"href":"https:\/\/groupeproexpo.com\/salonfadoq\/wp-json\/wp\/v2\/types\/page"}],"author":[{"embeddable":true,"href":"https:\/\/groupeproexpo.com\/salonfadoq\/wp-json\/wp\/v2\/users\/4"}],"replies":[{"embeddable":true,"href":"https:\/\/groupeproexpo.com\/salonfadoq\/wp-json\/wp\/v2\/comments?post=875"}],"version-history":[{"count":6,"href":"https:\/\/groupeproexpo.com\/salonfadoq\/wp-json\/wp\/v2\/pages\/875\/revisions"}],"predecessor-version":[{"id":1135,"href":"https:\/\/groupeproexpo.com\/salonfadoq\/wp-json\/wp\/v2\/pages\/875\/revisions\/1135"}],"wp:attachment":[{"href":"https:\/\/groupeproexpo.com\/salonfadoq\/wp-json\/wp\/v2\/media?parent=875"}],"curies":[{"name":"wp","href":"https:\/\/api.w.org\/{rel}","templated":true}]}}